{"id":10758,"date":"2021-10-05T11:14:32","date_gmt":"2021-10-05T11:14:32","guid":{"rendered":"https:\/\/www.radiusfuelsolutions.com\/carreiras\/"},"modified":"2023-08-16T18:04:13","modified_gmt":"2023-08-16T18:04:13","slug":"karriere","status":"publish","type":"page","link":"https:\/\/www.radiusfuelsolutions.com\/de\/karriere\/","title":{"rendered":"Karriere"},"content":{"rendered":"<div id=\"block_a47a9694f21847d8eb830d3c2d4200b2\" class=\"overflow-hidden grid grid-cols-1 auto-rows-min lg:grid-cols-1    tone-block tone-band bg-cover bg-center bg-no-repeat  \" style=\"default\">\n    \n    <div class=\"relative card-banner--new\" >\n        <div class=\"z-10 absolute inset-0 card-banner--gradient w-full h-full\"><\/div>\n                    <img width=\"2260\" height=\"935\" decoding=\"async\" class=\"absolute left-0 top-0 w-full h-full object-cover max-w-full wp-image-253755\" src=\"data:image\/svg+xml;base64,PHN2ZyB4bWxucz0iaHR0cDovL3d3dy53My5vcmcvMjAwMC9zdmciIHdpZHRoPSIyMjYwIiBoZWlnaHQ9IjkzNSI+PHJlY3Qgd2lkdGg9IjEwMCUiIGhlaWdodD0iMTAwJSI+PGFuaW1hdGUgYXR0cmlidXRlTmFtZT0iZmlsbCIgdmFsdWVzPSJyZ2JhKDE1MywxNTMsMTUzLDAuNSk7cmdiYSgxNTMsMTUzLDE1MywwLjEpO3JnYmEoMTUzLDE1MywxNTMsMC41KSIgZHVyPSIycyIgcmVwZWF0Q291bnQ9ImluZGVmaW5pdGUiIC8+PC9yZWN0Pjwvc3ZnPg==\" data-public-id=\"radius_fuel_solutions\/Berlin_1-scaled-1_25375582f84\/Berlin_1-scaled-1_25375582f84.jpg\" data-format=\"jpg\" data-transformations=\"f_auto,q_auto\" data-version=\"1690191447\" data-seo=\"1\" data-responsive=\"1\" data-size=\"2260 935\" data-delivery=\"upload\" onload=\";window.CLDBind?CLDBind(this):null;\" data-cloudinary=\"lazy\" \/>\n        \n                <div class=\"relative lg:container z-20 sm:w-full h-full pt-12 pb-10 sm:pt-10 md:pt-14 lg:pt-24 xl:pt-28 sm:pb-10 md:pb-14 lg:pb-24 xl:pb-28\">\n            <div class=\"container\">\n                <div class=\"flex flex-col align-center justify-center text-left text-white\">\n                    <h1 class=\"text-4xl sm:text-5xl xl:text-6xl font-extrabold leading-tight text-left sm:max-w-screen-sm lg:max-w-screen-md mb-4 lg:mb-8\"> Karriere <\/h1> \n                                            <h2 class=\"text-sm sm:text-md md:text-lg xl:text-xl tone__block-headings__block-subtitle font-bold w-full sm:max-w-screen-sm lg:max-w-screen-md mb-4 lg:mb-10\">Unsere Mitarbeiter sind entscheidend f\u00fcr unseren Erfolg bei der Entwicklung innovativer neuer Produkte in einer Reihe st\u00e4ndig wachsender Gesch\u00e4ftsbereiche.  Wir investieren in die Entwicklung unserer Mitarbeiter. In unserem Unternehmen gibt es jede Menge Entwicklungsm\u00f6glichkeiten. Wir unterst\u00fctzen unsere Mitarbeiter, Experten in ihrem jeweiligen T\u00e4tigkeitsbereich zu werden und die Chance zu haben, die F\u00fchrungskr\u00e4fte der Zukunft zu werden. <\/h2>\n                                                                                    <div class=\"wp-block-buttons card-banner__button-group single_button w-full flex flex-col justify-start items-start mt-4 lg:mt-10 md:flex-row md:items-start md:justify-start space-x-0 sm:space-x-2\">\n  \n  <div class=\"wp-block-button is-style-primary\">\n    <a class=\"wp-block-button__link inline-flex items-start justify-start flex-row w-full mt-2 sm:w-auto sm:mb-0 shadow-xl md:hover:bg-primary-dark\" href=\"https:\/\/www.radius.com\/careers\/opportunities\/\" target=\"_blank\" rel=\"noopener\">\n      Stellenangebote\n\n      <span class=\"lg:ml-24 md:ml-12 ml-6\">\n        <svg class=\"arrow\" width=\"18px\" viewBox=\"0 0 13 10\">\n          <path d=\"M1,5 L11,5\"><\/path>\n          <polyline points=\"8 1 12 5 8 9\"><\/polyline>\n        <\/svg>\n    <\/span>\n    <\/a>\n  <\/div>\n<\/div>                                    <\/div>\n            <\/div>\n        <\/div>\n\n        <div class=\"h-[10px] absolute z-20 bg-[#E51B22] w-full left-0 bottom-0\"><\/div>\n    <\/div>\n\n    \n<\/div>\n\n<div id=\"block_91bb27b2881ee17b249ebe6263f6e0d6\" class=\"heading-copy tone-block tone-band bg-cover bg-center bg-no-repeat  pt-6 sm:pt-6 md:pt-8 lg:pt-14 xl:pt-16 pb-0\" style=\"\">\n    <div class=\"container \">\n\n            <div class=\"block-headings flex flex-col justify-center items-center   \">\n            \n                                                <h2 as=\"h4\" class=\"block-headings__block-title text-center\">  <\/h2>\n                            \n                            <p as=\"text-lg\" class=\"text-center text-font\">  <\/p> \n            \n            \n                    <\/div>\n    \n            <div class=\"heading-copy__wrapper\">\n            <div class=\"heading-copy__copy\"> <p>F\u00fcr weitere Informationen \u00fcber unsere verschiedenen Abteilungen und offenen Stellen bei Radius klicken Sie bitte auf den untenstehenden Link.<\/p>\n<p>Wir sind immer auf der Suche nach ehrgeizigen, spontanen und sympathischen Menschen, die unser deutsches Team im Verkauf und in anderen Bereichen verst\u00e4rken. Wir bieten eine umfassende Schulung an. Wenn Sie also Interesse haben, in einem wachsenden, dynamischen Unternehmen mit einer einladenden, unterst\u00fctzenden Kultur zu arbeiten, z\u00f6gern Sie nicht, uns zu kontaktieren!<\/p>\n <\/div>\n        <\/div>\n    \n    <\/div>\n\n<\/div>\n\n<div id=\"block_2697fb7062f2b9f928aadb874915ba55\" class=\"cta-banner tone-block tone-band bg-cover bg-center bg-no-repeat  pt-6 sm:pt-6 md:pt-8 lg:pt-14 xl:pt-16 pb-0\" style=\"color: #FFFFFF; \">\n    <div class=\"container \">\n\n    \n        <div class=\"flex flex-col md:flex-row justify-center items-center rounded-[10px] bg-center bg-no-repeat bg-cover py-16\" style=\"background-image: url('https:\/\/res.cloudinary.com\/radius-media\/images\/f_auto,q_auto\/v1692001796\/radius_fuel_solutions\/feature-bg_15415e016c\/feature-bg_15415e016c.jpeg?_i=AA')\">\n                        <div class=\"flex flex-col w-full justify-center items-center\">\n                                                                    <p as=\"text-lg\" class=\"text-center p-0 w-10\/12 lg:w-7\/12 m-0\"> Um mehr \u00fcber unsere verschiedenen Dienstleistungen und Karrierem\u00f6glichkeiten bei Radius zu erfahren, klicken Sie bitte auf den untenstehenden Link, um unsere aktuellen Stellenangebote zu sehen. <\/p>\n                                \n                                    <div class=\"flex flex-col mt-8 space-x-0 space-y-0 sm:flex-row sm:space-x-0 sm:space-y-0\">\n                        \n                        <div class=\"cta-banner__button-group\">\n                            <div class=\"wp-block-buttons flex flex-col justify-center space-y-4 sm:flex-row sm:space-y-0 sm:space-x-2 sm:flex-nowrap\">\n                    <div class=\"wp-block-button is-style-primary\">\n            <a class=\"wp-block-button__link w-full sm:w-auto\" target=\"_blank\" href=\"https:\/\/www.radius.com\/careers\/opportunities\/\" rel=\"noopener\">  Stellenangebote  \n                <span class=\"lg:ml-16 md:ml-8 ml-6\">\n                    <svg class=\"arrow ml-4\" width=\"18px\" viewBox=\"0 0 13 10\">\n                    <path d=\"M1,5 L11,5\"><\/path>\n                    <polyline points=\"8 1 12 5 8 9\"><\/polyline>\n                    <\/svg>\n                <\/span>\n            <\/a>\n        <\/div>\n    <\/div>\n                        <\/div>\n                    <\/div>\n                            <\/div>\n        <\/div>\n\n    <\/div>\n\n    \n\n<\/div>\n\n<div id=\"block_5db8043261600d22ed40f0b12e3e1a3c\" class=\"cards cards-display-row tone-block tone-band bg-cover bg-center bg-no-repeat  pt-8 pb-8 sm:pt-10 sm:pb-10 md:pt-14 md:pb-14 lg:pt-14 lg:pb-14 xl:pt-28 xl:pb-28\" style=\"\">    <div class=\"container \">\n\n            <div class=\"block-headings flex flex-col justify-center items-center justify-between   pb-8 sm:pb-10 md:pb-14 lg:pb-14 xl:pb-28\">\n            \n                                                <h2 as=\"h4\" class=\"block-headings__block-title text-center\"> Brauchen Sie Hilfe? <\/h2>\n                            \n                            <p as=\"text-lg\" class=\"text-center text-font\"> F\u00fcr Fragen stehen wir Ihnen via Kontaktformular, Tel. 030 2758360 oder WhatsApp zur Verf\u00fcgung. <\/p> \n            \n            \n                    <\/div>\n    \n\n    <!-- Start: Cards --> \n    <div class=\"cards__wrapper\" data-cards-per-slide=\"\">\n                                <ul class=\"cards__list list-none p-0 m-0\n             \n            grid grid-cols- gap-8 lg:grid-cols-none lg:auto-cols-fr lg:grid-flow-col lg:gap-x-12 \n             \n              \n               \n            cards__list--has-cropped-images\">\n\n                                                        <li class=\"cards__list-item w-full flex flex-col justify-start items-center  \">\n                        \n                                                    <a class=\"card card--icon rounded-[10px] h-full flex flex-row justify-center items-center lg:flex-col w-full \" href=\"\/de\/kontakt\/\" target=\"\">\n            <div class=\"card__image-wrapper relative flex justify-center items-center h-24 \">\n            <?xml version=\"1.0\" encoding=\"UTF-8\"?>\r\n<svg width=\"80px\" height=\"80px\" viewBox=\"0 0 80 80\" version=\"1.1\" xmlns=\"http:\/\/www.w3.org\/2000\/svg\" xmlns:xlink=\"http:\/\/www.w3.org\/1999\/xlink\">\r\n    <title>Icon<\/title>\r\n    <g id=\"Symbols\" stroke=\"none\" stroke-width=\"1\" fill=\"none\" fill-rule=\"evenodd\" stroke-linecap=\"round\" stroke-linejoin=\"round\">\r\n        <g id=\"Icon\" transform=\"translate(2.000000, 2.000000)\" stroke=\"#FFB71B\" stroke-width=\"3\">\r\n            <g id=\"task-list-question\">\r\n                <circle id=\"Oval\" cx=\"55.6029412\" cy=\"55.6398235\" r=\"20.1176471\"><\/circle>\r\n                <path d=\"M49.3161765,51.8677647 C49.3161765,48.3956804 52.1308569,45.581 55.6029412,45.581 C59.0750254,45.581 61.8897059,48.3956804 61.8897059,51.8677647 C61.8897059,55.339849 59.0750254,58.1545294 55.6029412,58.1545294\" id=\"Shape\"><\/path>\r\n                <path d=\"M55.6029412,65.6986471 C56.297358,65.6986471 56.8602941,66.2615831 56.8602941,66.956 C56.8602941,67.6504169 56.297358,68.2133529 55.6029412,68.2133529 C54.9085243,68.2133529 54.3455882,67.6504169 54.3455882,66.956 C54.3455882,66.2615831 54.9085243,65.6986471 55.6029412,65.6986471\" id=\"Shape\"><\/path>\r\n                <line x1=\"15.3676471\" y1=\"33.0074706\" x2=\"32.9705882\" y2=\"33.0074706\" id=\"Shape\"><\/line>\r\n                <line x1=\"15.3676471\" y1=\"45.581\" x2=\"25.4264706\" y2=\"45.581\" id=\"Shape\"><\/line>\r\n                <line x1=\"15.3676471\" y1=\"58.1545294\" x2=\"25.4264706\" y2=\"58.1545294\" id=\"Shape\"><\/line>\r\n                <path d=\"M30.4558824,75.7574706 L5.30882353,75.7574706 C2.53115611,75.7574706 0.279411765,73.5057262 0.279411765,70.7280588 L0.279411765,17.9192353 C0.279411765,15.1415679 2.53115611,12.8898235 5.30882353,12.8898235 L17.8823529,12.8898235 C17.8823529,5.94565498 23.5117138,0.316294118 30.4558824,0.316294118 C37.4000509,0.316294118 43.0294118,5.94565498 43.0294118,12.8898235 L55.6029412,12.8898235 C58.3806086,12.8898235 60.6323529,15.1415679 60.6323529,17.9192353 L60.6323529,25.4633529\" id=\"Shape\"><\/path>\r\n                <path d=\"M30.4558824,10.3751176 C31.1502992,10.3751176 31.7132353,10.9380537 31.7132353,11.6324706 C31.7132353,12.3268874 31.1502992,12.8898235 30.4558824,12.8898235 C29.7614655,12.8898235 29.1985294,12.3268874 29.1985294,11.6324706 C29.1985294,10.9380537 29.7614655,10.3751176 30.4558824,10.3751176\" id=\"Shape\"><\/path>\r\n            <\/g>\r\n        <\/g>\r\n    <\/g>\r\n<\/svg>\n        <\/div>\n        <div class=\"card__content flex flex-col justify-start items-start flex-grow lg:items-center\">\n                    <div class=\"card__heading-wrapper flex flex-row\">\n                <div class=\"card__heading-icon hidden w-16 h-16\"> <?xml version=\"1.0\" encoding=\"UTF-8\"?>\r\n<svg width=\"80px\" height=\"80px\" viewBox=\"0 0 80 80\" version=\"1.1\" xmlns=\"http:\/\/www.w3.org\/2000\/svg\" xmlns:xlink=\"http:\/\/www.w3.org\/1999\/xlink\">\r\n    <title>Icon<\/title>\r\n    <g id=\"Symbols\" stroke=\"none\" stroke-width=\"1\" fill=\"none\" fill-rule=\"evenodd\" stroke-linecap=\"round\" stroke-linejoin=\"round\">\r\n        <g id=\"Icon\" transform=\"translate(2.000000, 2.000000)\" stroke=\"#FFB71B\" stroke-width=\"3\">\r\n            <g id=\"task-list-question\">\r\n                <circle id=\"Oval\" cx=\"55.6029412\" cy=\"55.6398235\" r=\"20.1176471\"><\/circle>\r\n                <path d=\"M49.3161765,51.8677647 C49.3161765,48.3956804 52.1308569,45.581 55.6029412,45.581 C59.0750254,45.581 61.8897059,48.3956804 61.8897059,51.8677647 C61.8897059,55.339849 59.0750254,58.1545294 55.6029412,58.1545294\" id=\"Shape\"><\/path>\r\n                <path d=\"M55.6029412,65.6986471 C56.297358,65.6986471 56.8602941,66.2615831 56.8602941,66.956 C56.8602941,67.6504169 56.297358,68.2133529 55.6029412,68.2133529 C54.9085243,68.2133529 54.3455882,67.6504169 54.3455882,66.956 C54.3455882,66.2615831 54.9085243,65.6986471 55.6029412,65.6986471\" id=\"Shape\"><\/path>\r\n                <line x1=\"15.3676471\" y1=\"33.0074706\" x2=\"32.9705882\" y2=\"33.0074706\" id=\"Shape\"><\/line>\r\n                <line x1=\"15.3676471\" y1=\"45.581\" x2=\"25.4264706\" y2=\"45.581\" id=\"Shape\"><\/line>\r\n                <line x1=\"15.3676471\" y1=\"58.1545294\" x2=\"25.4264706\" y2=\"58.1545294\" id=\"Shape\"><\/line>\r\n                <path d=\"M30.4558824,75.7574706 L5.30882353,75.7574706 C2.53115611,75.7574706 0.279411765,73.5057262 0.279411765,70.7280588 L0.279411765,17.9192353 C0.279411765,15.1415679 2.53115611,12.8898235 5.30882353,12.8898235 L17.8823529,12.8898235 C17.8823529,5.94565498 23.5117138,0.316294118 30.4558824,0.316294118 C37.4000509,0.316294118 43.0294118,5.94565498 43.0294118,12.8898235 L55.6029412,12.8898235 C58.3806086,12.8898235 60.6323529,15.1415679 60.6323529,17.9192353 L60.6323529,25.4633529\" id=\"Shape\"><\/path>\r\n                <path d=\"M30.4558824,10.3751176 C31.1502992,10.3751176 31.7132353,10.9380537 31.7132353,11.6324706 C31.7132353,12.3268874 31.1502992,12.8898235 30.4558824,12.8898235 C29.7614655,12.8898235 29.1985294,12.3268874 29.1985294,11.6324706 C29.1985294,10.9380537 29.7614655,10.3751176 30.4558824,10.3751176\" id=\"Shape\"><\/path>\r\n            <\/g>\r\n        <\/g>\r\n    <\/g>\r\n<\/svg> <\/div>\n                <h2 class=\"card__heading mb-1 text-lg lg:text-2xl font-semibold text-font m-0 p-0 leading-relaxed\">Noch Fragen?<\/h2>\n            <\/div>\n        \n        \n                    <span class=\"card__cta button button__text-link text-sm lg:text-base\" href=\"\/de\/kontakt\/\" target=\"\"> Kontaktieren Sie uns! <\/span>\n            <\/div>\n    <\/a>\n                        \n                    <\/li>\n                                                                            <li class=\"cards__list-item w-full flex flex-col justify-start items-center  \">\n                        \n                                                    <a class=\"card card--icon rounded-[10px] h-full flex flex-row justify-center items-center lg:flex-col w-full \" href=\"tel:+0302758360\" target=\"\">\n            <div class=\"card__image-wrapper relative flex justify-center items-center h-24 \">\n            <?xml version=\"1.0\" encoding=\"UTF-8\"?>\r\n<svg width=\"73px\" height=\"73px\" viewBox=\"0 0 73 73\" version=\"1.1\" xmlns=\"http:\/\/www.w3.org\/2000\/svg\" xmlns:xlink=\"http:\/\/www.w3.org\/1999\/xlink\">\r\n    <title>Icon<\/title>\r\n    <g id=\"Symbols\" stroke=\"none\" stroke-width=\"1\" fill=\"none\" fill-rule=\"evenodd\" stroke-linecap=\"round\" stroke-linejoin=\"round\">\r\n        <g id=\"Icon\" transform=\"translate(2.000000, 2.000000)\" stroke=\"#FFB71B\" stroke-width=\"3\">\r\n            <path d=\"M35.5617187,66.8232708 L35.592321,66.8446946 C41.0394524,70.3133511 48.1650009,69.5307324 52.7295965,64.9624602 L54.6544798,63.0373783 C55.5159722,62.1763489 56,61.0082112 56,59.7901415 C56,58.5720717 55.5159722,57.403934 54.6544798,56.5429046 L46.5356955,48.4294034 C45.674755,47.567822 44.5067379,47.0837443 43.2887938,47.0837443 C42.0708498,47.0837443 40.9028326,47.567822 40.0418922,48.4294034 L40.0418922,48.4294034 C38.2493644,50.2215748 35.3436768,50.2215748 33.5511491,48.4294034 L20.5696629,35.4435166 C18.7776764,33.6508038 18.7776764,30.7448163 20.5696629,28.9521035 L20.5696629,28.9521035 C21.4311553,28.0910742 21.9151831,26.9229364 21.9151831,25.7048667 C21.9151831,24.4867969 21.4311553,23.3186592 20.5696629,22.4576298 L12.4539388,14.3441286 C10.6614111,12.5519571 7.75572345,12.5519571 5.96319571,14.3441286 L4.03525222,16.2692106 C-0.531558645,20.8350409 -1.31281645,27.9612548 2.15627237,33.4082551 L2.17463373,33.4388605 C11.0682126,46.5985484 22.4017588,57.9311867 35.5617187,66.8232708 L35.5617187,66.8232708 Z\" id=\"Shape\"><\/path>\r\n            <path d=\"M32,23 C39.7319865,23 46,29.2680135 46,37\" id=\"Shape\"><\/path>\r\n            <path d=\"M32,12 C45.8071187,12 57,23.1928813 57,37\" id=\"Shape\"><\/path>\r\n            <path d=\"M32,0 C52.4345357,0 69,16.5654643 69,37\" id=\"Shape\"><\/path>\r\n        <\/g>\r\n    <\/g>\r\n<\/svg>\n        <\/div>\n        <div class=\"card__content flex flex-col justify-start items-start flex-grow lg:items-center\">\n                    <div class=\"card__heading-wrapper flex flex-row\">\n                <div class=\"card__heading-icon hidden w-16 h-16\"> <?xml version=\"1.0\" encoding=\"UTF-8\"?>\r\n<svg width=\"73px\" height=\"73px\" viewBox=\"0 0 73 73\" version=\"1.1\" xmlns=\"http:\/\/www.w3.org\/2000\/svg\" xmlns:xlink=\"http:\/\/www.w3.org\/1999\/xlink\">\r\n    <title>Icon<\/title>\r\n    <g id=\"Symbols\" stroke=\"none\" stroke-width=\"1\" fill=\"none\" fill-rule=\"evenodd\" stroke-linecap=\"round\" stroke-linejoin=\"round\">\r\n        <g id=\"Icon\" transform=\"translate(2.000000, 2.000000)\" stroke=\"#FFB71B\" stroke-width=\"3\">\r\n            <path d=\"M35.5617187,66.8232708 L35.592321,66.8446946 C41.0394524,70.3133511 48.1650009,69.5307324 52.7295965,64.9624602 L54.6544798,63.0373783 C55.5159722,62.1763489 56,61.0082112 56,59.7901415 C56,58.5720717 55.5159722,57.403934 54.6544798,56.5429046 L46.5356955,48.4294034 C45.674755,47.567822 44.5067379,47.0837443 43.2887938,47.0837443 C42.0708498,47.0837443 40.9028326,47.567822 40.0418922,48.4294034 L40.0418922,48.4294034 C38.2493644,50.2215748 35.3436768,50.2215748 33.5511491,48.4294034 L20.5696629,35.4435166 C18.7776764,33.6508038 18.7776764,30.7448163 20.5696629,28.9521035 L20.5696629,28.9521035 C21.4311553,28.0910742 21.9151831,26.9229364 21.9151831,25.7048667 C21.9151831,24.4867969 21.4311553,23.3186592 20.5696629,22.4576298 L12.4539388,14.3441286 C10.6614111,12.5519571 7.75572345,12.5519571 5.96319571,14.3441286 L4.03525222,16.2692106 C-0.531558645,20.8350409 -1.31281645,27.9612548 2.15627237,33.4082551 L2.17463373,33.4388605 C11.0682126,46.5985484 22.4017588,57.9311867 35.5617187,66.8232708 L35.5617187,66.8232708 Z\" id=\"Shape\"><\/path>\r\n            <path d=\"M32,23 C39.7319865,23 46,29.2680135 46,37\" id=\"Shape\"><\/path>\r\n            <path d=\"M32,12 C45.8071187,12 57,23.1928813 57,37\" id=\"Shape\"><\/path>\r\n            <path d=\"M32,0 C52.4345357,0 69,16.5654643 69,37\" id=\"Shape\"><\/path>\r\n        <\/g>\r\n    <\/g>\r\n<\/svg> <\/div>\n                <h2 class=\"card__heading mb-1 text-lg lg:text-2xl font-semibold text-font m-0 p-0 leading-relaxed\">Rufen Sie uns an!<\/h2>\n            <\/div>\n        \n        \n                    <span class=\"card__cta button button__text-link text-sm lg:text-base\" href=\"tel:+0302758360\" target=\"\"> 030 2758360 <\/span>\n            <\/div>\n    <\/a>\n                        \n                    <\/li>\n                                                                            <li class=\"cards__list-item w-full flex flex-col justify-start items-center  \">\n                        \n                                                    <a class=\"card card--icon rounded-[10px] h-full flex flex-row justify-center items-center lg:flex-col w-full \" href=\"https:\/\/wa.me\/49302758360\" target=\"\" rel=\"noopener\">\n            <div class=\"card__image-wrapper relative flex justify-center items-center h-24 \">\n            <?xml version=\"1.0\" encoding=\"UTF-8\"?><svg id=\"a\" xmlns=\"http:\/\/www.w3.org\/2000\/svg\" width=\"77\" height=\"77\" viewBox=\"0 0 448 448\"><path d=\"M380.9,65.1C339,23.1,283.2,0,223.9,0,101.5,0,1.9,99.6,1.9,222c0,39.1,10.2,77.3,29.6,111L0,448l117.7-30.9c32.4,17.7,68.9,27,106.1,27h.1c122.3,0,224.1-99.6,224.1-222,0-59.3-25.2-115-67.1-157ZM223.9,406.7c-33.2,0-65.7-8.9-94-25.7l-6.7-4-69.8,18.3,18.6-68.1-4.4-7c-18.5-29.4-28.2-63.3-28.2-98.2,0-101.7,82.8-184.5,184.6-184.5,49.3,0,95.6,19.2,130.4,54.1s56.2,81.2,56.1,130.5c0,101.8-84.9,184.6-186.6,184.6Zm101.2-138.2c-5.5-2.8-32.8-16.2-37.9-18-5.1-1.9-8.8-2.8-12.5,2.8-3.7,5.6-14.3,18-17.6,21.8-3.2,3.7-6.5,4.2-12,1.4-32.6-16.3-54-29.1-75.5-66-5.7-9.8,5.7-9.1,16.3-30.3,1.8-3.7,.9-6.9-.5-9.7s-12.5-30.1-17.1-41.2c-4.5-10.8-9.1-9.3-12.5-9.5-3.2-.2-6.9-.2-10.6-.2s-9.7,1.4-14.8,6.9c-5.1,5.6-19.4,19-19.4,46.3s19.9,53.7,22.6,57.4c2.8,3.7,39.1,59.7,94.8,83.8,35.2,15.2,49,16.5,66.6,13.9,10.7-1.6,32.8-13.4,37.4-26.4s4.6-24.1,3.2-26.4c-1.3-2.5-5-3.9-10.5-6.6Z\" fill=\"#e51b22\"\/><\/svg>\n        <\/div>\n        <div class=\"card__content flex flex-col justify-start items-start flex-grow lg:items-center\">\n                    <div class=\"card__heading-wrapper flex flex-row\">\n                <div class=\"card__heading-icon hidden w-16 h-16\"> <?xml version=\"1.0\" encoding=\"UTF-8\"?><svg id=\"a\" xmlns=\"http:\/\/www.w3.org\/2000\/svg\" width=\"77\" height=\"77\" viewBox=\"0 0 448 448\"><path d=\"M380.9,65.1C339,23.1,283.2,0,223.9,0,101.5,0,1.9,99.6,1.9,222c0,39.1,10.2,77.3,29.6,111L0,448l117.7-30.9c32.4,17.7,68.9,27,106.1,27h.1c122.3,0,224.1-99.6,224.1-222,0-59.3-25.2-115-67.1-157ZM223.9,406.7c-33.2,0-65.7-8.9-94-25.7l-6.7-4-69.8,18.3,18.6-68.1-4.4-7c-18.5-29.4-28.2-63.3-28.2-98.2,0-101.7,82.8-184.5,184.6-184.5,49.3,0,95.6,19.2,130.4,54.1s56.2,81.2,56.1,130.5c0,101.8-84.9,184.6-186.6,184.6Zm101.2-138.2c-5.5-2.8-32.8-16.2-37.9-18-5.1-1.9-8.8-2.8-12.5,2.8-3.7,5.6-14.3,18-17.6,21.8-3.2,3.7-6.5,4.2-12,1.4-32.6-16.3-54-29.1-75.5-66-5.7-9.8,5.7-9.1,16.3-30.3,1.8-3.7,.9-6.9-.5-9.7s-12.5-30.1-17.1-41.2c-4.5-10.8-9.1-9.3-12.5-9.5-3.2-.2-6.9-.2-10.6-.2s-9.7,1.4-14.8,6.9c-5.1,5.6-19.4,19-19.4,46.3s19.9,53.7,22.6,57.4c2.8,3.7,39.1,59.7,94.8,83.8,35.2,15.2,49,16.5,66.6,13.9,10.7-1.6,32.8-13.4,37.4-26.4s4.6-24.1,3.2-26.4c-1.3-2.5-5-3.9-10.5-6.6Z\" fill=\"#e51b22\"\/><\/svg> <\/div>\n                <h2 class=\"card__heading mb-1 text-lg lg:text-2xl font-semibold text-font m-0 p-0 leading-relaxed\">WhatsApp<\/h2>\n            <\/div>\n        \n        \n                    <span class=\"card__cta button button__text-link text-sm lg:text-base\" href=\"https:\/\/wa.me\/49302758360\" target=\"\"> Senden Sie uns eine Nachricht! <\/span>\n            <\/div>\n    <\/a>\n                        \n                    <\/li>\n                                                <\/ul>\n            <\/div>\n    <!-- End: Cards -->\n\n    <\/div>\n<\/div>","protected":false},"excerpt":{"rendered":"","protected":false},"author":2,"featured_media":0,"parent":0,"menu_order":101,"comment_status":"closed","ping_status":"closed","template":"","meta":{"_cloudinary_featured_overwrite":false,"footnotes":""},"class_list":["post-10758","page","type-page","status-publish","hentry"],"acf":[],"_links":{"self":[{"href":"https:\/\/www.radiusfuelsolutions.com\/de\/wp-json\/wp\/v2\/pages\/10758","targetHints":{"allow":["GET"]}}],"collection":[{"href":"https:\/\/www.radiusfuelsolutions.com\/de\/wp-json\/wp\/v2\/pages"}],"about":[{"href":"https:\/\/www.radiusfuelsolutions.com\/de\/wp-json\/wp\/v2\/types\/page"}],"author":[{"embeddable":true,"href":"https:\/\/www.radiusfuelsolutions.com\/de\/wp-json\/wp\/v2\/users\/2"}],"replies":[{"embeddable":true,"href":"https:\/\/www.radiusfuelsolutions.com\/de\/wp-json\/wp\/v2\/comments?post=10758"}],"version-history":[{"count":11,"href":"https:\/\/www.radiusfuelsolutions.com\/de\/wp-json\/wp\/v2\/pages\/10758\/revisions"}],"predecessor-version":[{"id":377281,"href":"https:\/\/www.radiusfuelsolutions.com\/de\/wp-json\/wp\/v2\/pages\/10758\/revisions\/377281"}],"wp:attachment":[{"href":"https:\/\/www.radiusfuelsolutions.com\/de\/wp-json\/wp\/v2\/media?parent=10758"}],"curies":[{"name":"wp","href":"https:\/\/api.w.org\/{rel}","templated":true}]}}