{"id":13947,"date":"2022-06-29T09:48:24","date_gmt":"2022-06-29T09:48:24","guid":{"rendered":"https:\/\/www.radiusfuelsolutions.com\/?page_id=13947"},"modified":"2022-08-01T12:35:05","modified_gmt":"2022-08-01T12:35:05","slug":"politique-dutilisation-raisonnable","status":"publish","type":"page","link":"https:\/\/www.radiusfuelsolutions.com\/fr-be\/politique-dutilisation-raisonnable\/","title":{"rendered":"Radius Connect Politique d\u2019Utilisation Raisonnable"},"content":{"rendered":"\n<h1 class=\"wp-block-heading\" style=\"font-size:30px\">Radius Connect Politique d\u2019Utilisation Raisonnable<\/h1>\n\n\n\n<p>Il est important pour nous que nos clients re\u00e7oivent un service de qualit\u00e9 et fiable. Notre Politique d\u2019Utilisation Raisonnable vise \u00e0 garantir que les clients b\u00e9n\u00e9ficient d\u2019un niveau constant de service optimal, sans aucune perturbation caus\u00e9e par une utilisation anormale non autoris\u00e9e.<\/p>\n\n\n\n<figure class=\"wp-block-table aligncenter\"><table><tbody><tr><td class=\"has-text-align-left\" data-align=\"left\"><strong>Utilisation raisonnable par mois:<\/strong><\/td><\/tr><tr><td class=\"has-text-align-left\" data-align=\"left\">25GB donn\u00e9es mobiles nationales et dans l\u2019UE<\/td><\/tr><tr><td class=\"has-text-align-left\" data-align=\"left\">2,000 minutes<\/td><\/tr><tr><td class=\"has-text-align-left\" data-align=\"left\">750 Sms<\/td><\/tr><\/tbody><\/table><\/figure>\n\n\n\n<p class=\"has-text-align-left\"><a><\/a>La Politique d\u2019Utilisation Raisonnable s\u2019applique \u00e0 tous les tarifs et forfaits, y compris les offres illimit\u00e9es.<\/p>\n\n\n\n<p class=\"has-text-align-left\">Les volumes de donn\u00e9es mobiles incluent les donn\u00e9es charg\u00e9es et t\u00e9l\u00e9charg\u00e9es.<\/p>\n\n\n\n<p class=\"has-text-align-left\">Veuillez noter que l\u2019utilisation de certaines applications peut d\u00e9passer la Politique d\u2019Utilisation Raisonnable. Vous \u00eates responsable de vous assurer que votre utilisation reste raisonnable et conforme \u00e0 la Politique d\u2019Utilisation Raisonnable et \u00e0 nos Conditions G\u00e9n\u00e9rales.<\/p>\n\n\n\n<p>Par exemple, les utilisations suivantes ne sont pas consid\u00e9r\u00e9es comme normales (par carte SIM)&nbsp;:<\/p>\n\n\n\n<ol class=\"wp-block-list\" type=\"i\"><li>le Client envoie plus de 750 Sms par mois;<\/li><li>le Client envoie r\u00e9guli\u00e8rement des Sms \u00e0 plus de 250 destinataires diff\u00e9rents par mois;<\/li><li>le Client effectue r\u00e9guli\u00e8rement des appels pendant plus de 6 heures par jour et\/ou 30 heures par semaine;<\/li><li>les donn\u00e9es mobiles du Client constituent une charge anormale sur le r\u00e9seau et\/ou peuvent nuire \u00e0 l\u2019exp\u00e9rience d\u2019autres clients.<\/li><\/ol>\n\n\n\n<p>Si nous d\u00e9terminons que vous d\u00e9passez notre Politique d\u2019Utilisation Raisonnable, nous pouvons, entre autres:<\/p>\n\n\n\n<ol class=\"wp-block-list\" type=\"a\"><li>restreindre la fourniture de nos Services Mobiles conform\u00e9ment \u00e0 l\u2019article 10 de nos Conditions G\u00e9n\u00e9rales;<\/li><li>r\u00e9silier notre accord avec vous conform\u00e9ment \u00e0 l\u2019article 11 de nos Conditions G\u00e9n\u00e9rales; ou<\/li><li>r\u00e9cup\u00e9rer toutes les pertes du Client, y compris les co\u00fbts de r\u00e9siliation de r\u00e9seau ou les frais hors forfait \u00e0 payer par vous.<\/li><\/ol>\n\n\n\n<p class=\"has-text-align-center\">Belgian Fuel Card fait partie de<\/p>\n\n\n<div class=\"wp-block-image\">\n<figure class=\"aligncenter size-full\"><img decoding=\"async\" src=\"https:\/\/www.radiusfuelsolutions.com\/app\/uploads\/2022\/08\/radius-fuel-solutions-logo_1395301e37-1.svg\" alt=\"\" class=\"wp-post-13947 wp-image-14259\"\/><\/figure>\n<\/div>\n\n\n<p class=\"has-text-align-center\">Belgian Fuel Card fournit des cartes carburant pour les flottes de v\u00e9hicules, desservant plus d&#8217;un million d&#8217;utilisateurs de cartes dans le monde<\/p>\n","protected":false},"excerpt":{"rendered":"<p>Radius Connect Politique d\u2019Utilisation Raisonnable Il est important pour nous que nos clients re\u00e7oivent un service de qualit\u00e9 et fiable. Notre Politique d\u2019Utilisation Raisonnable vise \u00e0 garantir que les clients b\u00e9n\u00e9ficient d\u2019un niveau constant de service optimal, sans aucune perturbation caus\u00e9e par une utilisation anormale non autoris\u00e9e. Utilisation raisonnable par mois: 25GB donn\u00e9es mobiles nationales &hellip; <a href=\"https:\/\/www.radiusfuelsolutions.com\/fr-be\/politique-dutilisation-raisonnable\/\">Continued<\/a><\/p>\n","protected":false},"author":1,"featured_media":0,"parent":0,"menu_order":0,"comment_status":"closed","ping_status":"closed","template":"","meta":{"_cloudinary_featured_overwrite":false,"footnotes":""},"class_list":["post-13947","page","type-page","status-publish","hentry"],"acf":[],"_links":{"self":[{"href":"https:\/\/www.radiusfuelsolutions.com\/fr-be\/wp-json\/wp\/v2\/pages\/13947","targetHints":{"allow":["GET"]}}],"collection":[{"href":"https:\/\/www.radiusfuelsolutions.com\/fr-be\/wp-json\/wp\/v2\/pages"}],"about":[{"href":"https:\/\/www.radiusfuelsolutions.com\/fr-be\/wp-json\/wp\/v2\/types\/page"}],"author":[{"embeddable":true,"href":"https:\/\/www.radiusfuelsolutions.com\/fr-be\/wp-json\/wp\/v2\/users\/1"}],"replies":[{"embeddable":true,"href":"https:\/\/www.radiusfuelsolutions.com\/fr-be\/wp-json\/wp\/v2\/comments?post=13947"}],"version-history":[{"count":13,"href":"https:\/\/www.radiusfuelsolutions.com\/fr-be\/wp-json\/wp\/v2\/pages\/13947\/revisions"}],"predecessor-version":[{"id":14269,"href":"https:\/\/www.radiusfuelsolutions.com\/fr-be\/wp-json\/wp\/v2\/pages\/13947\/revisions\/14269"}],"wp:attachment":[{"href":"https:\/\/www.radiusfuelsolutions.com\/fr-be\/wp-json\/wp\/v2\/media?parent=13947"}],"curies":[{"name":"wp","href":"https:\/\/api.w.org\/{rel}","templated":true}]}}