{"id":1530040,"date":"2024-04-16T14:57:59","date_gmt":"2024-04-16T14:57:59","guid":{"rendered":"https:\/\/www.radiusfuelsolutions.com\/?page_id=1530040"},"modified":"2024-09-27T12:29:21","modified_gmt":"2024-09-27T12:29:21","slug":"ma-carte-de-radius","status":"publish","type":"page","link":"https:\/\/www.radiusfuelsolutions.com\/fr-be\/guides\/ma-carte-de-radius\/","title":{"rendered":"Radius Velocity"},"content":{"rendered":"<div id=\"block_8112a47976f1f42b875338372be63829\" class=\"hero-banner tone-block tone-band bg-cover bg-center bg-no-repeat  relative flex flex-col justify-center items-center\" style=\" color: #FFFFFF; background-image: url(&quot;https:\/\/www.radiusfuelsolutions.com\/app\/uploads\/2024\/07\/AdobeStock_590942780.png&quot;); \">\n    \n    <div class=\"grid grid-cols-1 auto-rows-auto\">\n        <div class=\"hero-banner__content container flex flex-col justify-center items-center w-full text-center\">\n            \n            <h1 as=\"h3\"> Radius Velocity <\/h1> \n\n            \n            \n            \n                                                <\/div>\n    <\/div>\n\n<\/div>\n\n<div id=\"block_08cc7e16c4651c8f93ef5f7818668d61\" class=\"faqs tone-block tone-band bg-cover bg-center bg-no-repeat  pt-8 sm:pt-10 md:pt-14 lg:pt-14 xl:pt-28 pb-0\" style=\"\">    <div class=\"lg:container \">\n\n        \n    <div class=\"container flex flex-col lg:flex-row text-left bg-grey text-\">\n            <div class=\"faqs__questions flex flex-col  \">\n                  <div class=\"faqs__question-container mb-2 transition-all lg:mb-4 border-[1px] rounded-[10px] border-grey-light p-4 lg:px-6 lg:py-4 cursor-pointer\">\n            <div class=\"question flex flex-row justify-between items-center\">\n              <h2 class=\"font-bold relative block text-lg xl:text-xl\">Qu&#8217;est-ce que Radius Velocity ?<\/h2>\n              <svg class=\"toggle-icon transition-all\" fill=\"currentColor\" height=\"20px\" width=\"20px\" version=\"1.1\" id=\"Layer_1\" xmlns=\"http:\/\/www.w3.org\/2000\/svg\" xmlns:xlink=\"http:\/\/www.w3.org\/1999\/xlink\"\n                viewBox=\"0 0 455 455\" xml:space=\"preserve\">\n              <polygon points=\"455,212.5 242.5,212.5 242.5,0 212.5,0 212.5,212.5 0,212.5 0,242.5 212.5,242.5 212.5,455 242.5,455 242.5,242.5 \n                455,242.5 \"\/>\n              <\/svg>\n            <\/div>\n            <div class=\"answer max-h-0 opacity-0 transition-all overflow-hidden\">\n              <p>La plateforme en ligne <span style=\"text-decoration: underline;\"><span style=\"color: #0000ff;\"><a style=\"color: #0000ff; text-decoration: underline;\" href=\"https:\/\/www.velocityfleet.com\/accounts\/login\/\" target=\"_blank\" rel=\"noopener\">Radius Velocity<\/a><\/span><\/span> simplifie la gestion des cartes de carburant et vous offre les outils n\u00e9cessaires pour g\u00e9rer efficacement votre flotte de v\u00e9hicules.<\/p>\n<p>Radius Velocity est gratuit pour tous les clients de Radius et peut \u00eatre utilis\u00e9 sur PC ou via notre application smartphone.<\/p>\n<p>Avec Radius Velocity, vous pouvez:<\/p>\n<p style=\"padding-left: 40px;\"><strong>&#8211; commander vos cartes de carburant<\/strong><\/p>\n<p style=\"padding-left: 40px;\"><strong>&#8211; consulter les codes PIN<\/strong><\/p>\n<p style=\"padding-left: 40px;\"><strong>&#8211; acc\u00e9der \u00e0 toutes vos factures<\/strong><\/p>\n<p style=\"padding-left: 40px;\"><strong>&#8211; g\u00e9rer des groupes<\/strong><\/p>\n<p style=\"padding-left: 40px;\"><strong>&#8211; demander des rapports<\/strong><\/p>\n<p style=\"padding-left: 40px;\"><strong>&#8211; consulter toutes les transactions<\/strong><\/p>\n<p style=\"padding-left: 40px;\">&#8211; &#8230;<\/p>\n\n            <\/div>\n          <\/div>\n                            <div class=\"faqs__question-container mb-2 transition-all lg:mb-4 border-[1px] rounded-[10px] border-grey-light p-4 lg:px-6 lg:py-4 cursor-pointer\">\n            <div class=\"question flex flex-row justify-between items-center\">\n              <h2 class=\"font-bold relative block text-lg xl:text-xl\">Comment activer mon compte ?<\/h2>\n              <svg class=\"toggle-icon transition-all\" fill=\"currentColor\" height=\"20px\" width=\"20px\" version=\"1.1\" id=\"Layer_1\" xmlns=\"http:\/\/www.w3.org\/2000\/svg\" xmlns:xlink=\"http:\/\/www.w3.org\/1999\/xlink\"\n                viewBox=\"0 0 455 455\" xml:space=\"preserve\">\n              <polygon points=\"455,212.5 242.5,212.5 242.5,0 212.5,0 212.5,212.5 0,212.5 0,242.5 212.5,242.5 212.5,455 242.5,455 242.5,242.5 \n                455,242.5 \"\/>\n              <\/svg>\n            <\/div>\n            <div class=\"answer max-h-0 opacity-0 transition-all overflow-hidden\">\n              <p>Apr\u00e8s le traitement de votre demande, vous recevrez un e-mail d&#8217;activation pour notre plateforme en ligne <span style=\"text-decoration: underline;\"><span style=\"color: #0000ff;\"><a style=\"color: #0000ff; text-decoration: underline;\" href=\"https:\/\/www.velocityfleet.com\/accounts\/login\/\" target=\"_blank\" rel=\"noopener\">Radius Velocity<\/a><\/span><\/span>. Dans l&#8217;e-mail d&#8217;activation (Velocity \u2013 Activation de Compte), vous pouvez activer votre compte via le lien fourni.<\/p>\n<p style=\"padding-left: 40px;\">1. <strong>Cliquez sur le lien d&#8217;activation,<\/strong> celui-ci vous dirigera vers le site o\u00f9 vous pourrez cr\u00e9er un mot de passe d&#8217;au moins 12 caract\u00e8res,<br \/>\ncomprenant au moins une majuscule, un chiffre et un symbole.<\/p>\n<p style=\"padding-left: 40px;\">2. Cliquez ensuite sur <strong>S&#8217;inscrire\/Connexion<\/strong>.<\/p>\n<p style=\"padding-left: 40px;\">3. Entrez votre adresse e-mail puis le mot de passe que vous venez de cr\u00e9er.<\/p>\n<p style=\"padding-left: 40px;\">4. Cliquez sur <strong>Connexion.<\/strong><\/p>\n\n            <\/div>\n          <\/div>\n                            <div class=\"faqs__question-container mb-2 transition-all lg:mb-4 border-[1px] rounded-[10px] border-grey-light p-4 lg:px-6 lg:py-4 cursor-pointer\">\n            <div class=\"question flex flex-row justify-between items-center\">\n              <h2 class=\"font-bold relative block text-lg xl:text-xl\">Comment me connecter \u00e0 Radius Velocity ?<\/h2>\n              <svg class=\"toggle-icon transition-all\" fill=\"currentColor\" height=\"20px\" width=\"20px\" version=\"1.1\" id=\"Layer_1\" xmlns=\"http:\/\/www.w3.org\/2000\/svg\" xmlns:xlink=\"http:\/\/www.w3.org\/1999\/xlink\"\n                viewBox=\"0 0 455 455\" xml:space=\"preserve\">\n              <polygon points=\"455,212.5 242.5,212.5 242.5,0 212.5,0 212.5,212.5 0,212.5 0,242.5 212.5,242.5 212.5,455 242.5,455 242.5,242.5 \n                455,242.5 \"\/>\n              <\/svg>\n            <\/div>\n            <div class=\"answer max-h-0 opacity-0 transition-all overflow-hidden\">\n              <p>Comment se connecter \u00e0 Radius Velocity? Allez sur <span style=\"text-decoration: underline;\"><span style=\"color: #0000ff;\"><a style=\"color: #0000ff; text-decoration: underline;\" href=\"https:\/\/www.velocityfleet.com\/accounts\/login\/\" target=\"_blank\" rel=\"noopener\">Radius Velocity<\/a><\/span><\/span>\u00a0et saisissez votre adresse e-mail et votre mot de passe.<\/p>\n<p><strong>Vous avez oubli\u00e9 votre mot de passe ?<\/strong><\/p>\n<p style=\"padding-left: 40px;\">1. Cliquez sur \u00ab Oubli\u00e9 ? \u00bb dans le champ du mot de passe.<\/p>\n<p style=\"padding-left: 40px;\">2. Saisissez votre adresse e-mail et cliquez sur \u00ab R\u00e9initialiser mon mot de passe \u00bb.<\/p>\n<p>Vous recevrez un e-mail de notre part avec les instructions pour r\u00e9initialiser votre mot de passe.<\/p>\n\n            <\/div>\n          <\/div>\n                            <div class=\"faqs__question-container mb-2 transition-all lg:mb-4 border-[1px] rounded-[10px] border-grey-light p-4 lg:px-6 lg:py-4 cursor-pointer\">\n            <div class=\"question flex flex-row justify-between items-center\">\n              <h2 class=\"font-bold relative block text-lg xl:text-xl\">O\u00f9 puis-je t\u00e9l\u00e9charger l&#8217;application Radius Velocity ?<\/h2>\n              <svg class=\"toggle-icon transition-all\" fill=\"currentColor\" height=\"20px\" width=\"20px\" version=\"1.1\" id=\"Layer_1\" xmlns=\"http:\/\/www.w3.org\/2000\/svg\" xmlns:xlink=\"http:\/\/www.w3.org\/1999\/xlink\"\n                viewBox=\"0 0 455 455\" xml:space=\"preserve\">\n              <polygon points=\"455,212.5 242.5,212.5 242.5,0 212.5,0 212.5,212.5 0,212.5 0,242.5 212.5,242.5 212.5,455 242.5,455 242.5,242.5 \n                455,242.5 \"\/>\n              <\/svg>\n            <\/div>\n            <div class=\"answer max-h-0 opacity-0 transition-all overflow-hidden\">\n              <p>En fonction de votre smartphone, vous pouvez t\u00e9l\u00e9charger l&#8217;application Radius Velocity sur <span style=\"text-decoration: underline; color: #0000ff;\"><a style=\"color: #0000ff; text-decoration: underline;\" href=\"https:\/\/play.google.com\/store\/apps\/details?id=com.fuelcards.velocity&amp;hl=en\" target=\"_blank\" rel=\"noopener\">Google Play Store<\/a> <\/span>ou <span style=\"text-decoration: underline;\"><span style=\"color: #0000ff;\"><a style=\"color: #0000ff; text-decoration: underline;\" href=\"https:\/\/apps.apple.com\/be\/app\/radius-velocity\/id934846140\" target=\"_blank\" rel=\"noopener\">App Store<\/a><\/span><\/span>.<\/p>\n\n            <\/div>\n          <\/div>\n                        <\/div>\n\n    <\/div>\n<\/div>\n<\/div>`\n\n\n<figure class=\"wp-block-image size-large\"><a href=\"https:\/\/www.radius.com\/fr-be\/telematique\/suivi-vehicule\/formulaire\/?utm_source=autoreplybe&amp;utm_medium=autoreplybe&amp;utm_campaign=autoreplybe\" target=\"_blank\" rel=\"noopener\"><img width=\"1024\" height=\"173\" data-public-id=\"radius_fuel_solutions\/TELEMATICS-FR\/TELEMATICS-FR.png\" loading=\"lazy\" decoding=\"async\" src=\"https:\/\/res.cloudinary.com\/radius-media\/images\/w_1024,h_173,c_scale\/f_auto,q_auto\/v1727439766\/radius_fuel_solutions\/TELEMATICS-FR\/TELEMATICS-FR.png?_i=AA\" alt=\"\" class=\"wp-post-1530040 wp-image-2318779\" data-format=\"png\" data-transformations=\"f_auto,q_auto\" data-version=\"1727439766\" data-seo=\"1\" data-responsive=\"1\" srcset=\"https:\/\/res.cloudinary.com\/radius-media\/images\/w_1024,h_173,c_scale\/f_auto,q_auto\/v1727439766\/radius_fuel_solutions\/TELEMATICS-FR\/TELEMATICS-FR.png?_i=AA 1168w, https:\/\/res.cloudinary.com\/radius-media\/images\/w_1048,h_176,c_scale\/f_auto,q_auto\/v1727439766\/radius_fuel_solutions\/TELEMATICS-FR\/TELEMATICS-FR.png?_i=AA 1048w, https:\/\/res.cloudinary.com\/radius-media\/images\/w_848,h_143,c_scale\/f_auto,q_auto\/v1727439766\/radius_fuel_solutions\/TELEMATICS-FR\/TELEMATICS-FR.png?_i=AA 848w, https:\/\/res.cloudinary.com\/radius-media\/images\/w_648,h_109,c_scale\/f_auto,q_auto\/v1727439766\/radius_fuel_solutions\/TELEMATICS-FR\/TELEMATICS-FR.png?_i=AA 648w, https:\/\/res.cloudinary.com\/radius-media\/images\/w_448,h_75,c_scale\/f_auto,q_auto\/v1727439766\/radius_fuel_solutions\/TELEMATICS-FR\/TELEMATICS-FR.png?_i=AA 448w, https:\/\/res.cloudinary.com\/radius-media\/images\/w_248,h_41,c_scale\/f_auto,q_auto\/v1727439766\/radius_fuel_solutions\/TELEMATICS-FR\/TELEMATICS-FR.png?_i=AA 248w\" sizes=\"(max-width: 1168px) 100vw, 1168px\" \/><\/a><\/figure>\n","protected":false},"excerpt":{"rendered":"","protected":false},"author":14,"featured_media":0,"parent":1530013,"menu_order":0,"comment_status":"closed","ping_status":"closed","template":"","meta":{"_cloudinary_featured_overwrite":false,"footnotes":""},"class_list":["post-1530040","page","type-page","status-publish","hentry"],"acf":[],"_links":{"self":[{"href":"https:\/\/www.radiusfuelsolutions.com\/fr-be\/wp-json\/wp\/v2\/pages\/1530040","targetHints":{"allow":["GET"]}}],"collection":[{"href":"https:\/\/www.radiusfuelsolutions.com\/fr-be\/wp-json\/wp\/v2\/pages"}],"about":[{"href":"https:\/\/www.radiusfuelsolutions.com\/fr-be\/wp-json\/wp\/v2\/types\/page"}],"author":[{"embeddable":true,"href":"https:\/\/www.radiusfuelsolutions.com\/fr-be\/wp-json\/wp\/v2\/users\/14"}],"replies":[{"embeddable":true,"href":"https:\/\/www.radiusfuelsolutions.com\/fr-be\/wp-json\/wp\/v2\/comments?post=1530040"}],"version-history":[{"count":32,"href":"https:\/\/www.radiusfuelsolutions.com\/fr-be\/wp-json\/wp\/v2\/pages\/1530040\/revisions"}],"predecessor-version":[{"id":2318691,"href":"https:\/\/www.radiusfuelsolutions.com\/fr-be\/wp-json\/wp\/v2\/pages\/1530040\/revisions\/2318691"}],"up":[{"embeddable":true,"href":"https:\/\/www.radiusfuelsolutions.com\/fr-be\/wp-json\/wp\/v2\/pages\/1530013"}],"wp:attachment":[{"href":"https:\/\/www.radiusfuelsolutions.com\/fr-be\/wp-json\/wp\/v2\/media?parent=1530040"}],"curies":[{"name":"wp","href":"https:\/\/api.w.org\/{rel}","templated":true}]}}