{"id":1533797,"date":"2024-04-17T09:29:59","date_gmt":"2024-04-17T09:29:59","guid":{"rendered":"https:\/\/www.radiusfuelsolutions.com\/?page_id=1533797"},"modified":"2024-09-27T12:28:37","modified_gmt":"2024-09-27T12:28:37","slug":"mon-reseau","status":"publish","type":"page","link":"https:\/\/www.radiusfuelsolutions.com\/fr-be\/guides\/mon-reseau\/","title":{"rendered":"Mon code PIN"},"content":{"rendered":"<div id=\"block_6de3e5066ecd347eb75a1c4611087904\" class=\"hero-banner tone-block tone-band bg-cover bg-center bg-no-repeat  relative flex flex-col justify-center items-center\" style=\" color: #FFFFFF; background-image: url(&quot;https:\/\/www.radiusfuelsolutions.com\/app\/uploads\/2024\/07\/AdobeStock_590942780.png&quot;); \">\n    \n    <div class=\"grid grid-cols-1 auto-rows-auto\">\n        <div class=\"hero-banner__content container flex flex-col justify-center items-center w-full text-center\">\n            \n            <h1 as=\"h3\"> Mon code PIN <\/h1> \n\n            \n            \n            \n                                                <\/div>\n    <\/div>\n\n<\/div>\n\n<div id=\"block_a9ca783191655c3b032f7e9b68957202\" class=\"faqs tone-block tone-band bg-cover bg-center bg-no-repeat  pt-8 sm:pt-10 md:pt-14 lg:pt-14 xl:pt-28 pb-0\" style=\"\">    <div class=\"lg:container \">\n\n        \n    <div class=\"container flex flex-col lg:flex-row text-left bg-white text-\">\n            <div class=\"faqs__questions flex flex-col  \">\n                  <div class=\"faqs__question-container mb-2 transition-all lg:mb-4 border-[1px] rounded-[10px] border-grey-light p-4 lg:px-6 lg:py-4 cursor-pointer\">\n            <div class=\"question flex flex-row justify-between items-center\">\n              <h2 class=\"font-bold relative block text-lg xl:text-xl\">Consulter le code PIN<\/h2>\n              <svg class=\"toggle-icon transition-all\" fill=\"currentColor\" height=\"20px\" width=\"20px\" version=\"1.1\" id=\"Layer_1\" xmlns=\"http:\/\/www.w3.org\/2000\/svg\" xmlns:xlink=\"http:\/\/www.w3.org\/1999\/xlink\"\n                viewBox=\"0 0 455 455\" xml:space=\"preserve\">\n              <polygon points=\"455,212.5 242.5,212.5 242.5,0 212.5,0 212.5,212.5 0,212.5 0,242.5 212.5,242.5 212.5,455 242.5,455 242.5,242.5 \n                455,242.5 \"\/>\n              <\/svg>\n            <\/div>\n            <div class=\"answer max-h-0 opacity-0 transition-all overflow-hidden\">\n              <p>Vous pouvez facilement trouver le code PIN sur <span style=\"text-decoration: underline; color: #0000ff;\"><a style=\"color: #0000ff; text-decoration: underline;\" href=\"https:\/\/www.velocityfleet.com\/accounts\/login\/\" target=\"_blank\" rel=\"noopener\">Radius Velocity<\/a><\/span><\/p>\n<p>La consultation de votre code PIN est tr\u00e8s simple:<\/p>\n<p style=\"padding-left: 40px;\"><strong>Regardez notre tutoriel : <span style=\"text-decoration: underline;\"><span style=\"color: #0000ff;\"><a style=\"color: #0000ff; text-decoration: underline;\" href=\"https:\/\/vimeo.com\/887326090\" target=\"_blank\" rel=\"noopener\">cliquez ici<\/a><\/span><\/span><\/strong><\/p>\n<p><strong>OU<\/strong><\/p>\n<p style=\"padding-left: 40px;\">1. Allez sur <span style=\"text-decoration: underline; color: #0000ff;\"><a style=\"color: #0000ff; text-decoration: underline;\" href=\"https:\/\/www.velocityfleet.com\/accounts\/login\/\" target=\"_blank\" rel=\"noopener\">Radius Velocity<\/a><\/span><\/p>\n<p style=\"padding-left: 40px;\">2. S\u00e9lectionnez \u00abcartes carburant\u00bb dans les options du menu de s\u00e9lection<\/p>\n<p style=\"padding-left: 40px;\">3. Apr\u00e8s \u00e7a choissisez \u00abgerer vos cartes\u00bb<\/p>\n<p style=\"padding-left: 40px;\">4. S\u00e9lectionnez la carte dont vous souhaitez consulter le code PIN.<\/p>\n<p style=\"padding-left: 40px;\">5. Choisissez \u00abRappel PIN\u00bb<\/p>\n<p>Vous pouvez \u00e9galement t\u00e9l\u00e9charger l&#8217;application Velocity pour obtenir le code PIN \u00e0 tout moment sur le portable.<\/p>\n<div><\/div>\n<ul>\n<li><span style=\"text-decoration: underline; color: #0000ff;\"><a style=\"color: #0000ff; text-decoration: underline;\" href=\"https:\/\/play.google.com\/store\/apps\/details?id=com.fuelcards.velocity\" target=\"_blank\" rel=\"noopener\">Google Play Store<\/a><\/span><\/li>\n<li><a href=\"https:\/\/apps.apple.com\/be\/app\/velocity\/id934846140?l=n\" target=\"_blank\" rel=\"noopener\"><span style=\"text-decoration: underline;\"><span style=\"color: #0000ff; text-decoration: underline;\">Apple App Store<\/span><\/span><\/a><\/li>\n<\/ul>\n\n            <\/div>\n          <\/div>\n                            <div class=\"faqs__question-container mb-2 transition-all lg:mb-4 border-[1px] rounded-[10px] border-grey-light p-4 lg:px-6 lg:py-4 cursor-pointer\">\n            <div class=\"question flex flex-row justify-between items-center\">\n              <h2 class=\"font-bold relative block text-lg xl:text-xl\">J&#8217;ai utilis\u00e9 3 fois un code incorrect.<\/h2>\n              <svg class=\"toggle-icon transition-all\" fill=\"currentColor\" height=\"20px\" width=\"20px\" version=\"1.1\" id=\"Layer_1\" xmlns=\"http:\/\/www.w3.org\/2000\/svg\" xmlns:xlink=\"http:\/\/www.w3.org\/1999\/xlink\"\n                viewBox=\"0 0 455 455\" xml:space=\"preserve\">\n              <polygon points=\"455,212.5 242.5,212.5 242.5,0 212.5,0 212.5,212.5 0,212.5 0,242.5 212.5,242.5 212.5,455 242.5,455 242.5,242.5 \n                455,242.5 \"\/>\n              <\/svg>\n            <\/div>\n            <div class=\"answer max-h-0 opacity-0 transition-all overflow-hidden\">\n              <p>Lorsque vous entrez 3x le mauvais code PIN, la carte est bloqu\u00e9e.<\/p>\n<p><strong>Apr\u00e8s 24 heures , votre carte carburant sera automatiquement d\u00e9bloqu\u00e9e.<\/strong><\/p>\n<p>Vous pouvez facilement retrouver le code PIN sur <span style=\"text-decoration: underline; color: #0000ff;\"><a style=\"color: #0000ff; text-decoration: underline;\" href=\"https:\/\/www.velocityfleet.com\/accounts\/login\/\" target=\"_blank\" rel=\"noopener\">Radius Velocity<\/a><\/span><\/p>\n<p style=\"padding-left: 40px;\"><strong>Regardez notre tutoriel : <span style=\"text-decoration: underline;\"><span style=\"color: #0000ff;\"><a style=\"color: #0000ff; text-decoration: underline;\" href=\"https:\/\/vimeo.com\/887326090\" target=\"_blank\" rel=\"noopener\">cliquez ici<\/a><\/span><\/span><\/strong><\/p>\n<p><strong>OU<\/strong><\/p>\n<p style=\"padding-left: 40px;\">1. Allez sur <span style=\"text-decoration: underline; color: #0000ff;\"><a style=\"color: #0000ff; text-decoration: underline;\" href=\"https:\/\/www.velocityfleet.com\/accounts\/login\/\" target=\"_blank\" rel=\"noopener\">Radius Velocity<\/a><\/span><\/p>\n<p style=\"padding-left: 40px;\">2. S\u00e9lectionnez \u00abcartes carburant\u00bb dans les options du menu de s\u00e9lection<\/p>\n<p style=\"padding-left: 40px;\">3. Apr\u00e8s \u00e7a choissisez \u00abgerer vos cartes\u00bb<\/p>\n<p style=\"padding-left: 40px;\">4. S\u00e9lectionnez la carte dont vous souhaitez consulter le code PIN.<\/p>\n<p style=\"padding-left: 40px;\">5. Choisissez \u00abRappel PIN\u00bb<\/p>\n<p>Vous pouvez \u00e9galement t\u00e9l\u00e9charger l&#8217;application Velocity pour obtenir le code PIN \u00e0 tout moment sur le portable.<\/p>\n<ul>\n<li><span style=\"text-decoration: underline; color: #0000ff;\"><a style=\"color: #0000ff; text-decoration: underline;\" href=\"https:\/\/play.google.com\/store\/apps\/details?id=com.fuelcards.velocity\" target=\"_blank\" rel=\"noopener\">Google Play Store<\/a><\/span><\/li>\n<li><a href=\"https:\/\/apps.apple.com\/be\/app\/velocity\/id934846140?l=n\" target=\"_blank\" rel=\"noopener\"><span style=\"text-decoration: underline;\"><span style=\"color: #0000ff; text-decoration: underline;\">Apple App Store<\/span><\/span><\/a><\/li>\n<\/ul>\n\n            <\/div>\n          <\/div>\n                            <div class=\"faqs__question-container mb-2 transition-all lg:mb-4 border-[1px] rounded-[10px] border-grey-light p-4 lg:px-6 lg:py-4 cursor-pointer\">\n            <div class=\"question flex flex-row justify-between items-center\">\n              <h2 class=\"font-bold relative block text-lg xl:text-xl\">Puis-je modifier mon\/mes code(s) PIN ?<\/h2>\n              <svg class=\"toggle-icon transition-all\" fill=\"currentColor\" height=\"20px\" width=\"20px\" version=\"1.1\" id=\"Layer_1\" xmlns=\"http:\/\/www.w3.org\/2000\/svg\" xmlns:xlink=\"http:\/\/www.w3.org\/1999\/xlink\"\n                viewBox=\"0 0 455 455\" xml:space=\"preserve\">\n              <polygon points=\"455,212.5 242.5,212.5 242.5,0 212.5,0 212.5,212.5 0,212.5 0,242.5 212.5,242.5 212.5,455 242.5,455 242.5,242.5 \n                455,242.5 \"\/>\n              <\/svg>\n            <\/div>\n            <div class=\"answer max-h-0 opacity-0 transition-all overflow-hidden\">\n              <p>Les codes PIN sont cr\u00e9\u00e9s lors de la production de la carte carburant. Ceux-ci ne peuvent pas \u00eatre modifi\u00e9s.<\/p>\n\n            <\/div>\n          <\/div>\n                        <\/div>\n\n    <\/div>\n<\/div>\n<\/div>`\n\n\n<figure class=\"wp-block-image size-large\"><a href=\"https:\/\/www.radius.com\/fr-be\/telematique\/suivi-vehicule\/formulaire\/?utm_source=autoreplybe&amp;utm_medium=autoreplybe&amp;utm_campaign=autoreplybe\" target=\"_blank\" rel=\"noopener\"><img width=\"1024\" height=\"173\" data-public-id=\"radius_fuel_solutions\/TELEMATICS-FR\/TELEMATICS-FR.png\" loading=\"lazy\" decoding=\"async\" src=\"https:\/\/res.cloudinary.com\/radius-media\/images\/w_1024,h_173,c_scale\/f_auto,q_auto\/v1727439766\/radius_fuel_solutions\/TELEMATICS-FR\/TELEMATICS-FR.png?_i=AA\" alt=\"\" class=\"wp-post-1533797 wp-image-2318779\" data-format=\"png\" data-transformations=\"f_auto,q_auto\" data-version=\"1727439766\" data-seo=\"1\" data-responsive=\"1\" srcset=\"https:\/\/res.cloudinary.com\/radius-media\/images\/w_1024,h_173,c_scale\/f_auto,q_auto\/v1727439766\/radius_fuel_solutions\/TELEMATICS-FR\/TELEMATICS-FR.png?_i=AA 1168w, https:\/\/res.cloudinary.com\/radius-media\/images\/w_1048,h_176,c_scale\/f_auto,q_auto\/v1727439766\/radius_fuel_solutions\/TELEMATICS-FR\/TELEMATICS-FR.png?_i=AA 1048w, https:\/\/res.cloudinary.com\/radius-media\/images\/w_848,h_143,c_scale\/f_auto,q_auto\/v1727439766\/radius_fuel_solutions\/TELEMATICS-FR\/TELEMATICS-FR.png?_i=AA 848w, https:\/\/res.cloudinary.com\/radius-media\/images\/w_648,h_109,c_scale\/f_auto,q_auto\/v1727439766\/radius_fuel_solutions\/TELEMATICS-FR\/TELEMATICS-FR.png?_i=AA 648w, https:\/\/res.cloudinary.com\/radius-media\/images\/w_448,h_75,c_scale\/f_auto,q_auto\/v1727439766\/radius_fuel_solutions\/TELEMATICS-FR\/TELEMATICS-FR.png?_i=AA 448w, https:\/\/res.cloudinary.com\/radius-media\/images\/w_248,h_41,c_scale\/f_auto,q_auto\/v1727439766\/radius_fuel_solutions\/TELEMATICS-FR\/TELEMATICS-FR.png?_i=AA 248w\" sizes=\"(max-width: 1168px) 100vw, 1168px\" \/><\/a><\/figure>\n","protected":false},"excerpt":{"rendered":"","protected":false},"author":14,"featured_media":0,"parent":1530013,"menu_order":0,"comment_status":"closed","ping_status":"closed","template":"","meta":{"_cloudinary_featured_overwrite":false,"footnotes":""},"class_list":["post-1533797","page","type-page","status-publish","hentry"],"acf":[],"_links":{"self":[{"href":"https:\/\/www.radiusfuelsolutions.com\/fr-be\/wp-json\/wp\/v2\/pages\/1533797","targetHints":{"allow":["GET"]}}],"collection":[{"href":"https:\/\/www.radiusfuelsolutions.com\/fr-be\/wp-json\/wp\/v2\/pages"}],"about":[{"href":"https:\/\/www.radiusfuelsolutions.com\/fr-be\/wp-json\/wp\/v2\/types\/page"}],"author":[{"embeddable":true,"href":"https:\/\/www.radiusfuelsolutions.com\/fr-be\/wp-json\/wp\/v2\/users\/14"}],"replies":[{"embeddable":true,"href":"https:\/\/www.radiusfuelsolutions.com\/fr-be\/wp-json\/wp\/v2\/comments?post=1533797"}],"version-history":[{"count":27,"href":"https:\/\/www.radiusfuelsolutions.com\/fr-be\/wp-json\/wp\/v2\/pages\/1533797\/revisions"}],"predecessor-version":[{"id":2318701,"href":"https:\/\/www.radiusfuelsolutions.com\/fr-be\/wp-json\/wp\/v2\/pages\/1533797\/revisions\/2318701"}],"up":[{"embeddable":true,"href":"https:\/\/www.radiusfuelsolutions.com\/fr-be\/wp-json\/wp\/v2\/pages\/1530013"}],"wp:attachment":[{"href":"https:\/\/www.radiusfuelsolutions.com\/fr-be\/wp-json\/wp\/v2\/media?parent=1533797"}],"curies":[{"name":"wp","href":"https:\/\/api.w.org\/{rel}","templated":true}]}}