{"id":17434,"date":"2022-12-06T09:33:13","date_gmt":"2022-12-06T09:33:13","guid":{"rendered":"https:\/\/www.radiusfuelsolutions.com\/radius-future\/"},"modified":"2025-04-30T09:45:42","modified_gmt":"2025-04-30T09:45:42","slug":"radius-future","status":"publish","type":"page","link":"https:\/\/www.radiusfuelsolutions.com\/fr-be\/radius-future\/","title":{"rendered":"Radius Future"},"content":{"rendered":"\n<p><\/p>\n\n\n<div id=\"block_c6cd5dc9b1f1347f91b876882ff6e953\" class=\"hero-banner tone-block tone-band bg-cover bg-center bg-no-repeat  relative flex flex-col justify-center items-center\" style=\" color: #FFFFFF; background-image: url(&quot;https:\/\/www.radiusfuelsolutions.com\/app\/uploads\/2022\/12\/MSD-1678-Radius-Future-Web-Banner-2-1.jpg&quot;); \">\n    \n    <div class=\"grid grid-cols-1 auto-rows-auto\">\n        <div class=\"hero-banner__content container flex flex-col justify-center items-center w-full text-center\">\n            \n            <h1 as=\"h3\"> Radius Future <\/h1> \n\n            \n                            <h2 as=\"h6\" class=\"mt-2 lg:mt-3 font-medium\"> Compensation des \u00e9missions de CO2 de votre flotte de v\u00e9hicules  <\/h2> \n            \n            \n                                                <\/div>\n    <\/div>\n\n<\/div>\n\n\n<div style=\"height:42px\" aria-hidden=\"true\" class=\"wp-block-spacer\"><\/div>\n\n\n\n<p>Avec notre programme <strong>Radius Future<\/strong>, vous pouvez compenser 100% des \u00e9missions de CO2 g\u00e9n\u00e9r\u00e9es par le carburant que vous achetez avec nos cartes carburant. En adh\u00e9rant au programme <strong>Radius Future<\/strong>, vous payerez 1 cent suppl\u00e9mentaire par litre sur vos factures de carburant. Ce montant sera investi par Radius dans des projets mondiaux de r\u00e9duction des \u00e9missions de CO2 en partenariat avec Forest Carbon.<\/p>\n\n\n<div id=\"block_40f16b231dab1bb0f2fcae04494630ff\" class=\"content-panel  tone-block tone-band bg-cover bg-center bg-no-repeat  pt-6 pb-6 sm:pt-6 sm:pb-6 md:pt-8 md:pb-8 lg:pt-14 lg:pb-14 xl:pt-16 xl:pb-16\" style=\"\">\n    <div class=\"container \">\n\n    \n    <!-- Start: Content Panel -->\n    <div class=\"content-panel__wrapper grid items-center grid-cols-1 md:grid-cols-2 border-[1px] border-grey-very-light border-solid rounded-[10px] pb-[9px] relative overflow-hidden   \">\n        <div class=\"gradient-border absolute z-10 bg-gradient-to-r from-[#E51B22] to-[#b20f14]\"><\/div>\n        <!-- Content Panel Content -->\n        <div class=\"content-panel__content w-full order-2 md:order-2 p-[30px] lg:py-12 lg:p-12\">\n                                                    <h2 class=\"content-panel__heading mb-6 text-2xl font-semibold tracking-tight text-font md:leading-tight md:text-4xl \"> Que fait Forest Carbon ? <\/h2>\n                                        <div class=\"content-panel__copy mb-6 mt-6 text-base text-font md:text-lg lg:pr-4 \"> <p>Radius Limited, la soci\u00e9t\u00e9 m\u00e8re de Radius Business Solutions (Belgium) SA au Royaume-Uni, est particuli\u00e8rement fi\u00e8re de travailler avec <b>Forest Carbon<\/b>.<\/p>\n<p><b>Forest Carbon <\/b>est l&#8217;un des principaux organismes britanniques de projets de compensation carbone, certifi\u00e9 par le Woodland Carbon Code du gouvernement britannique.<\/p>\n<p>Gr\u00e2ce \u00e0 notre partenariat, <b>Forest Carbon <\/b>investira vos contributions dans ses projets d&#8217;\u00e9nergie renouvelable, notamment dans l&#8217;\u00e9nergie \u00e9olienne, l&#8217;eau, la valorisation des d\u00e9chets et l&#8217;\u00e9nergie solaire dans des endroits tels que l&#8217;Inde, la Chine, la Turquie ou le Guatemala. Ces projets ont \u00e9t\u00e9 choisis pour leur capacit\u00e9 \u00e0 atteindre imm\u00e9diatement la neutralit\u00e9 carbone.<\/p>\n <\/div>\n                                        <div class=\"wp-block-buttons content-panel__button-group flex flex-col space-y-4 sm:flex-row sm:space-y-0 sm:space-x-2 sm:flex-nowrap\">\n                    <div class=\"wp-block-button is-style-primary\">\n            <a class=\"wp-block-button__link w-full sm:w-auto\" target=\"\" href=\"https:\/\/www.forestcarbon.co.uk\/uk-fuels-projects\" rel=\"noopener\">  Plus d\u2019infos \n                <span class=\"lg:ml-16 md:ml-8 ml-6\">\n                    <svg class=\"arrow ml-4\" width=\"18px\" viewBox=\"0 0 13 10\">\n                    <path d=\"M1,5 L11,5\"><\/path>\n                    <polyline points=\"8 1 12 5 8 9\"><\/polyline>\n                    <\/svg>\n                <\/span>\n            <\/a>\n        <\/div>\n    <\/div>\n                                <\/div> \n\n        <!-- Content Panel Media -->\n                    \n            \n            <div class=\"content-panel__media w-full relative h-full overflow-hidden place-content-center order-1 content-panel__media--left md:order-1\">\n\n                \n                                    <img width=\"500\" height=\"500\" data-public-id=\"radius_fuel_solutions\/Forest_Carbon_Logoresize-1_17774b5897\/Forest_Carbon_Logoresize-1_17774b5897.png\" loading=\"lazy\" decoding=\"async\" src=\"https:\/\/res.cloudinary.com\/radius-media\/images\/w_500,h_500,c_fill,g_auto\/f_auto,q_auto\/v1690968208\/radius_fuel_solutions\/Forest_Carbon_Logoresize-1_17774b5897\/Forest_Carbon_Logoresize-1_17774b5897.png?_i=AA\" class=\"content-panel__image object-cover w-full h-full wp-image-17774\" alt=\"\" data-format=\"png\" data-transformations=\"f_auto,q_auto\" data-version=\"1690968208\" data-seo=\"1\" data-responsive=\"1\" srcset=\"https:\/\/res.cloudinary.com\/radius-media\/images\/w_500,h_500,c_fill,g_auto\/f_auto,q_auto\/v1690968208\/radius_fuel_solutions\/Forest_Carbon_Logoresize-1_17774b5897\/Forest_Carbon_Logoresize-1_17774b5897.png?_i=AA 500w, https:\/\/res.cloudinary.com\/radius-media\/images\/w_448,h_448,c_fill,g_auto\/f_auto,q_auto\/v1690968208\/radius_fuel_solutions\/Forest_Carbon_Logoresize-1_17774b5897\/Forest_Carbon_Logoresize-1_17774b5897.png?_i=AA 448w, https:\/\/res.cloudinary.com\/radius-media\/images\/w_248,h_248,c_fill,g_auto\/f_auto,q_auto\/v1690968208\/radius_fuel_solutions\/Forest_Carbon_Logoresize-1_17774b5897\/Forest_Carbon_Logoresize-1_17774b5897.png?_i=AA 248w\" sizes=\"(max-width: 500px) 100vw, 500px\" \/>\n                    <\/div>\n                    \n                 \n\n            <\/div>\n\n            <\/div>\n    <!-- End: Content Panel -->\n\n    <\/div>\n\n<\/div>\n\n<div id=\"block_fe7d6b79a34975068b2766ecfdff3a17\" class=\"content-panel  tone-block tone-band bg-cover bg-center bg-no-repeat  pt-6 pb-6 sm:pt-6 sm:pb-6 md:pt-8 md:pb-8 lg:pt-14 lg:pb-14 xl:pt-16 xl:pb-16\" style=\"\">\n    <div class=\"container \">\n\n    \n    <!-- Start: Content Panel -->\n    <div class=\"content-panel__wrapper grid items-center grid-cols-1 md:grid-cols-2 border-[1px] border-grey-very-light border-solid rounded-[10px] pb-[9px] relative overflow-hidden   \">\n        <div class=\"gradient-border absolute z-10 bg-gradient-to-r from-[#E51B22] to-[#b20f14]\"><\/div>\n        <!-- Content Panel Content -->\n        <div class=\"content-panel__content w-full order-2 md:order-1 p-[30px] lg:py-12 lg:p-12\">\n                                                    <h2 class=\"content-panel__heading mb-6 text-2xl font-semibold tracking-tight text-font md:leading-tight md:text-4xl \"> Comment fonctionne le programme Radius Future ? <\/h2>\n                                        <div class=\"content-panel__copy mb-6 mt-6 text-base text-font md:text-lg lg:pr-4 \"> <p><strong>1.<\/strong> Inscrivez-vous au programme Radius Future \u00e0 l&#8217;aide du formulaire ci-dessous.<\/p>\n<p><strong>2.<\/strong>Utilisez nos cartes carburant comme vous le feriez normalement et payez 1 cent suppl\u00e9mentaire par litre pour compenser les \u00e9missions de CO2 de votre carburant.<\/p>\n<p><strong>3.<\/strong> Retrouvez tous les d\u00e9tails de votre contribution Radius Future indiqu\u00e9s s\u00e9par\u00e9ment sur votre facture. Facture \u00e0 consulter\/downloader via Radius Velocity, notre plateforme en ligne de gestion de votre flotte de v\u00e9hicules. Cliquez sur \u00ab\u00a0Mon Compte\u00a0\u00bb pour y acc\u00e9der directement.<\/p>\n <\/div>\n                                                                        <\/div> \n\n        <!-- Content Panel Media -->\n                    \n            \n            <div class=\"content-panel__media w-full relative h-full overflow-hidden place-content-center order-1 content-panel__media--right md:order-2\">\n\n                \n                                    <img width=\"500\" height=\"500\" data-public-id=\"radius_fuel_solutions\/large-front-6_17787a59cd\/large-front-6_17787a59cd.png\" loading=\"lazy\" decoding=\"async\" src=\"https:\/\/res.cloudinary.com\/radius-media\/images\/w_500,h_500,c_fill,g_auto\/f_auto,q_auto\/v1692002489\/radius_fuel_solutions\/large-front-6_17787a59cd\/large-front-6_17787a59cd.png?_i=AA\" class=\"content-panel__image object-cover w-full h-full wp-image-17787\" alt=\"\" data-format=\"png\" data-transformations=\"f_auto,q_auto\" data-version=\"1692002489\" data-seo=\"1\" data-responsive=\"1\" srcset=\"https:\/\/res.cloudinary.com\/radius-media\/images\/w_500,h_500,c_fill,g_auto\/f_auto,q_auto\/v1692002489\/radius_fuel_solutions\/large-front-6_17787a59cd\/large-front-6_17787a59cd.png?_i=AA 500w, https:\/\/res.cloudinary.com\/radius-media\/images\/w_448,h_448,c_fill,g_auto\/f_auto,q_auto\/v1692002489\/radius_fuel_solutions\/large-front-6_17787a59cd\/large-front-6_17787a59cd.png?_i=AA 448w, https:\/\/res.cloudinary.com\/radius-media\/images\/w_248,h_248,c_fill,g_auto\/f_auto,q_auto\/v1692002489\/radius_fuel_solutions\/large-front-6_17787a59cd\/large-front-6_17787a59cd.png?_i=AA 248w\" sizes=\"(max-width: 500px) 100vw, 500px\" \/>\n                    <\/div>\n                    \n                 \n\n            <\/div>\n\n            <\/div>\n    <!-- End: Content Panel -->\n\n    <\/div>\n\n<\/div>\n\n<div id=\"block_094a1ee7ffdb89a35039bd3571249ea2\" class=\"cta-banner tone-block tone-band bg-cover bg-center bg-no-repeat  pb-6 sm:pb-6 md:pb-8 lg:pb-14 xl:pb-16 pt-0\" style=\"color: #FFFFFF; \">\n    <div class=\"container \">\n\n    \n        <div class=\"flex flex-col md:flex-row justify-center items-center rounded-[10px] bg-center bg-no-repeat bg-cover py-16\" style=\"background-image: url('https:\/\/res.cloudinary.com\/radius-media\/images\/f_auto,q_auto\/v1690544900\/radius_fuel_solutions\/illustration-banner-map-bg_83806d254-png_khcqdj-300x64-1_16588822b8\/illustration-banner-map-bg_83806d254-png_khcqdj-300x64-1_16588822b8.png?_i=AA')\">\n                        <div class=\"flex flex-col w-full justify-center items-center\">\n                                                                    <p as=\"text-lg\" class=\"text-center p-0 w-10\/12 lg:w-7\/12 m-0\"> Vous aussi vous souhaitez participer au programme Radius Future ? Alors inscrivez-vous en remplissant le formulaire ci-dessous. <\/p>\n                                \n                            <\/div>\n        <\/div>\n\n    <\/div>\n\n    \n\n<\/div>\n\n<div id=\"block_fd35c11cf68b4c6de063c539c3dd21c0\" class=\"accordion tone-block tone-band bg-cover bg-center bg-no-repeat  pt-6 pb-6 sm:pt-6 sm:pb-6 md:pt-8 md:pb-8 lg:pt-14 lg:pb-14 xl:pt-16 xl:pb-16\" style=\"background-color: #F6F5F4; \">\n    <div class=\"container \">\n\n            <div class=\"block-headings flex flex-col justify-center items-center justify-between   pb-6 sm:pb-6 md:pb-8 lg:pb-14 xl:pb-16\">\n            \n                                                <h2 as=\"h4\" class=\"block-headings__block-title text-center\"> FAQ <\/h2>\n                            \n                            <p as=\"text-lg\" class=\"text-center text-font\">  <\/p> \n            \n            \n                    <\/div>\n    \n    <div class=\"accordion lg:w-9\/12 lg:px-10 lg:mx-auto\">\n        <ul class=\"accordion__list flex flex-col justify-start w-full m-0 p-0 -mt-6\">\n                            <li class=\"accordion__list-item border-b border-grey-very-light\">\n                    <div class=\"accordion__header flex flex-row justify-between items-center\" aria-label=\"toggle-accoridon\">\n                        <button as=\"h7\" class=\"accordion__toggle flex items-center justify-between w-full py-6 pt-5 pr-1 text-left outline-none focus:outline-none\"> Le programme Radius Future, c\u2019est quoi ? <span class=\"accordion__button\"> <\/span> <\/button>\n                    <\/div>\n                    <div as=\"base\" class=\"accordion__copy hidden p-0 -mt-2 pb-5\"> <p>Radius Future est le programme qui permet \u00e0 nos clients de compenser les \u00e9missions de CO2 du carburant qu\u2019ils ont achet\u00e9 avec leurs cartes carburant Radius. Nous investissons leur contribution pour soutenir un certain nombre de projets d&#8217;\u00e9nergie renouvelable certifi\u00e9s dans le monde entier.<\/p>\n<p>Les \u00e9nergies renouvelables contribuent \u00e0 r\u00e9duire les \u00e9missions de CO2 en rempla\u00e7ant les combustibles fossiles et am\u00e9liorent \u00e9galement la qualit\u00e9 de l&#8217;air dans les pays o\u00f9 les projets \u00e9nerg\u00e9tiques sont h\u00e9berg\u00e9s.<\/p>\n <\/div>\n                <\/li>\n                            <li class=\"accordion__list-item border-b border-grey-very-light\">\n                    <div class=\"accordion__header flex flex-row justify-between items-center\" aria-label=\"toggle-accoridon\">\n                        <button as=\"h7\" class=\"accordion__toggle flex items-center justify-between w-full py-6 pt-5 pr-1 text-left outline-none focus:outline-none\"> Pourquoi la compensation des \u00e9missions de CO2 est-elle importante ? <span class=\"accordion__button\"> <\/span> <\/button>\n                    <\/div>\n                    <div as=\"base\" class=\"accordion__copy hidden p-0 -mt-2 pb-5\"> <p>M\u00eame si les v\u00e9hicules deviennent de plus en plus \u00e9co-performants gr\u00e2ce aux derniers d\u00e9veloppements, ils continuent \u00e0 \u00e9mettre des gaz \u00e0 effet de serre, dont le CO2. Les \u00e9missions de CO2 ont un impact consid\u00e9rable sur le changement climatique.<\/p>\n<p>Selon les donn\u00e9es de la Banque mondiale, les \u00e9missions de CO2 ont augment\u00e9 de 260 % entre 1960 et 2018.<\/p>\n <\/div>\n                <\/li>\n                            <li class=\"accordion__list-item border-b border-grey-very-light\">\n                    <div class=\"accordion__header flex flex-row justify-between items-center\" aria-label=\"toggle-accoridon\">\n                        <button as=\"h7\" class=\"accordion__toggle flex items-center justify-between w-full py-6 pt-5 pr-1 text-left outline-none focus:outline-none\"> Comment convertissez-vous les \u00e9missions de CO2 de ma flotte dans ces projets ? <span class=\"accordion__button\"> <\/span> <\/button>\n                    <\/div>\n                    <div as=\"base\" class=\"accordion__copy hidden p-0 -mt-2 pb-5\"> <p>Les projets que nous soutenons sont soumis \u00e0 un contr\u00f4le de qualit\u00e9 selon l&#8217;une des principales normes mondiales, ce qui permet de cr\u00e9er des cr\u00e9dits carbone. Un cr\u00e9dit carbone est une unit\u00e9 n\u00e9gociable qui permet aux organisations et aux particuliers de compenser leurs \u00e9missions de carbone en r\u00e9duisant les \u00e9missions de carbone ailleurs. Chaque cr\u00e9dit carbone repr\u00e9sente la r\u00e9duction d&#8217;une tonne de CO2 dans l&#8217;atmosph\u00e8re, soit \u00e0 peu pr\u00e8s la consommation \u00e9nerg\u00e9tique mensuelle d&#8217;un m\u00e9nage belge moyen. Radius investit dans ces cr\u00e9dits, et donc dans les projets sous-jacents, pour les entreprises participant \u00e0 Radius Future.<\/p>\n <\/div>\n                <\/li>\n                            <li class=\"accordion__list-item border-b border-grey-very-light\">\n                    <div class=\"accordion__header flex flex-row justify-between items-center\" aria-label=\"toggle-accoridon\">\n                        <button as=\"h7\" class=\"accordion__toggle flex items-center justify-between w-full py-6 pt-5 pr-1 text-left outline-none focus:outline-none\"> Quelles sont les garanties de qualit\u00e9 pour assurer la p\u00e9rennit\u00e9 des projets ? <span class=\"accordion__button\"> <\/span> <\/button>\n                    <\/div>\n                    <div as=\"base\" class=\"accordion__copy hidden p-0 -mt-2 pb-5\"> <p>Gr\u00e2ce aux organismes avec lesquels nous travaillons, vous pouvez \u00eatre s\u00fbr que l&#8217;argent est d\u00e9pens\u00e9 dans les bons projets.<\/p>\n<p>Cela comprend les \u00e9l\u00e9ments suivants :<\/p>\n<ul>\n<li>les \u00e9conomies de CO2 sont bas\u00e9es sur les meilleures donn\u00e9es scientifiques disponibles et sont contr\u00f4l\u00e9es et v\u00e9rifi\u00e9es.<\/li>\n<li>Toutes les r\u00e9glementations environnementales, sociales et en mati\u00e8re d&#8217;emploi sont respect\u00e9es.<\/li>\n<li>Les projets doivent disposer d&#8217;un plan de gestion et de suivi \u00e0 long terme solide pour obtenir la certification.<\/li>\n<li>Les projets sont soumis \u00e0 un audit et \u00e0 une v\u00e9rification ind\u00e9pendants<\/li>\n<\/ul>\n<p>Radius ne travaille que sur des projets certifi\u00e9s par les organismes recommand\u00e9s par le gouvernement britannique, \u00e0 savoir The Gold Standard, Verified Carbon Standard, Plan Vivo et le CDM am\u00e9ricain. Chacun de ces organismes dispose d&#8217;un registre public en ligne o\u00f9 sont stock\u00e9s tous les cr\u00e9dits r\u00e9sultant de nos investissements dans ces projets.<\/p>\n <\/div>\n                <\/li>\n                            <li class=\"accordion__list-item border-b border-grey-very-light\">\n                    <div class=\"accordion__header flex flex-row justify-between items-center\" aria-label=\"toggle-accoridon\">\n                        <button as=\"h7\" class=\"accordion__toggle flex items-center justify-between w-full py-6 pt-5 pr-1 text-left outline-none focus:outline-none\"> Comment est calcul\u00e9e mon empreinte carbone ? <span class=\"accordion__button\"> <\/span> <\/button>\n                    <\/div>\n                    <div as=\"base\" class=\"accordion__copy hidden p-0 -mt-2 pb-5\"> <p>Nous adh\u00e9rons \u00e0 la norme du gouvernement britannique en mati\u00e8re de conversion des gaz \u00e0 effet de serre. Cette norme donne les \u00e9missions de gaz \u00e0 effet de serre pour de nombreuses activit\u00e9s et unit\u00e9s de consommation diff\u00e9rentes, en l&#8217;occurrence par litre de diesel ou d&#8217;essence utilis\u00e9.<\/p>\n<p>Si vous voulez en savoir plus, vous pouvez trouver plus d&#8217;informations ici : Rapport sur l&#8217;effet de serre 2021 &#8211; GOV.UK (www.gov.uk)<\/p>\n <\/div>\n                <\/li>\n                            <li class=\"accordion__list-item border-b border-grey-very-light\">\n                    <div class=\"accordion__header flex flex-row justify-between items-center\" aria-label=\"toggle-accoridon\">\n                        <button as=\"h7\" class=\"accordion__toggle flex items-center justify-between w-full py-6 pt-5 pr-1 text-left outline-none focus:outline-none\"> Comment puis-je savoir que les projets dans lesquels Radius Future investit existent r\u00e9ellement ? <span class=\"accordion__button\"> <\/span> <\/button>\n                    <\/div>\n                    <div as=\"base\" class=\"accordion__copy hidden p-0 -mt-2 pb-5\"> <p>Les projets dans lesquels nous investissons doivent \u00eatre v\u00e9rifi\u00e9s de mani\u00e8re ind\u00e9pendante par rapport aux normes mondiales reconnues pour les projets carbone. Tous les cr\u00e9dits achet\u00e9s par Radius au nom des clients sont imput\u00e9s au registre de la norme d&#8217;assurance qualit\u00e9 utilis\u00e9e pour ce projet. Ce registre est public et accessible \u00e0 tous. Une fois que les unit\u00e9s sont amorties, elles ne peuvent plus \u00eatre r\u00e9utilis\u00e9es. Chaque tonne de CO2 \u00e9mise par un client d\u00e9clenche l&#8217;achat et le retrait d&#8217;un nouveau cr\u00e9dit carbone.<\/p>\n <\/div>\n                <\/li>\n                    <\/ul>\n    <\/div>\n\n    <\/div>\n\n<\/div>\n\n\n<p><\/p>\n\n\n\n<p><\/p>\n","protected":false},"excerpt":{"rendered":"<p>Avec notre programme Radius Future, vous pouvez compenser 100% des \u00e9missions de CO2 g\u00e9n\u00e9r\u00e9es par le carburant que vous achetez avec nos cartes carburant. En adh\u00e9rant au programme Radius Future, vous payerez 1 cent suppl\u00e9mentaire par litre sur vos factures de carburant. Ce montant sera investi par Radius dans des projets mondiaux de r\u00e9duction des &hellip; <a href=\"https:\/\/www.radiusfuelsolutions.com\/fr-be\/radius-future\/\">Continued<\/a><\/p>\n","protected":false},"author":14,"featured_media":0,"parent":0,"menu_order":0,"comment_status":"closed","ping_status":"closed","template":"","meta":{"_cloudinary_featured_overwrite":false,"footnotes":""},"class_list":["post-17434","page","type-page","status-publish","hentry"],"acf":[],"_links":{"self":[{"href":"https:\/\/www.radiusfuelsolutions.com\/fr-be\/wp-json\/wp\/v2\/pages\/17434","targetHints":{"allow":["GET"]}}],"collection":[{"href":"https:\/\/www.radiusfuelsolutions.com\/fr-be\/wp-json\/wp\/v2\/pages"}],"about":[{"href":"https:\/\/www.radiusfuelsolutions.com\/fr-be\/wp-json\/wp\/v2\/types\/page"}],"author":[{"embeddable":true,"href":"https:\/\/www.radiusfuelsolutions.com\/fr-be\/wp-json\/wp\/v2\/users\/14"}],"replies":[{"embeddable":true,"href":"https:\/\/www.radiusfuelsolutions.com\/fr-be\/wp-json\/wp\/v2\/comments?post=17434"}],"version-history":[{"count":15,"href":"https:\/\/www.radiusfuelsolutions.com\/fr-be\/wp-json\/wp\/v2\/pages\/17434\/revisions"}],"predecessor-version":[{"id":3372183,"href":"https:\/\/www.radiusfuelsolutions.com\/fr-be\/wp-json\/wp\/v2\/pages\/17434\/revisions\/3372183"}],"wp:attachment":[{"href":"https:\/\/www.radiusfuelsolutions.com\/fr-be\/wp-json\/wp\/v2\/media?parent=17434"}],"curies":[{"name":"wp","href":"https:\/\/api.w.org\/{rel}","templated":true}]}}