{"id":2006792,"date":"2024-07-24T12:59:45","date_gmt":"2024-07-24T12:59:45","guid":{"rendered":"https:\/\/www.radiusfuelsolutions.com\/?page_id=2006792"},"modified":"2024-09-27T12:29:33","modified_gmt":"2024-09-27T12:29:33","slug":"mon-reseau-du-carburants-ou-de-recharge","status":"publish","type":"page","link":"https:\/\/www.radiusfuelsolutions.com\/fr-be\/mon-reseau-du-carburants-ou-de-recharge\/","title":{"rendered":"Mon r\u00e9seau du carburants ou de recharge"},"content":{"rendered":"<div id=\"block_e3000c8c6e2d30e845415744095cff11\" class=\"hero-banner tone-block tone-band bg-cover bg-center bg-no-repeat  relative flex flex-col justify-center items-center\" style=\" color: #FFFFFF; background-image: url(&quot;https:\/\/www.radiusfuelsolutions.com\/app\/uploads\/2024\/07\/AdobeStock_590942780.png&quot;); \">\n    \n    <div class=\"grid grid-cols-1 auto-rows-auto\">\n        <div class=\"hero-banner__content container flex flex-col justify-center items-center w-full text-center\">\n            \n            <h1 as=\"h3\"> Mon r\u00e9seau du carburants ou de recharge <\/h1> \n\n            \n            \n            \n                                                <\/div>\n    <\/div>\n\n<\/div>\n\n<div id=\"block_78aec1dc73526534fb02c8310cc632f8\" class=\"faqs tone-block tone-band bg-cover bg-center bg-no-repeat  pt-8 sm:pt-10 md:pt-14 lg:pt-14 xl:pt-28 pb-0\" style=\"\">    <div class=\"lg:container \">\n\n        \n    <div class=\"container flex flex-col lg:flex-row text-left bg-white text-\">\n            <div class=\"faqs__questions flex flex-col  \">\n                  <div class=\"faqs__question-container mb-2 transition-all lg:mb-4 border-[1px] rounded-[10px] border-grey-light p-4 lg:px-6 lg:py-4 cursor-pointer\">\n            <div class=\"question flex flex-row justify-between items-center\">\n              <h2 class=\"font-bold relative block text-lg xl:text-xl\">Comment puis-je trouver la station-service le plus proche ?<\/h2>\n              <svg class=\"toggle-icon transition-all\" fill=\"currentColor\" height=\"20px\" width=\"20px\" version=\"1.1\" id=\"Layer_1\" xmlns=\"http:\/\/www.w3.org\/2000\/svg\" xmlns:xlink=\"http:\/\/www.w3.org\/1999\/xlink\"\n                viewBox=\"0 0 455 455\" xml:space=\"preserve\">\n              <polygon points=\"455,212.5 242.5,212.5 242.5,0 212.5,0 212.5,212.5 0,212.5 0,242.5 212.5,242.5 212.5,455 242.5,455 242.5,242.5 \n                455,242.5 \"\/>\n              <\/svg>\n            <\/div>\n            <div class=\"answer max-h-0 opacity-0 transition-all overflow-hidden\">\n              <p>Trouvez facilement o\u00f9 vous pouvez faire le plein et\/ou recharger avec \u00a0votre carte gr\u00e2ce \u00e0 notre localisateur de stations e-route disponible via \u00a0 une application ou en ligne.Filtrez en fonction de vos besoins, de votre position et de votre \u00a0 destination pour planifier facilement votre itin\u00e9raire<\/p>\n<p><strong>Vous pouvez consulter E-route via:<\/strong><\/p>\n<ul>\n<li><span style=\"text-decoration: underline; color: #0000ff;\"><a style=\"color: #0000ff; text-decoration: underline;\" href=\"https:\/\/play.google.com\/store\/apps\/details?id=com.radiuspaymentsolutions.eroute.uk_android\" target=\"_blank\" rel=\"noopener\">Google Play Store\u00a0<\/a><\/span><\/li>\n<li><span style=\"text-decoration: underline; color: #0000ff;\"><a style=\"color: #0000ff; text-decoration: underline;\" href=\"https:\/\/apps.apple.com\/nl\/app\/e-route\/id1250358020\" target=\"_blank\" rel=\"noopener\">Apple App Store<\/a>\u00a0<\/span><\/li>\n<\/ul>\n<p><strong>Votre r\u00e9seau actuel n&#8217;est-il pas suffisant ?<\/strong><\/p>\n<p>Nous vous proposons volontiers une solution adapt\u00e9e. Contactez-nous si vous souhaitez \u00e9tendre votre r\u00e9seau.<\/p>\n\n            <\/div>\n          <\/div>\n                            <div class=\"faqs__question-container mb-2 transition-all lg:mb-4 border-[1px] rounded-[10px] border-grey-light p-4 lg:px-6 lg:py-4 cursor-pointer\">\n            <div class=\"question flex flex-row justify-between items-center\">\n              <h2 class=\"font-bold relative block text-lg xl:text-xl\">Comment puis-je trouver le point de recharge le plus proche ?<\/h2>\n              <svg class=\"toggle-icon transition-all\" fill=\"currentColor\" height=\"20px\" width=\"20px\" version=\"1.1\" id=\"Layer_1\" xmlns=\"http:\/\/www.w3.org\/2000\/svg\" xmlns:xlink=\"http:\/\/www.w3.org\/1999\/xlink\"\n                viewBox=\"0 0 455 455\" xml:space=\"preserve\">\n              <polygon points=\"455,212.5 242.5,212.5 242.5,0 212.5,0 212.5,212.5 0,212.5 0,242.5 212.5,242.5 212.5,455 242.5,455 242.5,242.5 \n                455,242.5 \"\/>\n              <\/svg>\n            <\/div>\n            <div class=\"answer max-h-0 opacity-0 transition-all overflow-hidden\">\n              <p>La recharge est possible sur 26.000 bornes de recharge en Belgique, dont 463.000 bornes de recharge en Europe. Vous pouvez utiliser toutes les bornes de recharge publiques, \u00e0 l\u2019exception de Tesla.<\/p>\n<p><strong>Trouvez vos stations de recharge<\/strong><\/p>\n<ul>\n<li>Planifiez votre voyage \u00e0 l&#8217;avance sans avoir \u00e0 d\u00e9vier \u00a0de votre itin\u00e9raire ou trouvez la station de recharge la \u00a0plus proche pour recharger votre voiture en \u00a0d\u00e9placement.<\/li>\n<li>Consultez les informations en direct sur \u00a0l&#8217;emplacement de votre borne de recharge, prix, \u00a0vitesse de charge, marque et disponibilit\u00e9 du r\u00e9seau.<\/li>\n<\/ul>\n<p><strong>Vous pouvez facilement trouver la borne de recharge la plus proche via l&#8217;application :<\/strong><\/p>\n<ul>\n<li><span style=\"text-decoration: underline; color: #0000ff;\"><a style=\"color: #0000ff; text-decoration: underline;\" href=\"https:\/\/play.google.com\/store\/apps\/details?id=com.radiusEV.app\" target=\"_blank\" rel=\"noopener\">Google Play Store<\/a>\u00a0<\/span><\/li>\n<li><span style=\"text-decoration: underline; color: #0000ff;\"><a style=\"color: #0000ff; text-decoration: underline;\" href=\"https:\/\/apps.apple.com\/ph\/app\/radius-ev\/id1551304952\" target=\"_blank\" rel=\"noopener\">Apple App Store<\/a><\/span><\/li>\n<\/ul>\n<p><strong>Votre r\u00e9seau actuel n&#8217;est-il pas suffisant ?<\/strong><\/p>\n<p>Nous vous proposons volontiers une solution adapt\u00e9e. Contactez-nous si vous souhaitez \u00e9tendre votre r\u00e9seau.<\/p>\n\n            <\/div>\n          <\/div>\n                            <div class=\"faqs__question-container mb-2 transition-all lg:mb-4 border-[1px] rounded-[10px] border-grey-light p-4 lg:px-6 lg:py-4 cursor-pointer\">\n            <div class=\"question flex flex-row justify-between items-center\">\n              <h2 class=\"font-bold relative block text-lg xl:text-xl\">Puis-je utiliser ma carte de carburant \u00e0 l&#8217;\u00e9tranger ?<\/h2>\n              <svg class=\"toggle-icon transition-all\" fill=\"currentColor\" height=\"20px\" width=\"20px\" version=\"1.1\" id=\"Layer_1\" xmlns=\"http:\/\/www.w3.org\/2000\/svg\" xmlns:xlink=\"http:\/\/www.w3.org\/1999\/xlink\"\n                viewBox=\"0 0 455 455\" xml:space=\"preserve\">\n              <polygon points=\"455,212.5 242.5,212.5 242.5,0 212.5,0 212.5,212.5 0,212.5 0,242.5 212.5,242.5 212.5,455 242.5,455 242.5,242.5 \n                455,242.5 \"\/>\n              <\/svg>\n            <\/div>\n            <div class=\"answer max-h-0 opacity-0 transition-all overflow-hidden\">\n              <p>Avec la Fleetpass Europe, NFC international, EDC Truckone et la carte carburant Shell, vous pouvez faire le plein \u00e0 l&#8217;\u00e9tranger. Avec notre Fleetpass+, vous pouvez faire le plein dans tout le Benelux.<\/p>\n<p>Trouvez facilement o\u00f9 vous pouvez faire le plein et\/ou recharger avec \u00a0votre carte gr\u00e2ce \u00e0 notre localisateur de stations e-route disponible via \u00a0 une application ou en ligne.Filtrez en fonction de vos besoins, de votre position et de votre \u00a0 destination pour planifier facilement votre itin\u00e9raire<\/p>\n<p><strong>Vous pouvez consulter E-route via:<\/strong><\/p>\n<ul>\n<li><a href=\"https:\/\/play.google.com\/store\/apps\/details?id=com.radiuspaymentsolutions.eroute.uk_android\" target=\"_blank\" rel=\"noopener\">Google Play Store\u00a0<\/a><\/li>\n<li><a href=\"https:\/\/apps.apple.com\/nl\/app\/e-route\/id1250358020\" target=\"_blank\" rel=\"noopener\">Apple App Store<\/a><\/li>\n<\/ul>\n<p><strong>Votre r\u00e9seau actuel n&#8217;est-il pas suffisant ?<\/strong><\/p>\n<p>Nous vous proposons volontiers une solution adapt\u00e9e. Contactez-nous si vous souhaitez \u00e9tendre votre r\u00e9seau.<\/p>\n\n            <\/div>\n          <\/div>\n                        <\/div>\n\n    <\/div>\n<\/div>\n<\/div>`\n\n\n<figure class=\"wp-block-image size-large\"><a href=\"https:\/\/www.radius.com\/fr-be\/telematique\/suivi-vehicule\/formulaire\/?utm_source=autoreplybe&amp;utm_medium=autoreplybe&amp;utm_campaign=autoreplybe\" target=\"_blank\" rel=\"noopener\"><img width=\"1024\" height=\"173\" data-public-id=\"radius_fuel_solutions\/TELEMATICS-FR\/TELEMATICS-FR.png\" loading=\"lazy\" decoding=\"async\" src=\"https:\/\/res.cloudinary.com\/radius-media\/images\/w_1024,h_173,c_scale\/f_auto,q_auto\/v1727439766\/radius_fuel_solutions\/TELEMATICS-FR\/TELEMATICS-FR.png?_i=AA\" alt=\"\" class=\"wp-post-2006792 wp-image-2318779\" data-format=\"png\" data-transformations=\"f_auto,q_auto\" data-version=\"1727439766\" data-seo=\"1\" data-responsive=\"1\" srcset=\"https:\/\/res.cloudinary.com\/radius-media\/images\/w_1024,h_173,c_scale\/f_auto,q_auto\/v1727439766\/radius_fuel_solutions\/TELEMATICS-FR\/TELEMATICS-FR.png?_i=AA 1168w, https:\/\/res.cloudinary.com\/radius-media\/images\/w_1048,h_176,c_scale\/f_auto,q_auto\/v1727439766\/radius_fuel_solutions\/TELEMATICS-FR\/TELEMATICS-FR.png?_i=AA 1048w, https:\/\/res.cloudinary.com\/radius-media\/images\/w_848,h_143,c_scale\/f_auto,q_auto\/v1727439766\/radius_fuel_solutions\/TELEMATICS-FR\/TELEMATICS-FR.png?_i=AA 848w, https:\/\/res.cloudinary.com\/radius-media\/images\/w_648,h_109,c_scale\/f_auto,q_auto\/v1727439766\/radius_fuel_solutions\/TELEMATICS-FR\/TELEMATICS-FR.png?_i=AA 648w, https:\/\/res.cloudinary.com\/radius-media\/images\/w_448,h_75,c_scale\/f_auto,q_auto\/v1727439766\/radius_fuel_solutions\/TELEMATICS-FR\/TELEMATICS-FR.png?_i=AA 448w, https:\/\/res.cloudinary.com\/radius-media\/images\/w_248,h_41,c_scale\/f_auto,q_auto\/v1727439766\/radius_fuel_solutions\/TELEMATICS-FR\/TELEMATICS-FR.png?_i=AA 248w\" sizes=\"(max-width: 1168px) 100vw, 1168px\" \/><\/a><\/figure>\n","protected":false},"excerpt":{"rendered":"","protected":false},"author":37,"featured_media":0,"parent":0,"menu_order":0,"comment_status":"closed","ping_status":"closed","template":"","meta":{"_cloudinary_featured_overwrite":false,"footnotes":""},"class_list":["post-2006792","page","type-page","status-publish","hentry"],"acf":[],"_links":{"self":[{"href":"https:\/\/www.radiusfuelsolutions.com\/fr-be\/wp-json\/wp\/v2\/pages\/2006792","targetHints":{"allow":["GET"]}}],"collection":[{"href":"https:\/\/www.radiusfuelsolutions.com\/fr-be\/wp-json\/wp\/v2\/pages"}],"about":[{"href":"https:\/\/www.radiusfuelsolutions.com\/fr-be\/wp-json\/wp\/v2\/types\/page"}],"author":[{"embeddable":true,"href":"https:\/\/www.radiusfuelsolutions.com\/fr-be\/wp-json\/wp\/v2\/users\/37"}],"replies":[{"embeddable":true,"href":"https:\/\/www.radiusfuelsolutions.com\/fr-be\/wp-json\/wp\/v2\/comments?post=2006792"}],"version-history":[{"count":9,"href":"https:\/\/www.radiusfuelsolutions.com\/fr-be\/wp-json\/wp\/v2\/pages\/2006792\/revisions"}],"predecessor-version":[{"id":2318703,"href":"https:\/\/www.radiusfuelsolutions.com\/fr-be\/wp-json\/wp\/v2\/pages\/2006792\/revisions\/2318703"}],"wp:attachment":[{"href":"https:\/\/www.radiusfuelsolutions.com\/fr-be\/wp-json\/wp\/v2\/media?parent=2006792"}],"curies":[{"name":"wp","href":"https:\/\/api.w.org\/{rel}","templated":true}]}}