{"id":2006845,"date":"2024-07-24T13:04:08","date_gmt":"2024-07-24T13:04:08","guid":{"rendered":"https:\/\/www.radiusfuelsolutions.com\/?page_id=2006845"},"modified":"2024-09-27T12:29:47","modified_gmt":"2024-09-27T12:29:47","slug":"autres-services-radius","status":"publish","type":"page","link":"https:\/\/www.radiusfuelsolutions.com\/fr-be\/autres-services-radius\/","title":{"rendered":"Autres services Radius"},"content":{"rendered":"<div id=\"block_d8377b086c853405865097e40e34d044\" class=\"hero-banner tone-block tone-band bg-cover bg-center bg-no-repeat  relative flex flex-col justify-center items-center\" style=\" color: #FFFFFF; background-image: url(&quot;https:\/\/www.radiusfuelsolutions.com\/app\/uploads\/2024\/07\/AdobeStock_590942780.png&quot;); \">\n    \n    <div class=\"grid grid-cols-1 auto-rows-auto\">\n        <div class=\"hero-banner__content container flex flex-col justify-center items-center w-full text-center\">\n            \n            <h1 as=\"h3\"> Autres services Radius <\/h1> \n\n            \n            \n            \n                                                <\/div>\n    <\/div>\n\n<\/div>\n\n<div id=\"block_0cc206f86444935c5a6b96cccab5360f\" class=\"faqs tone-block tone-band bg-cover bg-center bg-no-repeat  pt-8 pb-8 sm:pt-10 sm:pb-10 md:pt-14 md:pb-14 lg:pt-14 lg:pb-14 xl:pt-28 xl:pb-28\" style=\"\">    <div class=\"lg:container \">\n\n        \n    <div class=\"container flex flex-col lg:flex-row text-left bg-white text-\">\n            <div class=\"faqs__questions flex flex-col  \">\n                  <div class=\"faqs__question-container mb-2 transition-all lg:mb-4 border-[1px] rounded-[10px] border-grey-light p-4 lg:px-6 lg:py-4 cursor-pointer\">\n            <div class=\"question flex flex-row justify-between items-center\">\n              <h2 class=\"font-bold relative block text-lg xl:text-xl\">Cartes de recharge<\/h2>\n              <svg class=\"toggle-icon transition-all\" fill=\"currentColor\" height=\"20px\" width=\"20px\" version=\"1.1\" id=\"Layer_1\" xmlns=\"http:\/\/www.w3.org\/2000\/svg\" xmlns:xlink=\"http:\/\/www.w3.org\/1999\/xlink\"\n                viewBox=\"0 0 455 455\" xml:space=\"preserve\">\n              <polygon points=\"455,212.5 242.5,212.5 242.5,0 212.5,0 212.5,212.5 0,212.5 0,242.5 212.5,242.5 212.5,455 242.5,455 242.5,242.5 \n                455,242.5 \"\/>\n              <\/svg>\n            <\/div>\n            <div class=\"answer max-h-0 opacity-0 transition-all overflow-hidden\">\n              <p>La recharge est possible sur 26.000 bornes de recharge en Belgique, dont 463.000 bornes de recharge en Europe. Vous pouvez utiliser toutes les bornes de recharge publiques, \u00e0 l\u2019exception de Tesla.<\/p>\n<p><strong>Trouvez vos stations de recharge<\/strong><\/p>\n<ul>\n<li>Planifiez votre voyage \u00e0 l&#8217;avance sans avoir \u00e0 d\u00e9vier \u00a0de votre itin\u00e9raire ou trouvez la station de recharge la \u00a0plus proche pour recharger votre voiture en \u00a0d\u00e9placement.<\/li>\n<li>Consultez les informations en direct sur \u00a0l&#8217;emplacement de votre borne de recharge, prix, \u00a0vitesse de charge, marque et disponibilit\u00e9 du r\u00e9seau.<\/li>\n<\/ul>\n<p>Vous pouvez facilement trouver la borne de recharge la plus proche via l&#8217;application pratique :<\/p>\n<ul>\n<li><span style=\"text-decoration: underline; color: #0000ff;\"><a style=\"color: #0000ff; text-decoration: underline;\" href=\"https:\/\/play.google.com\/store\/apps\/details?id=com.radiusEV.app\" target=\"_blank\" rel=\"noopener\">Google Play Store<\/a>\u00a0<\/span><\/li>\n<li><span style=\"text-decoration: underline; color: #0000ff;\"><a style=\"color: #0000ff; text-decoration: underline;\" href=\"https:\/\/apps.apple.com\/ph\/app\/radius-ev\/id1551304952\" target=\"_blank\" rel=\"noopener\">Apple App Store<\/a><\/span><\/li>\n<\/ul>\n<p><strong>Contactez-nous si vous souhaitez demander une carte de recharge.<\/strong><\/p>\n\n            <\/div>\n          <\/div>\n                            <div class=\"faqs__question-container mb-2 transition-all lg:mb-4 border-[1px] rounded-[10px] border-grey-light p-4 lg:px-6 lg:py-4 cursor-pointer\">\n            <div class=\"question flex flex-row justify-between items-center\">\n              <h2 class=\"font-bold relative block text-lg xl:text-xl\">Bornes de recharge<\/h2>\n              <svg class=\"toggle-icon transition-all\" fill=\"currentColor\" height=\"20px\" width=\"20px\" version=\"1.1\" id=\"Layer_1\" xmlns=\"http:\/\/www.w3.org\/2000\/svg\" xmlns:xlink=\"http:\/\/www.w3.org\/1999\/xlink\"\n                viewBox=\"0 0 455 455\" xml:space=\"preserve\">\n              <polygon points=\"455,212.5 242.5,212.5 242.5,0 212.5,0 212.5,212.5 0,212.5 0,242.5 212.5,242.5 212.5,455 242.5,455 242.5,242.5 \n                455,242.5 \"\/>\n              <\/svg>\n            <\/div>\n            <div class=\"answer max-h-0 opacity-0 transition-all overflow-hidden\">\n              <p><strong>Trouvez la solution de recharge \u00e9lectrique parfaite pour vous<\/strong><br \/>\nRadius Charge propose une large gamme de mat\u00e9riel pour r\u00e9pondre \u00e0 vos besoins, que vous privil\u00e9giez la puissance, le style, les sp\u00e9cifications ou la taille.<\/p>\n<p><strong>Solutions de recharge \u00e9lectrique sur route<\/strong><br \/>\nIl n&#8217;a jamais \u00e9t\u00e9 aussi facile de recharger votre voiture \u00e9lectrique lorsque vous \u00eates en d\u00e9placement. Donnez \u00e0 vos employ\u00e9s une carte de recharge qui leur donne acc\u00e8s \u00e0 l&#8217;un des plus grands r\u00e9seaux de recharge de Belgique lorsqu&#8217;ils sont sur la route.<\/p>\n<p><strong>G\u00e9rez la recharge \u00e9lectrique de vos VE en un seul endroit<\/strong><br \/>\nNotre logiciel intuitif vous permet de contr\u00f4ler enti\u00e8rement les chargeurs de VE \u00e0 la maison ou dans vos locaux professionnels.<\/p>\n<p><strong>Vous souhaitez plus d&#8217;informations ou commander une borne de recharge ? <\/strong><\/p>\n<p>Visitez :\u00a0<span style=\"text-decoration: underline; color: #0000ff;\"><a style=\"color: #0000ff; text-decoration: underline;\" href=\"https:\/\/www.radius.com\/fr-be\/recharge-electrique\/\" target=\"_blank\" rel=\"noopener\">www.radius.com<\/a><\/span><\/p>\n\n            <\/div>\n          <\/div>\n                            <div class=\"faqs__question-container mb-2 transition-all lg:mb-4 border-[1px] rounded-[10px] border-grey-light p-4 lg:px-6 lg:py-4 cursor-pointer\">\n            <div class=\"question flex flex-row justify-between items-center\">\n              <h2 class=\"font-bold relative block text-lg xl:text-xl\">T\u00e9l\u00e9matique<\/h2>\n              <svg class=\"toggle-icon transition-all\" fill=\"currentColor\" height=\"20px\" width=\"20px\" version=\"1.1\" id=\"Layer_1\" xmlns=\"http:\/\/www.w3.org\/2000\/svg\" xmlns:xlink=\"http:\/\/www.w3.org\/1999\/xlink\"\n                viewBox=\"0 0 455 455\" xml:space=\"preserve\">\n              <polygon points=\"455,212.5 242.5,212.5 242.5,0 212.5,0 212.5,212.5 0,212.5 0,242.5 212.5,242.5 212.5,455 242.5,455 242.5,242.5 \n                455,242.5 \"\/>\n              <\/svg>\n            <\/div>\n            <div class=\"answer max-h-0 opacity-0 transition-all overflow-hidden\">\n              <p><strong>Le plus grand choix<\/strong><br \/>\nDe nombreuses solutions de t\u00e9l\u00e9matiques pour les v\u00e9hicules et les actifs, afin que vous puissiez tout obtenir en un seul endroit.<\/p>\n<p><strong>Un logiciel facile \u00e0 utiliser<\/strong><br \/>\nUn logiciel puissant et facile \u00e0 utiliser qui vous permet de garder le contr\u00f4le et d&#8217;avoir une meilleure vue d&#8217;ensemble.<\/p>\n<p><strong>Une assistance locale avec une expertise mondiale<\/strong><br \/>\nNos \u00e9quipes sont r\u00e9parties dans le monde entier pour vous apporter une assistance experte lorsque vous en avez besoin.<\/p>\n<p><strong>Fonctionnalit\u00e9s de pointe<\/strong><br \/>\nUn plus grand nombre de fonctionnalit\u00e9s vous donnent plus d&#8217;options, nous vous guidons sur ce qui convient le mieux \u00e0 votre entreprise.<\/p>\n<p><strong>Vous souhaitez plus d&#8217;informations ou commander un syst\u00e8me de t\u00e9l\u00e9matique ? <\/strong><\/p>\n<p>Visitez :<span style=\"text-decoration: underline; color: #0000ff;\">\u00a0<a style=\"color: #0000ff;\" href=\"https:\/\/www.radius.com\/fr-be\/telematique\/#cards\" target=\"_blank\" rel=\"noopener\">www.radius.com<\/a><\/span><\/p>\n\n            <\/div>\n          <\/div>\n                            <div class=\"faqs__question-container mb-2 transition-all lg:mb-4 border-[1px] rounded-[10px] border-grey-light p-4 lg:px-6 lg:py-4 cursor-pointer\">\n            <div class=\"question flex flex-row justify-between items-center\">\n              <h2 class=\"font-bold relative block text-lg xl:text-xl\">P\u00e9age<\/h2>\n              <svg class=\"toggle-icon transition-all\" fill=\"currentColor\" height=\"20px\" width=\"20px\" version=\"1.1\" id=\"Layer_1\" xmlns=\"http:\/\/www.w3.org\/2000\/svg\" xmlns:xlink=\"http:\/\/www.w3.org\/1999\/xlink\"\n                viewBox=\"0 0 455 455\" xml:space=\"preserve\">\n              <polygon points=\"455,212.5 242.5,212.5 242.5,0 212.5,0 212.5,212.5 0,212.5 0,242.5 212.5,242.5 212.5,455 242.5,455 242.5,242.5 \n                455,242.5 \"\/>\n              <\/svg>\n            <\/div>\n            <div class=\"answer max-h-0 opacity-0 transition-all overflow-hidden\">\n              <p><strong>Voyager en Europe en toute libert\u00e9<\/strong><br \/>\nNotre solution de p\u00e9age sp\u00e9cialis\u00e9e pour tous vos transports lourds rend votre voyage \u00e0 travers la Belgique et l&#8217;Europe beaucoup plus facile. Le bo\u00eetier de p\u00e9age EETS automatise tous les paiements de p\u00e9ages sur les principaux axes routiers d&#8217;Europe dans 11 pays. Cela inclut les ponts, les tunnels et les passages de fronti\u00e8res. L&#8217;installation du bo\u00eetier de p\u00e9age dans vos v\u00e9hicules ne prend que quelques minutes.<\/p>\n<p><strong>Vous souhaitez plus d&#8217;informations ou commander une solution de p\u00e9age ?\u00a0<\/strong><\/p>\n<p>Visitez :\u00a0<span style=\"text-decoration: underline; color: #0000ff;\"><a style=\"color: #0000ff; text-decoration: underline;\" href=\"https:\/\/www.radius.com\/fr-be\/on-road-services\/solutions-pour-les-peages\/\" target=\"_blank\" rel=\"noopener\">www.radius.com<\/a><\/span><\/p>\n\n            <\/div>\n          <\/div>\n                        <\/div>\n\n    <\/div>\n<\/div>\n<\/div>`\n\n\n<figure class=\"wp-block-image size-large\"><a href=\"https:\/\/www.radius.com\/fr-be\/telematique\/suivi-vehicule\/formulaire\/?utm_source=autoreplybe&amp;utm_medium=autoreplybe&amp;utm_campaign=autoreplybe\" target=\"_blank\" rel=\"noopener\"><img width=\"1024\" height=\"173\" data-public-id=\"radius_fuel_solutions\/TELEMATICS-FR\/TELEMATICS-FR.png\" loading=\"lazy\" decoding=\"async\" src=\"https:\/\/res.cloudinary.com\/radius-media\/images\/w_1024,h_173,c_scale\/f_auto,q_auto\/v1727439766\/radius_fuel_solutions\/TELEMATICS-FR\/TELEMATICS-FR.png?_i=AA\" alt=\"\" class=\"wp-post-2006845 wp-image-2318779\" data-format=\"png\" data-transformations=\"f_auto,q_auto\" data-version=\"1727439766\" data-seo=\"1\" data-responsive=\"1\" srcset=\"https:\/\/res.cloudinary.com\/radius-media\/images\/w_1024,h_173,c_scale\/f_auto,q_auto\/v1727439766\/radius_fuel_solutions\/TELEMATICS-FR\/TELEMATICS-FR.png?_i=AA 1168w, https:\/\/res.cloudinary.com\/radius-media\/images\/w_1048,h_176,c_scale\/f_auto,q_auto\/v1727439766\/radius_fuel_solutions\/TELEMATICS-FR\/TELEMATICS-FR.png?_i=AA 1048w, https:\/\/res.cloudinary.com\/radius-media\/images\/w_848,h_143,c_scale\/f_auto,q_auto\/v1727439766\/radius_fuel_solutions\/TELEMATICS-FR\/TELEMATICS-FR.png?_i=AA 848w, https:\/\/res.cloudinary.com\/radius-media\/images\/w_648,h_109,c_scale\/f_auto,q_auto\/v1727439766\/radius_fuel_solutions\/TELEMATICS-FR\/TELEMATICS-FR.png?_i=AA 648w, https:\/\/res.cloudinary.com\/radius-media\/images\/w_448,h_75,c_scale\/f_auto,q_auto\/v1727439766\/radius_fuel_solutions\/TELEMATICS-FR\/TELEMATICS-FR.png?_i=AA 448w, https:\/\/res.cloudinary.com\/radius-media\/images\/w_248,h_41,c_scale\/f_auto,q_auto\/v1727439766\/radius_fuel_solutions\/TELEMATICS-FR\/TELEMATICS-FR.png?_i=AA 248w\" sizes=\"(max-width: 1168px) 100vw, 1168px\" \/><\/a><\/figure>\n","protected":false},"excerpt":{"rendered":"","protected":false},"author":37,"featured_media":0,"parent":0,"menu_order":0,"comment_status":"closed","ping_status":"closed","template":"","meta":{"_cloudinary_featured_overwrite":false,"footnotes":""},"class_list":["post-2006845","page","type-page","status-publish","hentry"],"acf":[],"_links":{"self":[{"href":"https:\/\/www.radiusfuelsolutions.com\/fr-be\/wp-json\/wp\/v2\/pages\/2006845","targetHints":{"allow":["GET"]}}],"collection":[{"href":"https:\/\/www.radiusfuelsolutions.com\/fr-be\/wp-json\/wp\/v2\/pages"}],"about":[{"href":"https:\/\/www.radiusfuelsolutions.com\/fr-be\/wp-json\/wp\/v2\/types\/page"}],"author":[{"embeddable":true,"href":"https:\/\/www.radiusfuelsolutions.com\/fr-be\/wp-json\/wp\/v2\/users\/37"}],"replies":[{"embeddable":true,"href":"https:\/\/www.radiusfuelsolutions.com\/fr-be\/wp-json\/wp\/v2\/comments?post=2006845"}],"version-history":[{"count":9,"href":"https:\/\/www.radiusfuelsolutions.com\/fr-be\/wp-json\/wp\/v2\/pages\/2006845\/revisions"}],"predecessor-version":[{"id":2318705,"href":"https:\/\/www.radiusfuelsolutions.com\/fr-be\/wp-json\/wp\/v2\/pages\/2006845\/revisions\/2318705"}],"wp:attachment":[{"href":"https:\/\/www.radiusfuelsolutions.com\/fr-be\/wp-json\/wp\/v2\/media?parent=2006845"}],"curies":[{"name":"wp","href":"https:\/\/api.w.org\/{rel}","templated":true}]}}