{"id":5410,"date":"2021-08-02T08:01:57","date_gmt":"2021-08-02T08:01:57","guid":{"rendered":"https:\/\/www.radiusfuelsolutions.com\/current-charges\/"},"modified":"2024-10-18T14:05:17","modified_gmt":"2024-10-18T14:05:17","slug":"frais-en-vigueur","status":"publish","type":"page","link":"https:\/\/www.radiusfuelsolutions.com\/fr-fr\/frais-en-vigueur\/","title":{"rendered":"Current Charges"},"content":{"rendered":"<div id=\"block_3ffa77470a16c4a6355767d67ed73f9b\" class=\"heading-copy tone-block tone-band bg-cover bg-center bg-no-repeat  pt-0 pb-0\" style=\"\">\n    <div class=\"container \">\n\n            <div class=\"block-headings flex flex-col justify-center items-center   \">\n            \n                                                <h1 as=\"h4\" class=\"block-headings__block-title text-center\"> Frais en vigueur <\/h1>\n                            \n                            <p as=\"text-lg\" class=\"text-center text-font\">  <\/p> \n            \n            \n                    <\/div>\n    \n    \n    <\/div>\n\n<\/div>\n\n\n<figure class=\"wp-block-table\"><table><thead><tr><th>Type de frais<\/th><th>Montant<\/th><th>Description<\/th><th>P\u00e9riodicit\u00e9<\/th><th>Factur\u00e9<\/th><\/tr><\/thead><tbody><tr><td><strong>Frais de non-retour du badge de t\u00e9l\u00e9p\u00e9age<\/strong><\/td><td>150,00\u20ac \/ badge<\/td><td>Frais de non retour<\/td><td>Par Facture<\/td><td>Par dispositif<\/td><\/tr><tr><td><strong>Frais d&#8217;activation de dossier<\/strong><\/td><td>18,00\u20ac<\/td><td>Frais de dossier<\/td><td>A l&#8217;ouverture du dossier<\/td><td>A l&#8217;ouverture du dossier<\/td><\/tr><tr><td><strong>Frais de carte<\/strong><\/td><td>jusqu\u2019\u00e0 5,00\u20ac<\/td><td>Frais de carte<\/td><td>Mensuel<\/td><td>Par carte<\/td><\/tr><tr><td><strong>Frais de non-utilisation<\/strong><\/td><td>5,00\u20ac<\/td><td>Frais de carte<\/td><td>Mensuel<\/td><td>Par carte<\/td><\/tr><tr><td><strong>Envoi de facture par courrier<\/strong><\/td><td>2,95\u20ac<\/td><td>Frais d&#8217;envoi<\/td><td>Par facture<\/td><td>Par facture<\/td><\/tr><tr><td><strong>Frais de gestion &#8211; carburant<\/strong>*<\/td><td>jusqu&#8217;\u00e0 5%<\/td><td>Frais de gestion<\/td><td>Par facture<\/td><td>Par facture<\/td><\/tr><tr><td><strong>Frais de gestion &#8211; produits hors carburant<\/strong>*<\/td><td>3% &#8211; 5%<\/td><td>Frais de gestion<\/td><td>Par facture<\/td><td>Par facture<\/td><\/tr><tr><td><strong>Frais de gestion &#8211; t\u00e9l\u00e9p\u00e9age<\/strong>*<\/td><td>jusqu\u2019\u00e0 10%<\/td><td>Frais de gestion<\/td><td>Par facture<\/td><td>Par facture<\/td><\/tr><tr><td><strong>Frais administratif<\/strong><\/td><td>jusqu\u2019\u00e0 80,00\u20ac<\/td><td>Frais en cas d&#8217;incident de paiement<\/td><td>Par incident de paiement<\/td><td>Par incident de paiement<\/td><\/tr><\/tbody><tfoot><tr><td>* D\u00e9pendant de la carte<br><\/td><td><\/td><td><\/td><td><\/td><td><\/td><\/tr><\/tfoot><\/table><\/figure>\n\n\n<div id=\"block_ad55d43b533213eed907e9b13d1a442a\" class=\"heading-copy tone-block tone-band bg-cover bg-center bg-no-repeat  pb-8 sm:pb-10 md:pb-14 lg:pb-14 xl:pb-28 pt-0\" style=\"\">\n    <div class=\"container \">\n\n            <div class=\"block-headings flex flex-col justify-center items-center   \">\n            \n                                                <h2 as=\"h4\" class=\"block-headings__block-title text-center\">  <\/h2>\n                            \n                            <p as=\"text-lg\" class=\"text-center text-font\">  <\/p> \n            \n            \n                    <\/div>\n    \n            <div class=\"heading-copy__wrapper\">\n            <div class=\"heading-copy__copy\"> <p>Pour toute question concernant le prix de votre carburant, veuillez consulter votre facture hebdomadaire ou votre gestionnaire de compte. Tous nos prix sont soumis \u00e0 des taxes gouvernementales, des droits, des pr\u00e9l\u00e8vements et des frais au taux en vigueur qui peuvent \u00eatre appliqu\u00e9s de temps \u00e0 autre.<\/p>\n<p><strong>Adresse du bureau : <\/strong>Radius Business Solutions (France) SAS\u00a0 |\u00a0 104 Rue Nationale, 59800 Lille, France<br \/>\n<strong>Si\u00e8ge social :<\/strong> Radius Business Solutions (France) SAS\u00a0 |\u00a0 104 Rue Nationale, 59800 Lille, France<br \/>\n<strong>Num\u00e9ro d\u2019immatriculation : <\/strong>752129106<\/p>\n <\/div>\n        <\/div>\n    \n    <\/div>\n\n<\/div>\n\n\n<p><\/p>\n","protected":false},"excerpt":{"rendered":"<p>Type de frais Montant Description P\u00e9riodicit\u00e9 Factur\u00e9 Frais de non-retour du badge de t\u00e9l\u00e9p\u00e9age 150,00\u20ac \/ badge Frais de non retour Par Facture Par dispositif Frais d&#8217;activation de dossier 18,00\u20ac Frais de dossier A l&#8217;ouverture du dossier A l&#8217;ouverture du dossier Frais de carte jusqu\u2019\u00e0 5,00\u20ac Frais de carte Mensuel Par carte Frais de non-utilisation &hellip; <a href=\"https:\/\/www.radiusfuelsolutions.com\/fr-fr\/frais-en-vigueur\/\">Continued<\/a><\/p>\n","protected":false},"author":1,"featured_media":0,"parent":0,"menu_order":71,"comment_status":"closed","ping_status":"closed","template":"","meta":{"_cloudinary_featured_overwrite":false,"footnotes":""},"class_list":["post-5410","page","type-page","status-publish","hentry"],"acf":[],"_links":{"self":[{"href":"https:\/\/www.radiusfuelsolutions.com\/fr-fr\/wp-json\/wp\/v2\/pages\/5410","targetHints":{"allow":["GET"]}}],"collection":[{"href":"https:\/\/www.radiusfuelsolutions.com\/fr-fr\/wp-json\/wp\/v2\/pages"}],"about":[{"href":"https:\/\/www.radiusfuelsolutions.com\/fr-fr\/wp-json\/wp\/v2\/types\/page"}],"author":[{"embeddable":true,"href":"https:\/\/www.radiusfuelsolutions.com\/fr-fr\/wp-json\/wp\/v2\/users\/1"}],"replies":[{"embeddable":true,"href":"https:\/\/www.radiusfuelsolutions.com\/fr-fr\/wp-json\/wp\/v2\/comments?post=5410"}],"version-history":[{"count":16,"href":"https:\/\/www.radiusfuelsolutions.com\/fr-fr\/wp-json\/wp\/v2\/pages\/5410\/revisions"}],"predecessor-version":[{"id":2416154,"href":"https:\/\/www.radiusfuelsolutions.com\/fr-fr\/wp-json\/wp\/v2\/pages\/5410\/revisions\/2416154"}],"wp:attachment":[{"href":"https:\/\/www.radiusfuelsolutions.com\/fr-fr\/wp-json\/wp\/v2\/media?parent=5410"}],"curies":[{"name":"wp","href":"https:\/\/api.w.org\/{rel}","templated":true}]}}