{"id":5548,"date":"2021-08-02T10:57:07","date_gmt":"2021-08-02T10:57:07","guid":{"rendered":"https:\/\/www.radiusfuelsolutions.com\/station-finder\/"},"modified":"2022-10-19T15:22:31","modified_gmt":"2022-10-19T15:22:31","slug":"comment-utiliser-eroute","status":"publish","type":"page","link":"https:\/\/www.radiusfuelsolutions.com\/fr-fr\/comment-utiliser-eroute\/","title":{"rendered":"Station finder"},"content":{"rendered":"<div id=\"block_3a261e1ed362024e536133aa3b29362d\" class=\"cards cards-display-grid tone-block tone-band bg-cover bg-center bg-no-repeat is-style-rounded pt-8 pb-8 sm:pt-10 sm:pb-10 md:pt-14 md:pb-14 lg:pt-14 lg:pb-14 xl:pt-28 xl:pb-28\" style=\"background-color: #F6F5F4; \">    <div class=\"container \">\n\n            <div class=\"block-headings flex flex-col justify-center items-center justify-between   pb-8 sm:pb-10 md:pb-14 lg:pb-14 xl:pb-28\">\n            \n                                                <h2 as=\"h4\" class=\"block-headings__block-title text-center\"> Comment utiliser e-route <\/h2>\n                            \n                            <p as=\"text-lg\" class=\"text-center text-font\"> e-route est une carte de recherche de stations interactive, affichant toutes les stations-service en France o\u00f9 vous pouvez utiliser vos cartes de carburant Radius Fuel Solutions. <\/p> \n            \n                            <a class=\"block-headings__cta button button--primary mt-8\" href=\"https:\/\/www.erouteonline.com\/v7\/elsfr\/\" target=\"_blank\" rel=\"noopener\"> Aller vers e-route  <\/a>\n            \n                    <\/div>\n    \n\n    <!-- Start: Cards --> \n    <div class=\"cards__wrapper\" data-cards-per-slide=\"\">\n                                <ul class=\"cards__list list-none p-0 m-0\n            grid gap-8 lg:grid-cols-3 lg:gap-10 \n             \n             \n              \n               \n            cards__list--has-cropped-images\">\n\n                                                        <li class=\"cards__list-item w-full flex flex-col justify-start items-center  \">\n                        \n                                                <div class=\"card card--instruction  bg-white rounded-[10px] overflow-hidden h-full\">\n        <div class=\"card__content\">\n                    <h2 class=\"card__heading mb-6 text-lg font-semibold text-font lg:text-2xl\"> Comment trouver la station-service la plus proche de vous\u00a0? <\/h2>\n                            <div class=\"card__copy text-sm font-normal text-font mb-8 lg:text-lg\">\n                <p>Pour voir les stations-service proches de vous sur la carte, consultez le menu \u00e0 gauche de votre \u00e9cran.<\/p>\n\n            <\/div>\n                <ul class=\"space-y-8 border-t border-grey-very-light pt-8\">\n                                        <li class=\"card--instruction__point flex flex-row justify-start items-start w-full\">\n                    <span class=\"bg-primary rounded-[10px] w-9 h-9 flex flex-col justify-center items-center mr-5 flex-shrink-0 font-semibold text-white font-sm lg:font-base\"> 1 <\/span>\n                    <p>S\u00e9lectionnez <b>Emplacement proche<\/b><\/p>\n\n                <\/li>\n                                            <li class=\"card--instruction__point flex flex-row justify-start items-start w-full\">\n                    <span class=\"bg-primary rounded-[10px] w-9 h-9 flex flex-col justify-center items-center mr-5 flex-shrink-0 font-semibold text-white font-sm lg:font-base\"> 2 <\/span>\n                    <p>Entrez le code postal de votre emplacement actuel.<\/p>\n\n                <\/li>\n                                            <li class=\"card--instruction__point flex flex-row justify-start items-start w-full\">\n                    <span class=\"bg-primary rounded-[10px] w-9 h-9 flex flex-col justify-center items-center mr-5 flex-shrink-0 font-semibold text-white font-sm lg:font-base\"> 3 <\/span>\n                    <p>D\u00e9finissez un p\u00e9rim\u00e8tre si vous souhaitez exclure toutes les stations-service au-del\u00e0 d&#8217;une certaine distance.<\/p>\n\n                <\/li>\n                                    <\/ul>\n    <\/div>\n<\/div>                        \n                    <\/li>\n                                                                            <li class=\"cards__list-item w-full flex flex-col justify-start items-center  \">\n                        \n                                                <div class=\"card card--instruction  bg-white rounded-[10px] overflow-hidden h-full\">\n        <div class=\"card__content\">\n                    <h2 class=\"card__heading mb-6 text-lg font-semibold text-font lg:text-2xl\"> Comment trouver des stations-service le long de votre itin\u00e9raire\u00a0? <\/h2>\n                            <div class=\"card__copy text-sm font-normal text-font mb-8 lg:text-lg\">\n                <p>Pour planifier \u00e0 l&#8217;avance les arr\u00eats de ravitaillement tout au long de votre trajet, consultez le menu \u00e0 gauche de votre \u00e9cran.<\/p>\n\n            <\/div>\n                <ul class=\"space-y-8 border-t border-grey-very-light pt-8\">\n                                        <li class=\"card--instruction__point flex flex-row justify-start items-start w-full\">\n                    <span class=\"bg-primary rounded-[10px] w-9 h-9 flex flex-col justify-center items-center mr-5 flex-shrink-0 font-semibold text-white font-sm lg:font-base\"> 1 <\/span>\n                    <p>S\u00e9lectionnez <b>Sur la route<\/b>.<\/p>\n\n                <\/li>\n                                            <li class=\"card--instruction__point flex flex-row justify-start items-start w-full\">\n                    <span class=\"bg-primary rounded-[10px] w-9 h-9 flex flex-col justify-center items-center mr-5 flex-shrink-0 font-semibold text-white font-sm lg:font-base\"> 2 <\/span>\n                    <p>Saisissez vos codes postaux de d\u00e9part et de destination.<\/p>\n\n                <\/li>\n                                            <li class=\"card--instruction__point flex flex-row justify-start items-start w-full\">\n                    <span class=\"bg-primary rounded-[10px] w-9 h-9 flex flex-col justify-center items-center mr-5 flex-shrink-0 font-semibold text-white font-sm lg:font-base\"> 3 <\/span>\n                    <p>La carte affichera toutes les stations le long de cet itin\u00e9raire.<\/p>\n\n                <\/li>\n                                    <\/ul>\n    <\/div>\n<\/div>                        \n                    <\/li>\n                                                                            <li class=\"cards__list-item w-full flex flex-col justify-start items-center  \">\n                        \n                                                <div class=\"card card--instruction  bg-white rounded-[10px] overflow-hidden h-full\">\n        <div class=\"card__content\">\n                    <h2 class=\"card__heading mb-6 text-lg font-semibold text-font lg:text-2xl\"> Comment trouver des stations-service ouvertes 24\u00a0h\/24\u00a0? <\/h2>\n                            <div class=\"card__copy text-sm font-normal text-font mb-8 lg:text-lg\">\n                <p>Si vous devez faire le plein de diesel ou d&#8217;essence la nuit, consultez le menu \u00e0 gauche de votre \u00e9cran.<\/p>\n\n            <\/div>\n                <ul class=\"space-y-8 border-t border-grey-very-light pt-8\">\n                                        <li class=\"card--instruction__point flex flex-row justify-start items-start w-full\">\n                    <span class=\"bg-primary rounded-[10px] w-9 h-9 flex flex-col justify-center items-center mr-5 flex-shrink-0 font-semibold text-white font-sm lg:font-base\"> 1 <\/span>\n                    <p>S\u00e9lectionnez <strong>\u00c9<\/strong><b>quipement du site<\/b><\/p>\n\n                <\/li>\n                                            <li class=\"card--instruction__point flex flex-row justify-start items-start w-full\">\n                    <span class=\"bg-primary rounded-[10px] w-9 h-9 flex flex-col justify-center items-center mr-5 flex-shrink-0 font-semibold text-white font-sm lg:font-base\"> 2 <\/span>\n                    <p>Cochez la case 24\/7.<\/p>\n\n                <\/li>\n                                            <li class=\"card--instruction__point flex flex-row justify-start items-start w-full\">\n                    <span class=\"bg-primary rounded-[10px] w-9 h-9 flex flex-col justify-center items-center mr-5 flex-shrink-0 font-semibold text-white font-sm lg:font-base\"> 3 <\/span>\n                    <p>Zoomez sur votre emplacement pour voir toutes les stations-service ouvertes 24&nbsp;h\/24.<\/p>\n\n                <\/li>\n                                    <\/ul>\n    <\/div>\n<\/div>                        \n                    <\/li>\n                                                                            <li class=\"cards__list-item w-full flex flex-col justify-start items-center  \">\n                        \n                                                <div class=\"card card--instruction  bg-white rounded-[10px] overflow-hidden h-full\">\n        <div class=\"card__content\">\n                    <h2 class=\"card__heading mb-6 text-lg font-semibold text-font lg:text-2xl\"> Comment trouver des stations o\u00f9 vous pouvez utiliser votre carte de carburant\u00a0? <\/h2>\n                            <div class=\"card__copy text-sm font-normal text-font mb-8 lg:text-lg\">\n                <p>Par d\u00e9faut, e-route vous pr\u00e9sente toutes les stations-service dans lesquelles vous pouvez utiliser les cartes que nous fournissons. Pour ne voir que les stations diesel ou essence o\u00f9 vous pouvez utiliser votre propre carte de carburant, consultez la liste des diff\u00e9rentes cartes de carburant \u00e0 droite de votre \u00e9cran.<\/p>\n\n            <\/div>\n                <ul class=\"space-y-8 border-t border-grey-very-light pt-8\">\n                                        <li class=\"card--instruction__point flex flex-row justify-start items-start w-full\">\n                    <span class=\"bg-primary rounded-[10px] w-9 h-9 flex flex-col justify-center items-center mr-5 flex-shrink-0 font-semibold text-white font-sm lg:font-base\"> 1 <\/span>\n                    <p>Appuyez sur le bouton bleu <b>Tout d\u00e9s\u00e9lectionner.<\/b><\/p>\n\n                <\/li>\n                                            <li class=\"card--instruction__point flex flex-row justify-start items-start w-full\">\n                    <span class=\"bg-primary rounded-[10px] w-9 h-9 flex flex-col justify-center items-center mr-5 flex-shrink-0 font-semibold text-white font-sm lg:font-base\"> 2 <\/span>\n                    <p>S\u00e9lectionnez uniquement votre carte de carburant dans la case \u00e0 cocher.<\/p>\n\n                <\/li>\n                                            <li class=\"card--instruction__point flex flex-row justify-start items-start w-full\">\n                    <span class=\"bg-primary rounded-[10px] w-9 h-9 flex flex-col justify-center items-center mr-5 flex-shrink-0 font-semibold text-white font-sm lg:font-base\"> 3 <\/span>\n                    <p>Appuyez sur le bouton bleu <b>Go<\/b> pour afficher le r\u00e9sultat.<\/p>\n\n                <\/li>\n                                    <\/ul>\n    <\/div>\n<\/div>                        \n                    <\/li>\n                                                                            <li class=\"cards__list-item w-full flex flex-col justify-start items-center  \">\n                        \n                                                <div class=\"card card--instruction  bg-white rounded-[10px] overflow-hidden h-full\">\n        <div class=\"card__content\">\n                    <h2 class=\"card__heading mb-6 text-lg font-semibold text-font lg:text-2xl\"> Comment trouver des stations pour poids lourds o\u00f9 acheter du diesel\u00a0? <\/h2>\n                            <div class=\"card__copy text-sm font-normal text-font mb-8 lg:text-lg\">\n                <p>Pour les stations qui ont des installations pour poids lourds, y compris des auvents sur\u00e9lev\u00e9s, des pompes \u00e0 haute puissance et des voies d\u00e9di\u00e9es, consultez le menu \u00e0 gauche de votre \u00e9cran.<\/p>\n\n            <\/div>\n                <ul class=\"space-y-8 border-t border-grey-very-light pt-8\">\n                                        <li class=\"card--instruction__point flex flex-row justify-start items-start w-full\">\n                    <span class=\"bg-primary rounded-[10px] w-9 h-9 flex flex-col justify-center items-center mr-5 flex-shrink-0 font-semibold text-white font-sm lg:font-base\"> 1 <\/span>\n                    <p>S\u00e9lectionnez <strong>\u00c9quipement du site<\/strong><\/p>\n\n                <\/li>\n                                            <li class=\"card--instruction__point flex flex-row justify-start items-start w-full\">\n                    <span class=\"bg-primary rounded-[10px] w-9 h-9 flex flex-col justify-center items-center mr-5 flex-shrink-0 font-semibold text-white font-sm lg:font-base\"> 2 <\/span>\n                    <p>Cochez la case <b>Poids lourd.<\/b><\/p>\n\n                <\/li>\n                                            <li class=\"card--instruction__point flex flex-row justify-start items-start w-full\">\n                    <span class=\"bg-primary rounded-[10px] w-9 h-9 flex flex-col justify-center items-center mr-5 flex-shrink-0 font-semibold text-white font-sm lg:font-base\"> 3 <\/span>\n                    <p>Zoomez sur votre emplacement pour voir les stations-service pour camions les plus proches de vous.<\/p>\n\n                <\/li>\n                                    <\/ul>\n    <\/div>\n<\/div>                        \n                    <\/li>\n                                                <\/ul>\n            <\/div>\n    <!-- End: Cards -->\n\n    <\/div>\n<\/div>\n\n","protected":false},"excerpt":{"rendered":"","protected":false},"author":1,"featured_media":0,"parent":0,"menu_order":93,"comment_status":"closed","ping_status":"closed","template":"","meta":{"_cloudinary_featured_overwrite":false,"footnotes":""},"class_list":["post-5548","page","type-page","status-publish","hentry"],"acf":[],"_links":{"self":[{"href":"https:\/\/www.radiusfuelsolutions.com\/fr-fr\/wp-json\/wp\/v2\/pages\/5548","targetHints":{"allow":["GET"]}}],"collection":[{"href":"https:\/\/www.radiusfuelsolutions.com\/fr-fr\/wp-json\/wp\/v2\/pages"}],"about":[{"href":"https:\/\/www.radiusfuelsolutions.com\/fr-fr\/wp-json\/wp\/v2\/types\/page"}],"author":[{"embeddable":true,"href":"https:\/\/www.radiusfuelsolutions.com\/fr-fr\/wp-json\/wp\/v2\/users\/1"}],"replies":[{"embeddable":true,"href":"https:\/\/www.radiusfuelsolutions.com\/fr-fr\/wp-json\/wp\/v2\/comments?post=5548"}],"version-history":[{"count":16,"href":"https:\/\/www.radiusfuelsolutions.com\/fr-fr\/wp-json\/wp\/v2\/pages\/5548\/revisions"}],"predecessor-version":[{"id":15069,"href":"https:\/\/www.radiusfuelsolutions.com\/fr-fr\/wp-json\/wp\/v2\/pages\/5548\/revisions\/15069"}],"wp:attachment":[{"href":"https:\/\/www.radiusfuelsolutions.com\/fr-fr\/wp-json\/wp\/v2\/media?parent=5548"}],"curies":[{"name":"wp","href":"https:\/\/api.w.org\/{rel}","templated":true}]}}