{"id":18011,"date":"2022-12-06T09:33:13","date_gmt":"2022-12-06T09:33:13","guid":{"rendered":"https:\/\/www.radiusfuelsolutions.com\/radius-future\/"},"modified":"2023-02-27T15:35:37","modified_gmt":"2023-02-27T15:35:37","slug":"radius-future","status":"publish","type":"page","link":"https:\/\/www.radiusfuelsolutions.com\/pt-pt\/radius-future\/","title":{"rendered":"Radius Future"},"content":{"rendered":"\n<p><\/p>\n\n\n<div id=\"block_c85677bacbc6af16902fe3d302ad4c1d\" class=\"hero-banner tone-block tone-band bg-cover bg-center bg-no-repeat  relative flex flex-col justify-center items-center\" style=\" color: #FFFFFF; background-image: url(&quot;https:\/\/www.radiusfuelsolutions.com\/app\/uploads\/2022\/12\/MSD-1678-Radius-Future-Web-Banner-2-1.jpg&quot;); \">\n    \n    <div class=\"grid grid-cols-1 auto-rows-auto\">\n        <div class=\"hero-banner__content container flex flex-col justify-center items-center w-full text-center\">\n            \n            <h1 as=\"h3\"> Radius Future <\/h1> \n\n            \n                            <h2 as=\"h6\" class=\"mt-2 lg:mt-3 font-medium\"> Reduza as emiss\u00f5es de C02 atrav\u00e9s da sua frota  <\/h2> \n            \n            \n                                                <\/div>\n    <\/div>\n\n<\/div>\n\n\n<p>Com o nosso mais recente programa <strong>Radius Future<\/strong>, pode reduzir as suas emiss\u00f5es C02 e de combust\u00edvel em 100%. Ao participar no programa Radius Future, estar\u00e1 assim a ajudar o meio ambiente e a contribuir para um futuro melhor! <\/p>\n\n\n\n<p>Em parceria com a Forest Carbon, a contribui\u00e7\u00e3o para esta iniciativa tem o custo de apenas 1 c\u00eantimo extra por litro nas suas contas de combust\u00edvel.  Posteriormente, este montante ser\u00e1 investido em projectos globais e a Radius tem como objetivo, poder reduzir as emiss\u00f5es de CO2 causadas pela utiliza\u00e7\u00e3o de combust\u00edveis fosseis. <\/p>\n\n\n<div id=\"block_c84bb3b9d354271026a14de254c8f383\" class=\"content-panel  tone-block tone-band bg-cover bg-center bg-no-repeat  pt-6 pb-6 sm:pt-6 sm:pb-6 md:pt-8 md:pb-8 lg:pt-14 lg:pb-14 xl:pt-16 xl:pb-16\" style=\"\">\n    <div class=\"container \">\n\n    \n    <!-- Start: Content Panel -->\n    <div class=\"content-panel__wrapper grid items-center grid-cols-1 md:grid-cols-2 border-[1px] border-grey-very-light border-solid rounded-[10px] pb-[9px] relative overflow-hidden   \">\n        <div class=\"gradient-border absolute z-10 bg-gradient-to-r from-[#E51B22] to-[#b20f14]\"><\/div>\n        <!-- Content Panel Content -->\n        <div class=\"content-panel__content w-full order-2 md:order-2 p-[30px] lg:py-12 lg:p-12\">\n                                                    <h2 class=\"content-panel__heading mb-6 text-2xl font-semibold tracking-tight text-font md:leading-tight md:text-4xl \"> O que faz a Forest Carbon? <\/h2>\n                                        <div class=\"content-panel__copy mb-6 mt-6 text-base text-font md:text-lg lg:pr-4 \"> <p>A Radius Payment Solutions, a empresa m\u00e3e da Radius Portugal, est\u00e1 orgulhosa da sua parceria com a Forest Carbon. A Forest Carbon \u00e9 uma empresa brit\u00e2nica, l\u00edder no desenvolvimento de projectos com objectivos relativos \u00e0<ins> <\/ins>redu\u00e7\u00e3o dos impactos de carbono.<\/p>\n<p>\u00c9 tamb\u00e9m verificada pelo Woodland Carbon Code do governo brit\u00e2nico. Gra\u00e7as \u00e0 nossa parceria, a Forest Carbon investir\u00e1 em diversas causas e n\u00f3s podemos contribuir para apoiar nos seus projectos de energias renov\u00e1veis, incluindo energia e\u00f3lica, h\u00eddrica, de res\u00edduos para energia e energia solar, em locais como<ins>,<\/ins> a \u00cdndia, China, Turquia ou Guatemala. Estes projectos foram escolhidos pela sua capacidade de alcan\u00e7ar uma redu\u00e7\u00e3o imediata de carbono.<\/p>\n <\/div>\n                                        <div class=\"wp-block-buttons content-panel__button-group flex flex-col space-y-4 sm:flex-row sm:space-y-0 sm:space-x-2 sm:flex-nowrap\">\n                    <div class=\"wp-block-button is-style-primary\">\n            <a class=\"wp-block-button__link w-full sm:w-auto\" target=\"_blank\" href=\"https:\/\/www.forestcarbon.co.uk\/uk-fuels-projects\" rel=\"noopener\">  Mais informa\u00e7\u00f5es \n                <span class=\"lg:ml-16 md:ml-8 ml-6\">\n                    <svg class=\"arrow ml-4\" width=\"18px\" viewBox=\"0 0 13 10\">\n                    <path d=\"M1,5 L11,5\"><\/path>\n                    <polyline points=\"8 1 12 5 8 9\"><\/polyline>\n                    <\/svg>\n                <\/span>\n            <\/a>\n        <\/div>\n    <\/div>\n                                <\/div> \n\n        <!-- Content Panel Media -->\n                    \n            \n            <div class=\"content-panel__media w-full relative h-full overflow-hidden place-content-center order-1 content-panel__media--left md:order-1\">\n\n                \n                                    <img width=\"500\" height=\"500\" data-public-id=\"radius_fuel_solutions\/Forest_Carbon_Logoresize-1_17774b5897\/Forest_Carbon_Logoresize-1_17774b5897.png\" loading=\"lazy\" decoding=\"async\" src=\"https:\/\/res.cloudinary.com\/radius-media\/images\/w_500,h_500,c_fill,g_auto\/f_auto,q_auto\/v1690968208\/radius_fuel_solutions\/Forest_Carbon_Logoresize-1_17774b5897\/Forest_Carbon_Logoresize-1_17774b5897.png?_i=AA\" class=\"content-panel__image object-cover w-full h-full wp-image-17774\" alt=\"\" data-format=\"png\" data-transformations=\"f_auto,q_auto\" data-version=\"1690968208\" data-seo=\"1\" data-responsive=\"1\" srcset=\"https:\/\/res.cloudinary.com\/radius-media\/images\/w_500,h_500,c_fill,g_auto\/f_auto,q_auto\/v1690968208\/radius_fuel_solutions\/Forest_Carbon_Logoresize-1_17774b5897\/Forest_Carbon_Logoresize-1_17774b5897.png?_i=AA 500w, https:\/\/res.cloudinary.com\/radius-media\/images\/w_448,h_448,c_fill,g_auto\/f_auto,q_auto\/v1690968208\/radius_fuel_solutions\/Forest_Carbon_Logoresize-1_17774b5897\/Forest_Carbon_Logoresize-1_17774b5897.png?_i=AA 448w, https:\/\/res.cloudinary.com\/radius-media\/images\/w_248,h_248,c_fill,g_auto\/f_auto,q_auto\/v1690968208\/radius_fuel_solutions\/Forest_Carbon_Logoresize-1_17774b5897\/Forest_Carbon_Logoresize-1_17774b5897.png?_i=AA 248w\" sizes=\"(max-width: 500px) 100vw, 500px\" \/>\n                    <\/div>\n                    \n                 \n\n            <\/div>\n\n            <\/div>\n    <!-- End: Content Panel -->\n\n    <\/div>\n\n<\/div>\n\n<div id=\"block_68e69c32b722c5dead29f6b0ddd85745\" class=\"content-panel  tone-block tone-band bg-cover bg-center bg-no-repeat  pt-6 sm:pt-6 md:pt-8 lg:pt-14 xl:pt-16 pb-0\" style=\"\">\n    <div class=\"container \">\n\n    \n    <!-- Start: Content Panel -->\n    <div class=\"content-panel__wrapper grid items-center grid-cols-1 md:grid-cols-2 border-[1px] border-grey-very-light border-solid rounded-[10px] pb-[9px] relative overflow-hidden   \">\n        <div class=\"gradient-border absolute z-10 bg-gradient-to-r from-[#E51B22] to-[#b20f14]\"><\/div>\n        <!-- Content Panel Content -->\n        <div class=\"content-panel__content w-full order-2 md:order-1 p-[30px] lg:py-12 lg:p-12\">\n                                                    <h2 class=\"content-panel__heading mb-6 text-2xl font-semibold tracking-tight text-font md:leading-tight md:text-4xl \"> Como funciona o programa Radius Future? <\/h2>\n                                        <div class=\"content-panel__copy mb-6 mt-6 text-base text-font md:text-lg lg:pr-4 \"> <p>Pode inscrever-se no programa Radius Future preenchendo apenas o formul\u00e1rio abaixo. Para contribuir para esta causa e poder reduzir as emiss\u00f5es de CO2 do seu combust\u00edvel, s\u00f3 precisa de utilizar os nossos cart\u00f5es de combust\u00edvel normalmente e no fim, ter\u00e1 apenas o custo de 1 c\u00eantimo extra por litro.<\/p>\n<p>Atrav\u00e9s da sua conta de cliente, tem acesso gratuito \u00e0 nossa plataforma de gest\u00e3o de conta online, Radius Velocity. Aqui, poder\u00e1 encontrar todas as informa\u00e7\u00f5es necess\u00e1rias que necessita para gerir a sua frota e poupar no combust\u00edvel. Desde an\u00e1lises de despesas a relat\u00f3rios actualizados para recupera\u00e7\u00e3o do IVA. A Radius Velocity ajuda-o a gerir a sua conta de forma mais r\u00e1pida e eficiente poss\u00edvel. Pode tamb\u00e9m consultar todas as suas facturas e separadamente, consultar os custos com o plano Radius Future.<\/p>\n<p>&nbsp;<\/p>\n <\/div>\n                                                                        <\/div> \n\n        <!-- Content Panel Media -->\n                    \n            \n            <div class=\"content-panel__media w-full relative h-full overflow-hidden place-content-center order-1 content-panel__media--right md:order-2\">\n\n                \n                                    <img width=\"584\" height=\"469\" data-public-id=\"radius_fuel_solutions\/new-card-it_18106807e2\/new-card-it_18106807e2.png\" loading=\"lazy\" decoding=\"async\" src=\"https:\/\/res.cloudinary.com\/radius-media\/images\/w_584,h_469,c_scale\/f_auto,q_auto\/v1691567322\/radius_fuel_solutions\/new-card-it_18106807e2\/new-card-it_18106807e2.png?_i=AA\" class=\"content-panel__image object-cover w-full h-full wp-image-18106\" alt=\"\" data-format=\"png\" data-transformations=\"f_auto,q_auto\" data-version=\"1691567322\" data-seo=\"1\" data-responsive=\"1\" srcset=\"https:\/\/res.cloudinary.com\/radius-media\/images\/w_584,h_469,c_scale\/f_auto,q_auto\/v1691567322\/radius_fuel_solutions\/new-card-it_18106807e2\/new-card-it_18106807e2.png?_i=AA 584w, https:\/\/res.cloudinary.com\/radius-media\/images\/w_448,h_359,c_scale\/f_auto,q_auto\/v1691567322\/radius_fuel_solutions\/new-card-it_18106807e2\/new-card-it_18106807e2.png?_i=AA 448w, https:\/\/res.cloudinary.com\/radius-media\/images\/w_248,h_199,c_scale\/f_auto,q_auto\/v1691567322\/radius_fuel_solutions\/new-card-it_18106807e2\/new-card-it_18106807e2.png?_i=AA 248w\" sizes=\"(max-width: 584px) 100vw, 584px\" \/>\n                    <\/div>\n                    \n                 \n\n            <\/div>\n\n            <\/div>\n    <!-- End: Content Panel -->\n\n    <\/div>\n\n<\/div>\n\n<div id=\"block_38b8f0504b48aee1d904d5073c8d1493\" class=\"cta-banner tone-block tone-band bg-cover bg-center bg-no-repeat  pb-6 sm:pb-6 md:pb-8 lg:pb-14 xl:pb-16 pt-0\" style=\"color: #FFFFFF; \">\n    <div class=\"container \">\n\n    \n        <div class=\"flex flex-col md:flex-row justify-center items-center rounded-[10px] bg-center bg-no-repeat bg-cover py-16\" style=\"background-image: url('https:\/\/res.cloudinary.com\/radius-media\/images\/f_auto,q_auto\/v1690544900\/radius_fuel_solutions\/illustration-banner-map-bg_83806d254-png_khcqdj-300x64-1_16588822b8\/illustration-banner-map-bg_83806d254-png_khcqdj-300x64-1_16588822b8.png?_i=AA')\">\n                        <div class=\"flex flex-col w-full justify-center items-center\">\n                                                                    <p as=\"text-lg\" class=\"text-center p-0 w-10\/12 lg:w-7\/12 m-0\"> Tamb\u00e9m gostaria de aderir? Informe-nos, preenchendo o formul\u00e1rio abaixo. <\/p>\n                                \n                            <\/div>\n        <\/div>\n\n    <\/div>\n\n    \n\n<\/div>\n\n<div id=\"block_a36f80d6e7d411f43d154b199f5dfabc\" class=\"accordion tone-block tone-band bg-cover bg-center bg-no-repeat  pt-6 pb-6 sm:pt-6 sm:pb-6 md:pt-8 md:pb-8 lg:pt-14 lg:pb-14 xl:pt-16 xl:pb-16\" style=\"background-color: #F6F5F4; \">\n    <div class=\"container \">\n\n            <div class=\"block-headings flex flex-col justify-center items-center justify-between   pb-6 sm:pb-6 md:pb-8 lg:pb-14 xl:pb-16\">\n            \n                                                <h2 as=\"h4\" class=\"block-headings__block-title text-center\"> Perguntas frequentes <\/h2>\n                            \n                            <p as=\"text-lg\" class=\"text-center text-font\">  <\/p> \n            \n            \n                    <\/div>\n    \n    <div class=\"accordion lg:w-9\/12 lg:px-10 lg:mx-auto\">\n        <ul class=\"accordion__list flex flex-col justify-start w-full m-0 p-0 -mt-6\">\n                            <li class=\"accordion__list-item border-b border-grey-very-light\">\n                    <div class=\"accordion__header flex flex-row justify-between items-center\" aria-label=\"toggle-accoridon\">\n                        <button as=\"h7\" class=\"accordion__toggle flex items-center justify-between w-full py-6 pt-5 pr-1 text-left outline-none focus:outline-none\"> Em que consiste o programa Radius Future? <span class=\"accordion__button\"> <\/span> <\/button>\n                    <\/div>\n                    <div as=\"base\" class=\"accordion__copy hidden p-0 -mt-2 pb-5\"> <p>O Radius Future \u00e9 um programa onde os nossos clientes podem reduzir as emiss\u00f5es de CO2 do seu combust\u00edvel atrav\u00e9s dos cart\u00f5es de combust\u00edvel que utilizam. Com a sua contribui\u00e7\u00e3o, investimos no apoio a uma s\u00e9rie de projectos certificados de energias renov\u00e1veis em todo o mundo.<\/p>\n<p>As energias renov\u00e1veis ajudam a reduzir as emiss\u00f5es de CO2 ao substituir os combust\u00edveis f\u00f3sseis e tamb\u00e9m melhoram a qualidade do ar nos pa\u00edses onde os projectos de energia s\u00e3o desenvolvidos e implementados.<\/p>\n <\/div>\n                <\/li>\n                            <li class=\"accordion__list-item border-b border-grey-very-light\">\n                    <div class=\"accordion__header flex flex-row justify-between items-center\" aria-label=\"toggle-accoridon\">\n                        <button as=\"h7\" class=\"accordion__toggle flex items-center justify-between w-full py-6 pt-5 pr-1 text-left outline-none focus:outline-none\"> Porque a redu\u00e7\u00e3o de emiss\u00f5es de carbono \u00e9 importante? <span class=\"accordion__button\"> <\/span> <\/button>\n                    <\/div>\n                    <div as=\"base\" class=\"accordion__copy hidden p-0 -mt-2 pb-5\"> <p>Embora os ve\u00edculos estejam a tornar-se cada vez mais eficientes com os novos desenvolvimentos, estes continuam a emitir gases para o efeito de estufa, incluindo CO2 e as emiss\u00f5es de CO2 t\u00eam um enorme impacto nas altera\u00e7\u00f5es clim\u00e1ticas.<\/p>\n<p>De acordo com dados do Banco Mundial, as emiss\u00f5es de CO2 aumentaram em 260% entre o ano de 1960 e 2018.<\/p>\n <\/div>\n                <\/li>\n                            <li class=\"accordion__list-item border-b border-grey-very-light\">\n                    <div class=\"accordion__header flex flex-row justify-between items-center\" aria-label=\"toggle-accoridon\">\n                        <button as=\"h7\" class=\"accordion__toggle flex items-center justify-between w-full py-6 pt-5 pr-1 text-left outline-none focus:outline-none\"> Como converter as emiss\u00f5es de CO2 da minha frota, contribu\u00edndo para estes projectos? <span class=\"accordion__button\"> <\/span> <\/button>\n                    <\/div>\n                    <div as=\"base\" class=\"accordion__copy hidden p-0 -mt-2 pb-5\"> <p>Os projectos que apoiamos s\u00e3o de qualidade assegurada e v\u00e3o ao encontro de um dos principais objetivos mundiais &#8211; A cria\u00e7\u00e3o de Cr\u00e9ditos de Carbono.<\/p>\n<p>Um Cr\u00e9dito de Carbono \u00e9 um valor que permite \u00e0s organiza\u00e7\u00f5es e indiv\u00edduos contribu\u00edrem para o meio ambiente atrav\u00e9s da redu\u00e7\u00e3o das suas emiss\u00f5es de carbono\u00a0 noutros locais. Cada Cr\u00e9dito de Carbono representa a redu\u00e7\u00e3o de uma tonelada de CO2 na atmosfera &#8211; isto \u00e9, aproximadamente o consumo mensal, em m\u00e9dia, de energia de uma fam\u00edlia portuguesa.\u00a0 Com a contribui\u00e7\u00e3o das empresas que participam no programa Radius Future, a Radius investe estes cr\u00e9ditos nos projectos subjacentes.<\/p>\n <\/div>\n                <\/li>\n                            <li class=\"accordion__list-item border-b border-grey-very-light\">\n                    <div class=\"accordion__header flex flex-row justify-between items-center\" aria-label=\"toggle-accoridon\">\n                        <button as=\"h7\" class=\"accordion__toggle flex items-center justify-between w-full py-6 pt-5 pr-1 text-left outline-none focus:outline-none\"> Que garantias de qualidade est\u00e3o em vigor para salvaguardar os projectos a longo prazo? <span class=\"accordion__button\"> <\/span> <\/button>\n                    <\/div>\n                    <div as=\"base\" class=\"accordion__copy hidden p-0 -mt-2 pb-5\"> <p>Atrav\u00e9s da coopera\u00e7\u00e3o com as empresas com quem trabalhamos, garantimos que o dinheiro ser\u00e1 investido nos projectos certos. Isto inclui o seguinte:<\/p>\n<ul>\n<li>O c\u00e1lculo da redu\u00e7\u00e3o de CO2 baseia-se na melhor ci\u00eancia dispon\u00edvel e verificada.<\/li>\n<li>Todos os regulamentos ambientais, sociais e laborais relevantes s\u00e3o seguidos e tidos em considera\u00e7\u00e3o.<\/li>\n<li>Os projectos devem ter um bom plano de monitoriza\u00e7\u00e3o e gest\u00e3o a longo prazo, de forma a que possam receber a certifica\u00e7\u00e3o.<\/li>\n<li>Os projectos est\u00e3o sujeitos a auditorias e verifica\u00e7\u00e3o independentes.<\/li>\n<li>A Radius apenas trabalha em projectos certificados para os organismos recomendados pelo governo, nomeadamente The Gold Standard, Verified Carbon Standard, Plan Vivo e o MDL dos EUA. Cada um destes organismos disponibiliza um registo p\u00fablico online, onde todos os cr\u00e9ditos resultantes dos nossos investimentos nestes projectos, se encontram armazenados.<\/li>\n<\/ul>\n <\/div>\n                <\/li>\n                            <li class=\"accordion__list-item border-b border-grey-very-light\">\n                    <div class=\"accordion__header flex flex-row justify-between items-center\" aria-label=\"toggle-accoridon\">\n                        <button as=\"h7\" class=\"accordion__toggle flex items-center justify-between w-full py-6 pt-5 pr-1 text-left outline-none focus:outline-none\"> Como \u00e9 calculada a minha pegada ecol\u00f3gica? <span class=\"accordion__button\"> <\/span> <\/button>\n                    <\/div>\n                    <div as=\"base\" class=\"accordion__copy hidden p-0 -mt-2 pb-5\"> <p>Aderimos \u00e0 directriz do governo com vista \u00e0 redu\u00e7\u00e3o de gases para o efeito de estufa. Esta norma tem como objectivo, reduzir as emiss\u00f5es de gases para o efeito de estufa em rela\u00e7\u00e3o a muitas actividades e unidades de consumo diferentes, neste caso, por litro de combust\u00edvel utilizado.<\/p>\n<p>Se precisar de mais informa\u00e7\u00f5es, pode encontrar em: Greenhouse Reporting 2021 &#8211; GOV.UK (www.gov.uk)<\/p>\n <\/div>\n                <\/li>\n                            <li class=\"accordion__list-item border-b border-grey-very-light\">\n                    <div class=\"accordion__header flex flex-row justify-between items-center\" aria-label=\"toggle-accoridon\">\n                        <button as=\"h7\" class=\"accordion__toggle flex items-center justify-between w-full py-6 pt-5 pr-1 text-left outline-none focus:outline-none\"> Como  sei que os projectos em que a Radius Future investe, existem realmente? <span class=\"accordion__button\"> <\/span> <\/button>\n                    <\/div>\n                    <div as=\"base\" class=\"accordion__copy hidden p-0 -mt-2 pb-5\"> <p>Os projectos em que investimos devem ser verificados de forma independente em rela\u00e7\u00e3o \u00e0s normas globais reconhecidas para projectos de carbono. Todos os cr\u00e9ditos adquiridos pela Radius em nome dos clientes, s\u00e3o cobrados consoante o registo de padr\u00e3o de garantia de qualidade utilizados para esse projecto. Este registo \u00e9 p\u00fablico e acess\u00edvel a todos. Uma vez que as unidades s\u00e3o canceladas, n\u00e3o podem ser reutilizadas. Cada tonelada de CO2 contabilizada, referente a um cliente origina a compra e forma\u00e7\u00e3o de um novo Cr\u00e9dito de Carbono.<\/p>\n <\/div>\n                <\/li>\n                    <\/ul>\n    <\/div>\n\n    <\/div>\n\n<\/div>\n\n\n<p><\/p>\n\n\n\n<p><\/p>\n","protected":false},"excerpt":{"rendered":"<p>Com o nosso mais recente programa Radius Future, pode reduzir as suas emiss\u00f5es C02 e de combust\u00edvel em 100%. Ao participar no programa Radius Future, estar\u00e1 assim a ajudar o meio ambiente e a contribuir para um futuro melhor! Em parceria com a Forest Carbon, a contribui\u00e7\u00e3o para esta iniciativa tem o custo de apenas &hellip; <a href=\"https:\/\/www.radiusfuelsolutions.com\/pt-pt\/radius-future\/\">Continued<\/a><\/p>\n","protected":false},"author":14,"featured_media":0,"parent":0,"menu_order":0,"comment_status":"closed","ping_status":"closed","template":"","meta":{"_cloudinary_featured_overwrite":false,"footnotes":""},"class_list":["post-18011","page","type-page","status-publish","hentry"],"acf":[],"_links":{"self":[{"href":"https:\/\/www.radiusfuelsolutions.com\/pt-pt\/wp-json\/wp\/v2\/pages\/18011","targetHints":{"allow":["GET"]}}],"collection":[{"href":"https:\/\/www.radiusfuelsolutions.com\/pt-pt\/wp-json\/wp\/v2\/pages"}],"about":[{"href":"https:\/\/www.radiusfuelsolutions.com\/pt-pt\/wp-json\/wp\/v2\/types\/page"}],"author":[{"embeddable":true,"href":"https:\/\/www.radiusfuelsolutions.com\/pt-pt\/wp-json\/wp\/v2\/users\/14"}],"replies":[{"embeddable":true,"href":"https:\/\/www.radiusfuelsolutions.com\/pt-pt\/wp-json\/wp\/v2\/comments?post=18011"}],"version-history":[{"count":52,"href":"https:\/\/www.radiusfuelsolutions.com\/pt-pt\/wp-json\/wp\/v2\/pages\/18011\/revisions"}],"predecessor-version":[{"id":18230,"href":"https:\/\/www.radiusfuelsolutions.com\/pt-pt\/wp-json\/wp\/v2\/pages\/18011\/revisions\/18230"}],"wp:attachment":[{"href":"https:\/\/www.radiusfuelsolutions.com\/pt-pt\/wp-json\/wp\/v2\/media?parent=18011"}],"curies":[{"name":"wp","href":"https:\/\/api.w.org\/{rel}","templated":true}]}}