{"id":6324,"date":"2021-10-05T11:10:28","date_gmt":"2021-10-05T11:10:28","guid":{"rendered":"https:\/\/www.radiusfuelsolutions.com\/?page_id=6324"},"modified":"2022-10-26T09:25:16","modified_gmt":"2022-10-26T09:25:16","slug":"como-usar-e-route","status":"publish","type":"page","link":"https:\/\/www.radiusfuelsolutions.com\/pt-pt\/como-usar-e-route\/","title":{"rendered":"Como usar o e-route"},"content":{"rendered":"<div id=\"block_a7476664e55cc3ad2216c80e6defcd8e\" class=\"cards cards-display-grid tone-block tone-band bg-cover bg-center bg-no-repeat is-style-rounded pt-8 pb-8 sm:pt-10 sm:pb-10 md:pt-14 md:pb-14 lg:pt-14 lg:pb-14 xl:pt-28 xl:pb-28\" style=\"background-color: #F6F5F4; \">    <div class=\"container \">\n\n            <div class=\"block-headings flex flex-col justify-center items-center justify-between   pb-8 sm:pb-10 md:pb-14 lg:pb-14 xl:pb-28\">\n            \n                                                <h2 as=\"h4\" class=\"block-headings__block-title text-center\"> Como usar o e-route <\/h2>\n                            \n                            <p as=\"text-lg\" class=\"text-center text-font\"> O e-route \u00e9 uma ferramenta de localiza\u00e7\u00e3o de postos de abastecimento, que mostra todos os postos em Portugal e na Europa nos quais pode usar os seus cart\u00f5es de combust\u00edvel. <\/p> \n            \n                            <a class=\"block-headings__cta button button--primary mt-8\" href=\"https:\/\/www.erouteonline.com\/v7\/edcpor\/\" target=\"_blank\" rel=\"noopener\"> Ir para e-route <\/a>\n            \n                    <\/div>\n    \n\n    <!-- Start: Cards --> \n    <div class=\"cards__wrapper\" data-cards-per-slide=\"\">\n                                <ul class=\"cards__list list-none p-0 m-0\n            grid gap-8 lg:grid-cols-3 lg:gap-10 \n             \n             \n              \n               \n            cards__list--has-cropped-images\">\n\n                                                        <li class=\"cards__list-item w-full flex flex-col justify-start items-center  \">\n                        \n                                                <div class=\"card card--instruction  bg-white rounded-[10px] overflow-hidden h-full\">\n        <div class=\"card__content\">\n                    <h2 class=\"card__heading mb-6 text-lg font-semibold text-font lg:text-2xl\"> Como encontrar o posto de abastecimento mais pr\u00f3ximo? <\/h2>\n                            <div class=\"card__copy text-sm font-normal text-font mb-8 lg:text-lg\">\n                <p>Para ver os postos de abastecimento perto de si no mapa, v\u00e1 ao menu do lado esquerdo do ecr\u00e3.<\/p>\n\n            <\/div>\n                <ul class=\"space-y-8 border-t border-grey-very-light pt-8\">\n                                        <li class=\"card--instruction__point flex flex-row justify-start items-start w-full\">\n                    <span class=\"bg-primary rounded-[10px] w-9 h-9 flex flex-col justify-center items-center mr-5 flex-shrink-0 font-semibold text-white font-sm lg:font-base\"> 1 <\/span>\n                    <p>Selecione <strong>pr\u00f3ximo da localiza\u00e7\u00e3o<\/strong>.<\/p>\n\n                <\/li>\n                                            <li class=\"card--instruction__point flex flex-row justify-start items-start w-full\">\n                    <span class=\"bg-primary rounded-[10px] w-9 h-9 flex flex-col justify-center items-center mr-5 flex-shrink-0 font-semibold text-white font-sm lg:font-base\"> 2 <\/span>\n                    <p>Insira o c\u00f3digo postal\/localidade da sua localiza\u00e7\u00e3o atual.<\/p>\n\n                <\/li>\n                                            <li class=\"card--instruction__point flex flex-row justify-start items-start w-full\">\n                    <span class=\"bg-primary rounded-[10px] w-9 h-9 flex flex-col justify-center items-center mr-5 flex-shrink-0 font-semibold text-white font-sm lg:font-base\"> 3 <\/span>\n                    <p>Estabele\u00e7a um <strong>raio<\/strong> de dist\u00e2ncia, se quiser excluir todos os postos que estejam fora de um determinado raio.<\/p>\n\n                <\/li>\n                                    <\/ul>\n    <\/div>\n<\/div>                        \n                    <\/li>\n                                                                            <li class=\"cards__list-item w-full flex flex-col justify-start items-center  \">\n                        \n                                                <div class=\"card card--instruction  bg-white rounded-[10px] overflow-hidden h-full\">\n        <div class=\"card__content\">\n                    <h2 class=\"card__heading mb-6 text-lg font-semibold text-font lg:text-2xl\"> Como encontrar postos de abastecimento ao longo da sua rota? <\/h2>\n                            <div class=\"card__copy text-sm font-normal text-font mb-8 lg:text-lg\">\n                <p>Para planear previamente as paragens para abastecimento durante a sua viagem, v\u00e1 ao menu do lado esquerdo do ecr\u00e3.<\/p>\n\n            <\/div>\n                <ul class=\"space-y-8 border-t border-grey-very-light pt-8\">\n                                        <li class=\"card--instruction__point flex flex-row justify-start items-start w-full\">\n                    <span class=\"bg-primary rounded-[10px] w-9 h-9 flex flex-col justify-center items-center mr-5 flex-shrink-0 font-semibold text-white font-sm lg:font-base\"> 1 <\/span>\n                    <p>Selecione <strong>ao longo do percurso<\/strong>.<\/p>\n\n                <\/li>\n                                            <li class=\"card--instruction__point flex flex-row justify-start items-start w-full\">\n                    <span class=\"bg-primary rounded-[10px] w-9 h-9 flex flex-col justify-center items-center mr-5 flex-shrink-0 font-semibold text-white font-sm lg:font-base\"> 2 <\/span>\n                    <p>Insira o c\u00f3digo postal\/localidade dos seus pontos de partida e destino.<\/p>\n\n                <\/li>\n                                            <li class=\"card--instruction__point flex flex-row justify-start items-start w-full\">\n                    <span class=\"bg-primary rounded-[10px] w-9 h-9 flex flex-col justify-center items-center mr-5 flex-shrink-0 font-semibold text-white font-sm lg:font-base\"> 3 <\/span>\n                    <p>O mapa mostrar\u00e1 todos os postos ao longo da rota.<\/p>\n\n                <\/li>\n                                    <\/ul>\n    <\/div>\n<\/div>                        \n                    <\/li>\n                                                                            <li class=\"cards__list-item w-full flex flex-col justify-start items-center  \">\n                        \n                                                <div class=\"card card--instruction  bg-white rounded-[10px] overflow-hidden h-full\">\n        <div class=\"card__content\">\n                    <h2 class=\"card__heading mb-6 text-lg font-semibold text-font lg:text-2xl\"> Como encontrar postos de abastecimento numa zona especial de pre\u00e7o? <\/h2>\n                            <div class=\"card__copy text-sm font-normal text-font mb-8 lg:text-lg\">\n                <p>Se precisa de reabastecer numa localiza\u00e7\u00e3o com uma zona de pre\u00e7o espec\u00edfica, pode selecion\u00e1-la no e-route.<\/p>\n\n            <\/div>\n                <ul class=\"space-y-8 border-t border-grey-very-light pt-8\">\n                                        <li class=\"card--instruction__point flex flex-row justify-start items-start w-full\">\n                    <span class=\"bg-primary rounded-[10px] w-9 h-9 flex flex-col justify-center items-center mr-5 flex-shrink-0 font-semibold text-white font-sm lg:font-base\"> 1 <\/span>\n                    <p>Selecione <strong>op\u00e7\u00f5es de rede.<\/strong><\/p>\n\n                <\/li>\n                                            <li class=\"card--instruction__point flex flex-row justify-start items-start w-full\">\n                    <span class=\"bg-primary rounded-[10px] w-9 h-9 flex flex-col justify-center items-center mr-5 flex-shrink-0 font-semibold text-white font-sm lg:font-base\"> 2 <\/span>\n                    <p>Selecione a zona de pre\u00e7o que quer ver. Pode selecionar mais do que uma.<\/p>\n\n                <\/li>\n                                            <li class=\"card--instruction__point flex flex-row justify-start items-start w-full\">\n                    <span class=\"bg-primary rounded-[10px] w-9 h-9 flex flex-col justify-center items-center mr-5 flex-shrink-0 font-semibold text-white font-sm lg:font-base\"> 3 <\/span>\n                    <p>Fa\u00e7a zoom sobre a sua localiza\u00e7\u00e3o para ver todos os postos de abastecimento dessa zona de pre\u00e7o e comece a planear as suas rotas.<\/p>\n\n                <\/li>\n                                    <\/ul>\n    <\/div>\n<\/div>                        \n                    <\/li>\n                                                                            <li class=\"cards__list-item w-full flex flex-col justify-start items-center  \">\n                        \n                                                <div class=\"card card--instruction  bg-white rounded-[10px] overflow-hidden h-full\">\n        <div class=\"card__content\">\n                    <h2 class=\"card__heading mb-6 text-lg font-semibold text-font lg:text-2xl\"> Como encontrar postos de abastecimento onde pode usar o seu cart\u00e3o de combust\u00edvel? <\/h2>\n                            <div class=\"card__copy text-sm font-normal text-font mb-8 lg:text-lg\">\n                <p>Por predefini\u00e7\u00e3o, o e-route mostra-lhe todos os postos de abastecimento onde pode usar os cart\u00f5es que fornecemos. Para ver apenas os postos de abastecimento de gas\u00f3leo ou gasolina onde pode usar o seu pr\u00f3prio cart\u00e3o de combust\u00edvel, v\u00e1 \u00e0 lista de diferentes cart\u00f5es de combust\u00edvel no lado direito do ecr\u00e3.<\/p>\n\n            <\/div>\n                <ul class=\"space-y-8 border-t border-grey-very-light pt-8\">\n                                        <li class=\"card--instruction__point flex flex-row justify-start items-start w-full\">\n                    <span class=\"bg-primary rounded-[10px] w-9 h-9 flex flex-col justify-center items-center mr-5 flex-shrink-0 font-semibold text-white font-sm lg:font-base\"> 1 <\/span>\n                    <p>Toque no bot\u00e3o azul para desmarcar tudo.<\/p>\n\n                <\/li>\n                                            <li class=\"card--instruction__point flex flex-row justify-start items-start w-full\">\n                    <span class=\"bg-primary rounded-[10px] w-9 h-9 flex flex-col justify-center items-center mr-5 flex-shrink-0 font-semibold text-white font-sm lg:font-base\"> 2 <\/span>\n                    <p>Selecione apenas o seu cart\u00e3o de combust\u00edvel na caixa de sele\u00e7\u00e3o.<\/p>\n\n                <\/li>\n                                            <li class=\"card--instruction__point flex flex-row justify-start items-start w-full\">\n                    <span class=\"bg-primary rounded-[10px] w-9 h-9 flex flex-col justify-center items-center mr-5 flex-shrink-0 font-semibold text-white font-sm lg:font-base\"> 3 <\/span>\n                    <p>Toque no bot\u00e3o azul para ir.<\/p>\n\n                <\/li>\n                                    <\/ul>\n    <\/div>\n<\/div>                        \n                    <\/li>\n                                                                            <li class=\"cards__list-item w-full flex flex-col justify-start items-center  \">\n                        \n                                                <div class=\"card card--instruction  bg-white rounded-[10px] overflow-hidden h-full\">\n        <div class=\"card__content\">\n                    <h2 class=\"card__heading mb-6 text-lg font-semibold text-font lg:text-2xl\"> Como encontrar postos de abastecimento para ve\u00edculos pesados? <\/h2>\n                            <div class=\"card__copy text-sm font-normal text-font mb-8 lg:text-lg\">\n                <p>Para localizar as esta\u00e7\u00f5es com infraestruturas para ve\u00edculos pesados, incluindo coberturas mais elevadas, bombas de alto d\u00e9bito e vias dedicadas, v\u00e1 ao menu do lado esquerdo do ecr\u00e3.<\/p>\n\n            <\/div>\n                <ul class=\"space-y-8 border-t border-grey-very-light pt-8\">\n                                        <li class=\"card--instruction__point flex flex-row justify-start items-start w-full\">\n                    <span class=\"bg-primary rounded-[10px] w-9 h-9 flex flex-col justify-center items-center mr-5 flex-shrink-0 font-semibold text-white font-sm lg:font-base\"> 1 <\/span>\n                    <p>Selecione <strong>Recursos do Site<\/strong>.<\/p>\n\n                <\/li>\n                                            <li class=\"card--instruction__point flex flex-row justify-start items-start w-full\">\n                    <span class=\"bg-primary rounded-[10px] w-9 h-9 flex flex-col justify-center items-center mr-5 flex-shrink-0 font-semibold text-white font-sm lg:font-base\"> 2 <\/span>\n                    <p>Assinale a caixa dos postos de abastecimento para ve\u00edculos pesados.<\/p>\n\n                <\/li>\n                                            <li class=\"card--instruction__point flex flex-row justify-start items-start w-full\">\n                    <span class=\"bg-primary rounded-[10px] w-9 h-9 flex flex-col justify-center items-center mr-5 flex-shrink-0 font-semibold text-white font-sm lg:font-base\"> 3 <\/span>\n                    <p>Fa\u00e7a zoom na sua localiza\u00e7\u00e3o para ver os postos de abastecimento com melhores pre\u00e7os perto de si.<\/p>\n\n                <\/li>\n                                    <\/ul>\n    <\/div>\n<\/div>                        \n                    <\/li>\n                                                <\/ul>\n            <\/div>\n    <!-- End: Cards -->\n\n    <\/div>\n<\/div>\n\n","protected":false},"excerpt":{"rendered":"","protected":false},"author":2,"featured_media":0,"parent":0,"menu_order":93,"comment_status":"closed","ping_status":"closed","template":"","meta":{"_cloudinary_featured_overwrite":false,"footnotes":""},"class_list":["post-6324","page","type-page","status-publish","hentry"],"acf":[],"_links":{"self":[{"href":"https:\/\/www.radiusfuelsolutions.com\/pt-pt\/wp-json\/wp\/v2\/pages\/6324","targetHints":{"allow":["GET"]}}],"collection":[{"href":"https:\/\/www.radiusfuelsolutions.com\/pt-pt\/wp-json\/wp\/v2\/pages"}],"about":[{"href":"https:\/\/www.radiusfuelsolutions.com\/pt-pt\/wp-json\/wp\/v2\/types\/page"}],"author":[{"embeddable":true,"href":"https:\/\/www.radiusfuelsolutions.com\/pt-pt\/wp-json\/wp\/v2\/users\/2"}],"replies":[{"embeddable":true,"href":"https:\/\/www.radiusfuelsolutions.com\/pt-pt\/wp-json\/wp\/v2\/comments?post=6324"}],"version-history":[{"count":22,"href":"https:\/\/www.radiusfuelsolutions.com\/pt-pt\/wp-json\/wp\/v2\/pages\/6324\/revisions"}],"predecessor-version":[{"id":15599,"href":"https:\/\/www.radiusfuelsolutions.com\/pt-pt\/wp-json\/wp\/v2\/pages\/6324\/revisions\/15599"}],"wp:attachment":[{"href":"https:\/\/www.radiusfuelsolutions.com\/pt-pt\/wp-json\/wp\/v2\/media?parent=6324"}],"curies":[{"name":"wp","href":"https:\/\/api.w.org\/{rel}","templated":true}]}}