{"id":6336,"date":"2021-10-05T11:11:36","date_gmt":"2021-10-05T11:11:36","guid":{"rendered":"https:\/\/www.radiusfuelsolutions.com\/?page_id=6336"},"modified":"2025-12-11T15:43:35","modified_gmt":"2025-12-11T15:43:35","slug":"termos-e-condicoes","status":"publish","type":"page","link":"https:\/\/www.radiusfuelsolutions.com\/pt-pt\/termos-e-condicoes\/","title":{"rendered":"Termos e Condi\u00e7\u00f5es"},"content":{"rendered":"\n<p><\/p>\n\n\n\n<h2 class=\"wp-block-heading has-medium-font-size\"><strong>Termos e Condi\u00e7\u00f5es Gerais de Utiliza\u00e7\u00e3o do Cart\u00e3o<\/strong><\/h2>\n\n\n\n<p><\/p>\n\n\n\n<p><strong>1.<\/strong>&nbsp;Condi\u00e7\u00f5es de utiliza\u00e7\u00e3o do website<\/p>\n\n\n\n<p>Esta p\u00e1gina (juntamente com os documentos nela referidos) indica-lhe as condi\u00e7\u00f5es de utiliza\u00e7\u00e3o do nosso website&nbsp;<em>corporate.radius.com<\/em>&nbsp;(o nosso site), quer como convidado quer como utilizador registado. Leia atentamente estas condi\u00e7\u00f5es de utiliza\u00e7\u00e3o antes de come\u00e7ar a utilizar o nosso website, uma vez que estas se aplicam \u00e0 sua utiliza\u00e7\u00e3o do mesmo. Ao utilizar o nosso website, o utilizador confirma que aceita as presentes condi\u00e7\u00f5es de utiliza\u00e7\u00e3o e que concorda em cumpri-las. Se n\u00e3o concordar com as presentes condi\u00e7\u00f5es de utiliza\u00e7\u00e3o, n\u00e3o deve utilizar o nosso website.<\/p>\n\n\n\n<p><strong>2. Informa\u00e7\u00e3o sobre n\u00f3s<\/strong><\/p>\n\n\n\n<p>O nosso website \u00e9 um site liderado pela Radius Business Solutions (Portugal). A Radius \u00e9 uma empresa registada em Portugal com sede nas Caldas da Rainha, com o NIF 509001319 e tem a sua sede social na Rua Pedro Nunes, n\u00ba23-24 2500-303 Caldas da Rainha.<\/p>\n\n\n\n<p><strong>3.<\/strong>&nbsp;Altera\u00e7\u00f5es a estes termos<\/p>\n\n\n\n<p>Podemos rever as presentes condi\u00e7\u00f5es de utiliza\u00e7\u00e3o em qualquer altura, alterando esta p\u00e1gina. O utilizador deve consultar periodicamente esta p\u00e1gina para tomar conhecimento de quaisquer altera\u00e7\u00f5es que fa\u00e7amos, uma vez que estas s\u00e3o vinculativas para o utilizador. Algumas das disposi\u00e7\u00f5es contidas nas presentes condi\u00e7\u00f5es de utiliza\u00e7\u00e3o podem tamb\u00e9m ser substitu\u00eddas por disposi\u00e7\u00f5es ou avisos publicados noutro local do nosso website.<\/p>\n\n\n\n<p><strong>4.<\/strong>&nbsp;Altera\u00e7\u00f5es ao nosso website<\/p>\n\n\n\n<p>O nosso website pode ser atualizado periodicamente e o seu conte\u00fado pode ser alterado em qualquer altura. Qualquer conte\u00fado do nosso website pode estar desatualizado em qualquer altura e n\u00e3o temos qualquer obriga\u00e7\u00e3o de atualizar esse material. Se for necess\u00e1rio, podemos suspender o acesso ao nosso website ou encerr\u00e1-lo indefinidamente.<\/p>\n\n\n\n<p>N\u00e3o garantimos que o nosso site, ou qualquer conte\u00fado do mesmo, esteja isento de erros ou omiss\u00f5es.<\/p>\n\n\n\n<p><strong>5.<\/strong>&nbsp;Acesso ao nosso website<\/p>\n\n\n\n<p>O acesso ao nosso website \u00e9 permitido numa base tempor\u00e1ria. Podemos suspender, retirar, descontinuar ou alterar a totalidade ou parte do nosso website sem aviso pr\u00e9vio. N\u00e3o seremos respons\u00e1veis perante o utilizador se, por qualquer raz\u00e3o, o nosso website n\u00e3o estiver dispon\u00edvel em qualquer altura ou por qualquer per\u00edodo.<\/p>\n\n\n\n<p>O utilizador \u00e9 respons\u00e1vel por tomar todas as medidas necess\u00e1rias para ter acesso ao nosso website.<\/p>\n\n\n\n<p>O utilizador \u00e9 tamb\u00e9m respons\u00e1vel por garantir que todas as pessoas que acedem ao nosso website atrav\u00e9s da sua liga\u00e7\u00e3o \u00e0 Internet t\u00eam conhecimento destes termos de utiliza\u00e7\u00e3o e de outros termos e condi\u00e7\u00f5es aplic\u00e1veis, e que os cumprem.<br>**6.** A conta e a palavra-passe do utilizador<\/p>\n\n\n\n<p>Se escolher, ou lhe for fornecido, um c\u00f3digo de identifica\u00e7\u00e3o de utilizador, uma palavra-passe ou qualquer outra informa\u00e7\u00e3o como parte dos nossos procedimentos de seguran\u00e7a, deve tratar essas informa\u00e7\u00f5es como confidenciais. O utilizador n\u00e3o deve divulg\u00e1-las a terceiros.<\/p>\n\n\n\n<p>Temos o direito de desativar qualquer c\u00f3digo de identifica\u00e7\u00e3o de utilizador ou palavra-passe, quer seja escolhido pelo utilizador ou atribu\u00eddo por n\u00f3s, em qualquer altura, se, na nossa opini\u00e3o razo\u00e1vel, o utilizador n\u00e3o tiver cumprido qualquer das disposi\u00e7\u00f5es das presentes condi\u00e7\u00f5es de utiliza\u00e7\u00e3o.<\/p>\n\n\n\n<p>Se o utilizador souber ou suspeitar que algu\u00e9m que n\u00e3o seja o utilizador sabe o seu c\u00f3digo de identifica\u00e7\u00e3o de utilizador ou a sua palavra-passe, deve notificar-nos imediatamente para&nbsp;<a href=\"mailto:mail@ukfuels.co.uk\">clientes.pt@radius.com<\/a><\/p>\n\n\n\n<p><strong>7.<\/strong>&nbsp;Direitos de propriedade intelectual<\/p>\n\n\n\n<p>Somos os propriet\u00e1rios ou os titulares de licen\u00e7as de todos os direitos de propriedade intelectual do nosso website e do material nele publicado. Estes trabalhos est\u00e3o protegidos por leis e tratados de direitos de autor em todo o mundo. Todos esses direitos s\u00e3o reservados.<\/p>\n\n\n\n<p>O utilizador pode imprimir uma c\u00f3pia e descarregar extractos de qualquer p\u00e1gina do nosso website para seu uso pessoal e pode chamar a aten\u00e7\u00e3o de outras pessoas da sua organiza\u00e7\u00e3o para o conte\u00fado publicado no nosso website.<\/p>\n\n\n\n<p>O utilizador n\u00e3o deve modificar de forma alguma as c\u00f3pias em papel ou digitais de quaisquer materiais que tenha imprimido ou descarregado e n\u00e3o deve utilizar quaisquer ilustra\u00e7\u00f5es, fotografias, sequ\u00eancias de v\u00eddeo ou \u00e1udio ou quaisquer gr\u00e1ficos separadamente do texto que os acompanha.<\/p>\n\n\n\n<p>O nosso estatuto (e o de quaisquer colaboradores identificados) como autores do conte\u00fado do nosso website deve ser sempre reconhecido.<\/p>\n\n\n\n<p>O utilizador n\u00e3o pode utilizar qualquer parte do conte\u00fado do nosso website para fins comerciais sem obter uma licen\u00e7a para o fazer da nossa parte ou dos nossos licenciantes.<\/p>\n\n\n\n<p>Se o utilizador imprimir, copiar ou descarregar qualquer parte do nosso website em viola\u00e7\u00e3o das presentes condi\u00e7\u00f5es de utiliza\u00e7\u00e3o, o seu direito de utilizar o nosso website cessar\u00e1 imediatamente e o utilizador dever\u00e1, a nosso crit\u00e9rio, devolver ou destruir quaisquer c\u00f3pias dos materiais que tenha feito.<br>**8.** confian\u00e7a nas informa\u00e7\u00f5es publicadas<\/p>\n\n\n\n<p>O conte\u00fado do nosso website \u00e9 fornecido apenas para informa\u00e7\u00e3o geral. N\u00e3o se destina a constituir um conselho no qual o utilizador se deve basear. O utilizador deve obter aconselhamento profissional ou especializado antes de tomar, ou abster-se de tomar, qualquer a\u00e7\u00e3o com base no conte\u00fado do nosso website.<\/p>\n\n\n\n<p>Apesar de envidarmos esfor\u00e7os razo\u00e1veis para atualizar as informa\u00e7\u00f5es no nosso website, n\u00e3o fazemos declara\u00e7\u00f5es, garantias ou cau\u00e7\u00f5es, expressas ou impl\u00edcitas, de que o conte\u00fado do nosso website seja exato, completo ou atualizado.<br>9\\. A nossa responsabilidade<\/p>\n\n\n\n<p>Nada nestes termos de utiliza\u00e7\u00e3o exclui ou limita a nossa responsabilidade por morte ou danos pessoais resultantes da nossa neglig\u00eancia, ou da nossa fraude ou deturpa\u00e7\u00e3o fraudulenta, ou qualquer outra responsabilidade que n\u00e3o possa ser exclu\u00edda ou limitada pela lei inglesa.<\/p>\n\n\n\n<p>Na medida do permitido por lei, exclu\u00edmos todas as condi\u00e7\u00f5es, garantias, representa\u00e7\u00f5es ou outros termos que possam aplicar-se ao nosso website&nbsp;ou a qualquer conte\u00fado do mesmo, quer sejam expressos ou impl\u00edcitos.<\/p>\n\n\n\n<p>N\u00e3o seremos respons\u00e1veis perante qualquer utilizador por qualquer perda ou dano, seja por contrato, delito (incluindo neglig\u00eancia), viola\u00e7\u00e3o de dever estatut\u00e1rio ou outro, mesmo que previs\u00edvel, decorrente de ou relacionado com<\/p>\n\n\n\n<ul class=\"wp-block-list\">\n<li>utiliza\u00e7\u00e3o de, ou incapacidade de utiliza\u00e7\u00e3o do nosso website; ou<\/li>\n\n\n\n<li>utiliza\u00e7\u00e3o ou confian\u00e7a em qualquer conte\u00fado apresentado no nosso website.<\/li>\n\n\n\n<li>Tenha em aten\u00e7\u00e3o que, em particular, n\u00e3o seremos respons\u00e1veis por<\/li>\n\n\n\n<li>perda de lucros, vendas, neg\u00f3cios ou receitas;<\/li>\n\n\n\n<li>interrup\u00e7\u00e3o de neg\u00f3cios;<\/li>\n\n\n\n<li>perda de poupan\u00e7as antecipadas;<\/li>\n\n\n\n<li>perda de oportunidade de neg\u00f3cio, boa vontade ou reputa\u00e7\u00e3o; ou<\/li>\n\n\n\n<li>qualquer perda ou dano indireto ou consequente.<\/li>\n<\/ul>\n\n\n\n<p>N\u00e3o seremos respons\u00e1veis por qualquer perda ou dano causado por um v\u00edrus, ataque de nega\u00e7\u00e3o de servi\u00e7o distribu\u00eddo ou outro material tecnologicamente prejudicial que possa infetar o seu equipamento inform\u00e1tico, programas inform\u00e1ticos, dados ou outro material propriet\u00e1rio devido \u00e0 sua utiliza\u00e7\u00e3o do nosso site ou ao seu descarregamento de qualquer conte\u00fado do mesmo, ou de qualquer site ligado ao mesmo. N\u00e3o assumimos qualquer responsabilidade pelo conte\u00fado dos website ligados ao nosso website. Essas hiperliga\u00e7\u00f5es n\u00e3o devem ser interpretadas como um apoio da nossa parte a esses website&nbsp;hiperligados. N\u00e3o seremos respons\u00e1veis por quaisquer perdas ou danos que possam resultar da sua utiliza\u00e7\u00e3o dos mesmos. **10\\. Carregamento de conte\u00fados para o nosso website** Sempre que utilizar uma funcionalidade que lhe permita carregar conte\u00fados para o nosso website ou estabelecer contacto com outros utilizadores do nosso website, deve cumprir as normas de conte\u00fado definidas na nossa Pol\u00edtica de Utiliza\u00e7\u00e3o Aceit\u00e1vel. O utilizador garante que qualquer contribui\u00e7\u00e3o est\u00e1 em conformidade com essas normas e ser\u00e1 respons\u00e1vel perante n\u00f3s e indemnizar-nos-\u00e1 por qualquer viola\u00e7\u00e3o dessa garantia.<br>Qualquer conte\u00fado que carregue para o nosso website ser\u00e1 considerado n\u00e3o confidencial e n\u00e3o propriet\u00e1rio e temos o direito de utilizar, armazenar e copiar esse conte\u00fado e de o distribuir e disponibilizar a terceiros. Tamb\u00e9m temos o direito de revelar a sua identidade a qualquer terceiro que alegue que qualquer conte\u00fado publicado ou carregado pelo utilizador no nosso website constitui uma viola\u00e7\u00e3o dos seus direitos de propriedade intelectual ou do seu direito \u00e0 privacidade.<br>N\u00e3o seremos respons\u00e1veis, nem responsabilizados perante terceiros, pelo conte\u00fado ou exatid\u00e3o de qualquer conte\u00fado publicado pelo utilizador ou por qualquer outro utilizador do nosso website.<br>Temos o direito de remover qualquer publica\u00e7\u00e3o que o utilizador fa\u00e7a no nosso website se, na nossa opini\u00e3o, a sua publica\u00e7\u00e3o n\u00e3o cumprir as normas de conte\u00fado definidas na nossa Pol\u00edtica de utiliza\u00e7\u00e3o aceit\u00e1vel.<\/p>\n\n\n\n<p><strong>11.<\/strong>&nbsp;V\u00edrus, pirataria inform\u00e1tica e outras infra\u00e7\u00f5es<\/p>\n\n\n\n<p>O utilizador n\u00e3o deve utilizar indevidamente o nosso website introduzindo conscientemente v\u00edrus ou outro material malicioso ou tecnologicamente prejudicial. O utilizador n\u00e3o deve tentar obter acesso n\u00e3o autorizado ao nosso website, ao servidor no qual o nosso website est\u00e1 armazenado ou a qualquer servidor, computador ou base de dados ligado ao nosso website. O utilizador n\u00e3o deve atacar o nosso website atrav\u00e9s de um ataque de nega\u00e7\u00e3o de servi\u00e7o ou de um ataque distribu\u00eddo de nega\u00e7\u00e3o de servi\u00e7o.<\/p>\n\n\n\n<p>Ao violar esta disposi\u00e7\u00e3o, o utilizador cometer\u00e1 uma infra\u00e7\u00e3o penal ao abrigo da lei Computer Misuse Act 1990. Comunicaremos qualquer infra\u00e7\u00e3o deste tipo \u00e0s autoridades competentes para a aplica\u00e7\u00e3o da lei e cooperaremos com essas autoridades, revelando-lhes a sua identidade. Em caso de viola\u00e7\u00e3o, o direito do utilizador de utilizar o nosso website cessar\u00e1 imediatamente.<\/p>\n\n\n\n<p><strong>12.<\/strong>&nbsp;Estabelecimento de liga\u00e7\u00f5es ao nosso website<br>O utilizador pode estabelecer uma liga\u00e7\u00e3o \u00e0 nossa p\u00e1gina inicial, desde que o fa\u00e7a de uma forma justa e legal e n\u00e3o prejudique a nossa reputa\u00e7\u00e3o nem tire partido dela, mas n\u00e3o deve estabelecer uma liga\u00e7\u00e3o de forma a sugerir qualquer forma de associa\u00e7\u00e3o, aprova\u00e7\u00e3o ou endosso da nossa parte, quando tal n\u00e3o exista.<\/p>\n\n\n\n<p>O utilizador n\u00e3o deve estabelecer uma liga\u00e7\u00e3o ao nosso website em qualquer website&nbsp;que n\u00e3o lhe perten\u00e7a.<\/p>\n\n\n\n<p>O nosso website n\u00e3o pode ser enquadrado em qualquer outro website, nem o utilizador pode criar uma liga\u00e7\u00e3o a qualquer parte do nosso website que n\u00e3o seja a p\u00e1gina inicial. Reservamo-nos o direito de retirar a autoriza\u00e7\u00e3o de liga\u00e7\u00e3o sem aviso pr\u00e9vio. O website&nbsp;para o qual o utilizador estabelece a liga\u00e7\u00e3o deve cumprir, em todos os aspectos, as normas de conte\u00fado definidas na nossa Pol\u00edtica de Utiliza\u00e7\u00e3o Aceit\u00e1vel.<\/p>\n\n\n\n<p>Se o utilizador pretender utilizar o conte\u00fado do nosso website de forma diferente da acima referida, por favor contacte:&nbsp;<a href=\"mailto:mail@ukfuels.co.uk?Subject=Enquiry%20from%20UK%20Fuels%20website\"><\/a><a href=\"mailto:clientes.pt@radius.com\">clientes.pt@radius.com<\/a><\/p>\n\n\n\n<p><strong>13.<\/strong>&nbsp;Liga\u00e7\u00f5es e recursos de terceiros no nosso website<\/p>\n\n\n\n<p>Quando o nosso website cont\u00e9m liga\u00e7\u00f5es para outros website&nbsp;e recursos fornecidos por terceiros, essas liga\u00e7\u00f5es s\u00e3o fornecidas apenas para sua informa\u00e7\u00e3o e o acesso \u00e9 feito inteiramente por sua conta e risco. N\u00e3o subscrevemos esses website&nbsp;ou recursos e n\u00e3o temos qualquer controlo sobre o conte\u00fado desses website ou recursos, n\u00e3o assumindo qualquer responsabilidade pelos mesmos ou por quaisquer perdas ou danos que possam resultar da sua utiliza\u00e7\u00e3o.<\/p>\n\n\n\n<p><strong>14.<\/strong>&nbsp;jurisdi\u00e7\u00e3o e lei aplic\u00e1vel<\/p>\n\n\n\n<p>Os tribunais t\u00eam jurisdi\u00e7\u00e3o exclusiva sobre qualquer reclama\u00e7\u00e3o resultante de, ou relacionada com, uma visita ao nosso website, embora nos reservemos o direito de intentar uma a\u00e7\u00e3o contra o utilizador por viola\u00e7\u00e3o destas condi\u00e7\u00f5es no seu pa\u00eds de resid\u00eancia ou em qualquer outro pa\u00eds relevante. Estes termos s\u00e3o regidos pela lei portuguesa.<\/p>\n\n\n\n<p><strong>15.Contactos<\/strong><\/p>\n\n\n\n<p>Para entrar em contacto connosco, envie um email para:&nbsp;<a href=\"mailto:mail@ukfuels.co.uk?Subject=Enquiry%20from%20UK%20Fuels%20website\"><\/a><a href=\"mailto:clientes.pt@radius.com\">clientes.pt@radius.com<\/a><\/p>\n\n\n\n<p>Obrigado por visitar o nosso website.<\/p>\n","protected":false},"excerpt":{"rendered":"<p>Termos e Condi\u00e7\u00f5es Gerais de Utiliza\u00e7\u00e3o do Cart\u00e3o 1.&nbsp;Condi\u00e7\u00f5es de utiliza\u00e7\u00e3o do website Esta p\u00e1gina (juntamente com os documentos nela referidos) indica-lhe as condi\u00e7\u00f5es de utiliza\u00e7\u00e3o do nosso website&nbsp;corporate.radius.com&nbsp;(o nosso site), quer como convidado quer como utilizador registado. Leia atentamente estas condi\u00e7\u00f5es de utiliza\u00e7\u00e3o antes de come\u00e7ar a utilizar o nosso website, uma vez que &hellip; <a href=\"https:\/\/www.radiusfuelsolutions.com\/pt-pt\/termos-e-condicoes\/\">Continued<\/a><\/p>\n","protected":false},"author":2,"featured_media":0,"parent":0,"menu_order":92,"comment_status":"closed","ping_status":"closed","template":"","meta":{"_cloudinary_featured_overwrite":false,"footnotes":""},"class_list":["post-6336","page","type-page","status-publish","hentry"],"acf":[],"_links":{"self":[{"href":"https:\/\/www.radiusfuelsolutions.com\/pt-pt\/wp-json\/wp\/v2\/pages\/6336","targetHints":{"allow":["GET"]}}],"collection":[{"href":"https:\/\/www.radiusfuelsolutions.com\/pt-pt\/wp-json\/wp\/v2\/pages"}],"about":[{"href":"https:\/\/www.radiusfuelsolutions.com\/pt-pt\/wp-json\/wp\/v2\/types\/page"}],"author":[{"embeddable":true,"href":"https:\/\/www.radiusfuelsolutions.com\/pt-pt\/wp-json\/wp\/v2\/users\/2"}],"replies":[{"embeddable":true,"href":"https:\/\/www.radiusfuelsolutions.com\/pt-pt\/wp-json\/wp\/v2\/comments?post=6336"}],"version-history":[{"count":14,"href":"https:\/\/www.radiusfuelsolutions.com\/pt-pt\/wp-json\/wp\/v2\/pages\/6336\/revisions"}],"predecessor-version":[{"id":4679202,"href":"https:\/\/www.radiusfuelsolutions.com\/pt-pt\/wp-json\/wp\/v2\/pages\/6336\/revisions\/4679202"}],"wp:attachment":[{"href":"https:\/\/www.radiusfuelsolutions.com\/pt-pt\/wp-json\/wp\/v2\/media?parent=6336"}],"curies":[{"name":"wp","href":"https:\/\/api.w.org\/{rel}","templated":true}]}}