{"id":6400,"date":"2021-10-05T11:13:32","date_gmt":"2021-10-05T11:13:32","guid":{"rendered":"https:\/\/www.radiusfuelsolutions.com\/?page_id=6400"},"modified":"2025-12-11T15:41:10","modified_gmt":"2025-12-11T15:41:10","slug":"taxas-atuais","status":"publish","type":"page","link":"https:\/\/www.radiusfuelsolutions.com\/pt-pt\/taxas-atuais\/","title":{"rendered":"Taxas atuais"},"content":{"rendered":"<div id=\"block_c329055e9305741460d3070b59126f04\" class=\"heading-copy tone-block tone-band bg-cover bg-center bg-no-repeat  pt-0 pb-0\" style=\"\">\n    <div class=\"container \">\n\n            <div class=\"block-headings flex flex-col justify-center items-center   \">\n            \n                                                <h1 as=\"h4\" class=\"block-headings__block-title text-center\"> Taxas atuais <\/h1>\n                            \n                            <p as=\"text-lg\" class=\"text-center text-font\">  <\/p> \n            \n            \n                    <\/div>\n    \n    \n    <\/div>\n\n<\/div>\n\n\n<figure class=\"wp-block-table is-style-stripes\"><table><tbody><tr><td><strong>Taxa<\/strong><\/td><td><strong>Valor<\/strong><\/td><td><strong>Descri\u00e7\u00e3o<\/strong><\/td><td><strong>Periodicidade<\/strong><\/td><td><strong>Fatura\u00e7\u00e3o<\/strong><\/td><\/tr><tr><td><strong>Mensalidade<\/strong><\/td><td>at\u00e9 5 \u20ac&nbsp;&nbsp;<\/td><td>Mensalidade do cart\u00e3o<\/td><td>Mensal<\/td><td>D\u00e9bito Direto<\/td><\/tr><tr><td><strong>Anuidade<\/strong><\/td><td>15 \u20ac<\/td><td>Taxa por n\u00e3o utiliza\u00e7\u00e3o<\/td><td>Anual<\/td><td>D\u00e9bito Direto<\/td><\/tr><tr><td><strong>N\u00e3o utiliza\u00e7\u00e3o<\/strong><\/td><td>5 \u20ac<\/td><td>Taxa por n\u00e3o utiliza\u00e7\u00e3o<\/td><td>Mensal<\/td><td>D\u00e9bito Direto<\/td><\/tr><tr><td><strong>Gest\u00e3o Administrativa<\/strong><\/td><td>1,5 \u20ac<\/td><td>Taxa de Gest\u00e3o administrativa<\/td><td>Semanal<\/td><td>Por fatura<\/td><\/tr><tr><td><strong>Despesa por Devolu\u00e7\u00e3o de D\u00e9bito<\/strong><\/td><td>at\u00e9 100\u00a0\u20ac<\/td><td>Taxa por atraso no pagamento<\/td><td>Por fatura<\/td><td>Por fatura<\/td><\/tr><tr><td><strong>Tarifa Servi\u00e7o combust\u00edvel<\/strong><\/td><td>at\u00e9 5%<\/td><td>Taxa sobre transa\u00e7\u00f5es de combust\u00edvel<\/td><td>Por fatura<\/td><td>Por fatura<\/td><\/tr><tr><td><strong>Tarifa Servi\u00e7o N\u00e3o Combust\u00edvel<\/strong> <strong>&nbsp;<\/strong><\/td><td>at\u00e9 7%<\/td><td>Taxa sobre transa\u00e7\u00f5es n\u00e3o combust\u00edvel<\/td><td>Por fatura<\/td><td>Por fatura<\/td><\/tr><tr><td><strong>Fatura em Papel<\/strong> <strong>&nbsp;<\/strong><\/td><td>2,50 \u20ac<\/td><td>Custo da Fatura em papel<\/td><td>Por fatura<\/td><td>Quando solicitado &nbsp;<\/td><\/tr><tr><td><strong>Taxa de n\u00e3o devolu\u00e7\u00e3o<\/strong><\/td><td>at\u00e9 175 \u20ac<\/td><td>Taxa por n\u00e3o devolu\u00e7\u00e3o<\/td><td>Por dispositivo<\/td><td>Quando devolvido<\/td><\/tr><tr><td><strong>Relat\u00f3rio Fuel Control &amp; Insights<\/strong><\/td><td>at\u00e9 1\u20ac<\/td><td>Custo de emiss\u00e3o do relat\u00f3rio<\/td><td>Mensal<\/td><td>Por fatura<\/td><\/tr><\/tbody><\/table><\/figure>\n\n\n<div id=\"block_0f61f225df6048d56361760880694a46\" class=\"heading-copy tone-block tone-band bg-cover bg-center bg-no-repeat  pb-8 sm:pb-10 md:pb-14 lg:pb-14 xl:pb-28 pt-0\" style=\"\">\n    <div class=\"container \">\n\n            <div class=\"block-headings flex flex-col justify-center items-center   \">\n            \n                                                <h2 as=\"h4\" class=\"block-headings__block-title text-center\">  <\/h2>\n                            \n                            <p as=\"text-lg\" class=\"text-center text-font\">  <\/p> \n            \n            \n                    <\/div>\n    \n            <div class=\"heading-copy__wrapper\">\n            <div class=\"heading-copy__copy\"> <p>A estes pre\u00e7os acresce o IVA \u00e0 taxa em vigor. Em caso de d\u00favidas ou quest\u00f5es relacionadas com os pre\u00e7os do combust\u00edvel, consulte a sua fatura semanal ou entre em contacto diretamente com o seu gestor de conta.<\/p>\n<p>Todos os nossos pre\u00e7os est\u00e3o sujeitos a impostos, direitos, taxas e encargos governamentais \u00e0 taxa em vigor e podem ser aplicados quando necess\u00e1rio.<\/p>\n<p>Radius Business Solutions (Portugal) Unipessoal Lda<\/p>\n<p>Morada da Sede : Rua Pedro Nunes, n\u00ba23 &#8211; 24, 2500-303 Caldas da Rainha<\/p>\n<p>Morada do escrit\u00f3rio em Lisboa: Ed\u00edficio Atlantis, Av. D. Jo\u00e3o II, n\u00ba44 &#8211; 3\u00bapiso &#8211; Fra\u00e7\u00e3o A. Parque das Na\u00e7\u00f5es, 1990-095 Lisboa<\/p>\n<p>NIF: 509 001 319<\/p>\n <\/div>\n        <\/div>\n    \n    <\/div>\n\n<\/div>","protected":false},"excerpt":{"rendered":"<p>Taxa Valor Descri\u00e7\u00e3o Periodicidade Fatura\u00e7\u00e3o Mensalidade at\u00e9 5 \u20ac&nbsp;&nbsp; Mensalidade do cart\u00e3o Mensal D\u00e9bito Direto Anuidade 15 \u20ac Taxa por n\u00e3o utiliza\u00e7\u00e3o Anual D\u00e9bito Direto N\u00e3o utiliza\u00e7\u00e3o 5 \u20ac Taxa por n\u00e3o utiliza\u00e7\u00e3o Mensal D\u00e9bito Direto Gest\u00e3o Administrativa 1,5 \u20ac Taxa de Gest\u00e3o administrativa Semanal Por fatura Despesa por Devolu\u00e7\u00e3o de D\u00e9bito at\u00e9 100\u00a0\u20ac Taxa &hellip; <a href=\"https:\/\/www.radiusfuelsolutions.com\/pt-pt\/taxas-atuais\/\">Continued<\/a><\/p>\n","protected":false},"author":2,"featured_media":0,"parent":0,"menu_order":71,"comment_status":"closed","ping_status":"closed","template":"","meta":{"_cloudinary_featured_overwrite":false,"footnotes":""},"class_list":["post-6400","page","type-page","status-publish","hentry"],"acf":[],"_links":{"self":[{"href":"https:\/\/www.radiusfuelsolutions.com\/pt-pt\/wp-json\/wp\/v2\/pages\/6400","targetHints":{"allow":["GET"]}}],"collection":[{"href":"https:\/\/www.radiusfuelsolutions.com\/pt-pt\/wp-json\/wp\/v2\/pages"}],"about":[{"href":"https:\/\/www.radiusfuelsolutions.com\/pt-pt\/wp-json\/wp\/v2\/types\/page"}],"author":[{"embeddable":true,"href":"https:\/\/www.radiusfuelsolutions.com\/pt-pt\/wp-json\/wp\/v2\/users\/2"}],"replies":[{"embeddable":true,"href":"https:\/\/www.radiusfuelsolutions.com\/pt-pt\/wp-json\/wp\/v2\/comments?post=6400"}],"version-history":[{"count":18,"href":"https:\/\/www.radiusfuelsolutions.com\/pt-pt\/wp-json\/wp\/v2\/pages\/6400\/revisions"}],"predecessor-version":[{"id":4679201,"href":"https:\/\/www.radiusfuelsolutions.com\/pt-pt\/wp-json\/wp\/v2\/pages\/6400\/revisions\/4679201"}],"wp:attachment":[{"href":"https:\/\/www.radiusfuelsolutions.com\/pt-pt\/wp-json\/wp\/v2\/media?parent=6400"}],"curies":[{"name":"wp","href":"https:\/\/api.w.org\/{rel}","templated":true}]}}